	{"id":6947,"date":"2023-04-11T15:25:23","date_gmt":"2023-04-11T13:25:23","guid":{"rendered":"https:\/\/afanof.eu\/?post_type=product&#038;p=6947"},"modified":"2025-05-03T18:58:51","modified_gmt":"2025-05-03T16:58:51","slug":"gaudi-trencadis","status":"publish","type":"product","link":"https:\/\/afanof.eu\/fr\/boutique\/standard\/gaudi-trencadis\/","title":{"rendered":"\u00c9ventail Gaud\u00ed Trencad\u00eds"},"content":{"rendered":"<p class=\"tw-data-text tw-text-large tw-ta\" dir=\"ltr\" data-placeholder=\"Traducci\u00f3n\">Le Trencad\u00eds est la peau qui recouvre les structures et les \u00e9l\u00e9ments architecturaux de Gaudi. Adaptable et flexible, c&rsquo;est un processus spontan\u00e9, impr\u00e9visible, abstrait et cr\u00e9atif. Cette technique nous am\u00e8ne \u00e0 le transformer dans le graphisme de notre \u00e9ventail et ainsi transmettre cet h\u00e9ritage si profond\u00e9ment enracin\u00e9 dans notre ville, Barcelone.<\/p>\n","protected":false},"excerpt":{"rendered":"<p>Le Trencad\u00eds est la peau qui recouvre les structures et les \u00e9l\u00e9ments architecturaux de Gaudi. Adaptable et flexible, c&rsquo;est un processus spontan\u00e9, impr\u00e9visible, abstrait et cr\u00e9atif. Cette technique nous am\u00e8ne \u00e0 le transformer dans le graphisme de notre \u00e9ventail et ainsi transmettre cet h\u00e9ritage si profond\u00e9ment enracin\u00e9 dans notre ville, Barcelone.<\/p>\n","protected":false},"featured_media":9218,"comment_status":"open","ping_status":"closed","template":"","meta":{"_acf_changed":false,"_joinchat":[]},"product_brand":[],"product_cat":[106,155],"product_tag":[],"class_list":{"0":"post-6947","1":"product","2":"type-product","3":"status-publish","4":"has-post-thumbnail","6":"materials-100-coton","7":"materials-bois-de-poirier","8":"materials-encres-ecologiques","9":"materials-fabrique-en-espagne","10":"materials-sans-vernis","11":"product_cat-standard","12":"product_cat-tous","14":"first","15":"instock","16":"taxable","17":"shipping-taxable","18":"purchasable","19":"product-type-simple"},"wpr_featured_image":["https:\/\/afanof.eu\/wp-content\/uploads\/2023\/04\/a-fan-of-abanico-original-eventail-barcelona-150x150.webp",150,150,true],"acf":[],"yoast_head":"<!-- This site is optimized with the Yoast SEO Premium plugin v25.3 (Yoast SEO v27.4) - https:\/\/yoast.com\/product\/yoast-seo-premium-wordpress\/ -->\n<title>\u00c9ventail Gaud\u00ed Trencad\u00eds - A FAN OF<\/title>\n<meta name=\"description\" content=\"Los abanicos A Fan Of son piezas con dise\u00f1os estampados originales, realizados de forma artesanal en Espa\u00f1a y utilizando materiales y procesos sostenibles.\" \/>\n<meta name=\"robots\" content=\"index, follow, max-snippet:-1, max-image-preview:large, max-video-preview:-1\" \/>\n<link rel=\"canonical\" href=\"https:\/\/afanof.eu\/fr\/boutique\/standard\/gaudi-trencadis\/\" \/>\n<meta property=\"og:locale\" content=\"fr_FR\" \/>\n<meta property=\"og:type\" content=\"article\" \/>\n<meta property=\"og:title\" content=\"\u00c9ventail Gaud\u00ed Trencad\u00eds\" \/>\n<meta property=\"og:description\" content=\"Los abanicos A Fan Of son piezas con dise\u00f1os estampados originales, realizados de forma artesanal en Espa\u00f1a y utilizando materiales y procesos sostenibles.\" \/>\n<meta property=\"og:url\" content=\"https:\/\/afanof.eu\/fr\/boutique\/standard\/gaudi-trencadis\/\" \/>\n<meta property=\"og:site_name\" content=\"A FAN OF\" \/>\n<meta property=\"article:modified_time\" content=\"2025-05-03T16:58:51+00:00\" \/>\n<meta property=\"og:image\" content=\"https:\/\/afanof.eu\/wp-content\/uploads\/2024\/01\/a-fan-of-eventail-abanicos-diseno-barcelona.webp\" \/>\n\t<meta property=\"og:image:width\" content=\"1000\" \/>\n\t<meta property=\"og:image:height\" content=\"1210\" \/>\n\t<meta property=\"og:image:type\" content=\"image\/webp\" \/>\n<meta name=\"twitter:card\" content=\"summary_large_image\" \/>\n<meta name=\"twitter:label1\" content=\"Dur\u00e9e de lecture estim\u00e9e\" \/>\n\t<meta name=\"twitter:data1\" content=\"1 minute\" \/>\n<script type=\"application\/ld+json\" class=\"yoast-schema-graph\">{\"@context\":\"https:\\\/\\\/schema.org\",\"@graph\":[{\"@type\":\"WebPage\",\"@id\":\"https:\\\/\\\/afanof.eu\\\/fr\\\/boutique\\\/standard\\\/gaudi-trencadis\\\/\",\"url\":\"https:\\\/\\\/afanof.eu\\\/fr\\\/boutique\\\/standard\\\/gaudi-trencadis\\\/\",\"name\":\"\u00c9ventail Gaud\u00ed Trencad\u00eds - A FAN OF\",\"isPartOf\":{\"@id\":\"https:\\\/\\\/afanof.eu\\\/fr\\\/#website\"},\"primaryImageOfPage\":{\"@id\":\"https:\\\/\\\/afanof.eu\\\/fr\\\/boutique\\\/standard\\\/gaudi-trencadis\\\/#primaryimage\"},\"image\":{\"@id\":\"https:\\\/\\\/afanof.eu\\\/fr\\\/boutique\\\/standard\\\/gaudi-trencadis\\\/#primaryimage\"},\"thumbnailUrl\":\"https:\\\/\\\/afanof.eu\\\/wp-content\\\/uploads\\\/2023\\\/04\\\/a-fan-of-abanico-original-eventail-barcelona.webp\",\"datePublished\":\"2023-04-11T13:25:23+00:00\",\"dateModified\":\"2025-05-03T16:58:51+00:00\",\"description\":\"Los abanicos A Fan Of son piezas con dise\u00f1os estampados originales, realizados de forma artesanal en Espa\u00f1a y utilizando materiales y procesos sostenibles.\",\"breadcrumb\":{\"@id\":\"https:\\\/\\\/afanof.eu\\\/fr\\\/boutique\\\/standard\\\/gaudi-trencadis\\\/#breadcrumb\"},\"inLanguage\":\"fr-FR\",\"potentialAction\":[{\"@type\":\"ReadAction\",\"target\":[\"https:\\\/\\\/afanof.eu\\\/fr\\\/boutique\\\/standard\\\/gaudi-trencadis\\\/\"]}]},{\"@type\":\"ImageObject\",\"inLanguage\":\"fr-FR\",\"@id\":\"https:\\\/\\\/afanof.eu\\\/fr\\\/boutique\\\/standard\\\/gaudi-trencadis\\\/#primaryimage\",\"url\":\"https:\\\/\\\/afanof.eu\\\/wp-content\\\/uploads\\\/2023\\\/04\\\/a-fan-of-abanico-original-eventail-barcelona.webp\",\"contentUrl\":\"https:\\\/\\\/afanof.eu\\\/wp-content\\\/uploads\\\/2023\\\/04\\\/a-fan-of-abanico-original-eventail-barcelona.webp\",\"width\":1000,\"height\":1210},{\"@type\":\"BreadcrumbList\",\"@id\":\"https:\\\/\\\/afanof.eu\\\/fr\\\/boutique\\\/standard\\\/gaudi-trencadis\\\/#breadcrumb\",\"itemListElement\":[{\"@type\":\"ListItem\",\"position\":1,\"name\":\"Boutique\",\"item\":\"https:\\\/\\\/afanof.eu\\\/fr\\\/boutique\\\/\"},{\"@type\":\"ListItem\",\"position\":2,\"name\":\"\u00c9ventail Gaud\u00ed Trencad\u00eds\"}]},{\"@type\":\"WebSite\",\"@id\":\"https:\\\/\\\/afanof.eu\\\/fr\\\/#website\",\"url\":\"https:\\\/\\\/afanof.eu\\\/fr\\\/\",\"name\":\"A FAN OF\",\"description\":\"\",\"publisher\":{\"@id\":\"https:\\\/\\\/afanof.eu\\\/fr\\\/#organization\"},\"potentialAction\":[{\"@type\":\"SearchAction\",\"target\":{\"@type\":\"EntryPoint\",\"urlTemplate\":\"https:\\\/\\\/afanof.eu\\\/fr\\\/?s={search_term_string}\"},\"query-input\":{\"@type\":\"PropertyValueSpecification\",\"valueRequired\":true,\"valueName\":\"search_term_string\"}}],\"inLanguage\":\"fr-FR\"},{\"@type\":\"Organization\",\"@id\":\"https:\\\/\\\/afanof.eu\\\/fr\\\/#organization\",\"name\":\"A Fan Of\",\"url\":\"https:\\\/\\\/afanof.eu\\\/fr\\\/\",\"logo\":{\"@type\":\"ImageObject\",\"inLanguage\":\"fr-FR\",\"@id\":\"https:\\\/\\\/afanof.eu\\\/fr\\\/#\\\/schema\\\/logo\\\/image\\\/\",\"url\":\"\",\"contentUrl\":\"\",\"caption\":\"A Fan Of\"},\"image\":{\"@id\":\"https:\\\/\\\/afanof.eu\\\/fr\\\/#\\\/schema\\\/logo\\\/image\\\/\"}}]}<\/script>\n<!-- \/ Yoast SEO Premium plugin. -->","yoast_head_json":{"title":"\u00c9ventail Gaud\u00ed Trencad\u00eds - A FAN OF","description":"Los abanicos A Fan Of son piezas con dise\u00f1os estampados originales, realizados de forma artesanal en Espa\u00f1a y utilizando materiales y procesos sostenibles.","robots":{"index":"index","follow":"follow","max-snippet":"max-snippet:-1","max-image-preview":"max-image-preview:large","max-video-preview":"max-video-preview:-1"},"canonical":"https:\/\/afanof.eu\/fr\/boutique\/standard\/gaudi-trencadis\/","og_locale":"fr_FR","og_type":"article","og_title":"\u00c9ventail Gaud\u00ed Trencad\u00eds","og_description":"Los abanicos A Fan Of son piezas con dise\u00f1os estampados originales, realizados de forma artesanal en Espa\u00f1a y utilizando materiales y procesos sostenibles.","og_url":"https:\/\/afanof.eu\/fr\/boutique\/standard\/gaudi-trencadis\/","og_site_name":"A FAN OF","article_modified_time":"2025-05-03T16:58:51+00:00","og_image":[{"width":1000,"height":1210,"url":"https:\/\/afanof.eu\/wp-content\/uploads\/2024\/01\/a-fan-of-eventail-abanicos-diseno-barcelona.webp","type":"image\/webp"}],"twitter_card":"summary_large_image","twitter_misc":{"Dur\u00e9e de lecture estim\u00e9e":"1 minute"},"schema":{"@context":"https:\/\/schema.org","@graph":[{"@type":"WebPage","@id":"https:\/\/afanof.eu\/fr\/boutique\/standard\/gaudi-trencadis\/","url":"https:\/\/afanof.eu\/fr\/boutique\/standard\/gaudi-trencadis\/","name":"\u00c9ventail Gaud\u00ed Trencad\u00eds - A FAN OF","isPartOf":{"@id":"https:\/\/afanof.eu\/fr\/#website"},"primaryImageOfPage":{"@id":"https:\/\/afanof.eu\/fr\/boutique\/standard\/gaudi-trencadis\/#primaryimage"},"image":{"@id":"https:\/\/afanof.eu\/fr\/boutique\/standard\/gaudi-trencadis\/#primaryimage"},"thumbnailUrl":"https:\/\/afanof.eu\/wp-content\/uploads\/2023\/04\/a-fan-of-abanico-original-eventail-barcelona.webp","datePublished":"2023-04-11T13:25:23+00:00","dateModified":"2025-05-03T16:58:51+00:00","description":"Los abanicos A Fan Of son piezas con dise\u00f1os estampados originales, realizados de forma artesanal en Espa\u00f1a y utilizando materiales y procesos sostenibles.","breadcrumb":{"@id":"https:\/\/afanof.eu\/fr\/boutique\/standard\/gaudi-trencadis\/#breadcrumb"},"inLanguage":"fr-FR","potentialAction":[{"@type":"ReadAction","target":["https:\/\/afanof.eu\/fr\/boutique\/standard\/gaudi-trencadis\/"]}]},{"@type":"ImageObject","inLanguage":"fr-FR","@id":"https:\/\/afanof.eu\/fr\/boutique\/standard\/gaudi-trencadis\/#primaryimage","url":"https:\/\/afanof.eu\/wp-content\/uploads\/2023\/04\/a-fan-of-abanico-original-eventail-barcelona.webp","contentUrl":"https:\/\/afanof.eu\/wp-content\/uploads\/2023\/04\/a-fan-of-abanico-original-eventail-barcelona.webp","width":1000,"height":1210},{"@type":"BreadcrumbList","@id":"https:\/\/afanof.eu\/fr\/boutique\/standard\/gaudi-trencadis\/#breadcrumb","itemListElement":[{"@type":"ListItem","position":1,"name":"Boutique","item":"https:\/\/afanof.eu\/fr\/boutique\/"},{"@type":"ListItem","position":2,"name":"\u00c9ventail Gaud\u00ed Trencad\u00eds"}]},{"@type":"WebSite","@id":"https:\/\/afanof.eu\/fr\/#website","url":"https:\/\/afanof.eu\/fr\/","name":"A FAN OF","description":"","publisher":{"@id":"https:\/\/afanof.eu\/fr\/#organization"},"potentialAction":[{"@type":"SearchAction","target":{"@type":"EntryPoint","urlTemplate":"https:\/\/afanof.eu\/fr\/?s={search_term_string}"},"query-input":{"@type":"PropertyValueSpecification","valueRequired":true,"valueName":"search_term_string"}}],"inLanguage":"fr-FR"},{"@type":"Organization","@id":"https:\/\/afanof.eu\/fr\/#organization","name":"A Fan Of","url":"https:\/\/afanof.eu\/fr\/","logo":{"@type":"ImageObject","inLanguage":"fr-FR","@id":"https:\/\/afanof.eu\/fr\/#\/schema\/logo\/image\/","url":"","contentUrl":"","caption":"A Fan Of"},"image":{"@id":"https:\/\/afanof.eu\/fr\/#\/schema\/logo\/image\/"}}]}},"_links":{"self":[{"href":"https:\/\/afanof.eu\/fr\/wp-json\/wp\/v2\/product\/6947","targetHints":{"allow":["GET"]}}],"collection":[{"href":"https:\/\/afanof.eu\/fr\/wp-json\/wp\/v2\/product"}],"about":[{"href":"https:\/\/afanof.eu\/fr\/wp-json\/wp\/v2\/types\/product"}],"replies":[{"embeddable":true,"href":"https:\/\/afanof.eu\/fr\/wp-json\/wp\/v2\/comments?post=6947"}],"wp:featuredmedia":[{"embeddable":true,"href":"https:\/\/afanof.eu\/fr\/wp-json\/wp\/v2\/media\/9218"}],"wp:attachment":[{"href":"https:\/\/afanof.eu\/fr\/wp-json\/wp\/v2\/media?parent=6947"}],"wp:term":[{"taxonomy":"product_brand","embeddable":true,"href":"https:\/\/afanof.eu\/fr\/wp-json\/wp\/v2\/product_brand?post=6947"},{"taxonomy":"product_cat","embeddable":true,"href":"https:\/\/afanof.eu\/fr\/wp-json\/wp\/v2\/product_cat?post=6947"},{"taxonomy":"product_tag","embeddable":true,"href":"https:\/\/afanof.eu\/fr\/wp-json\/wp\/v2\/product_tag?post=6947"}],"curies":[{"name":"wp","href":"https:\/\/api.w.org\/{rel}","templated":true}]}}