	{"id":4141,"date":"2022-04-05T08:02:58","date_gmt":"2022-04-05T06:02:58","guid":{"rendered":"https:\/\/afanof.eu\/producto\/asis-percales\/"},"modified":"2024-01-03T22:33:59","modified_gmt":"2024-01-03T21:33:59","slug":"asis-percales","status":"publish","type":"product","link":"https:\/\/afanof.eu\/fr\/boutique\/standard\/asis-percales\/","title":{"rendered":"Asis Percales"},"content":{"rendered":"<p id=\"tw-target-text\" class=\"tw-data-text tw-text-large tw-ta\" dir=\"ltr\" data-placeholder=\"Traducci\u00f3n\"><span class=\"Y2IQFc\" lang=\"fr\">La force picturale et visuelle d&rsquo;Asis Percales prend l&rsquo;\u00e9ventail comme toile pour m\u00ealer l&rsquo;esth\u00e9tique des tatouages, des cr\u00e9atures sauvages et de la culture populaire. Un art frais, color\u00e9 et po\u00e9tique. <\/span><\/p>\n<p class=\"tw-data-text tw-text-large tw-ta\" dir=\"ltr\" data-placeholder=\"Traducci\u00f3n\"><span class=\"Y2IQFc\" lang=\"fr\">Nous aimons collaborer avec diff\u00e9rents cr\u00e9atifs qui rendent notre marque plus large, plus expressive et plus vivante. Nous sommes leurs fans et ensemble nous grandissons avec le bon travail de tous. <\/span><\/p>\n","protected":false},"excerpt":{"rendered":"<p>La force picturale et visuelle d&rsquo;Asis Percales prend l&rsquo;\u00e9ventail comme toile pour m\u00ealer l&rsquo;esth\u00e9tique des tatouages, des cr\u00e9atures sauvages et de la culture populaire. Un art frais, color\u00e9 et po\u00e9tique. Nous aimons collaborer avec diff\u00e9rents cr\u00e9atifs qui rendent notre marque plus large, plus expressive et plus vivante. Nous sommes leurs fans et ensemble nous grandissons [&hellip;]<\/p>\n","protected":false},"featured_media":9251,"comment_status":"open","ping_status":"closed","template":"","meta":{"_acf_changed":false,"_joinchat":[]},"product_brand":[],"product_cat":[106,155],"product_tag":[],"class_list":{"0":"post-4141","1":"product","2":"type-product","3":"status-publish","4":"has-post-thumbnail","6":"materials-100-coton","7":"materials-bois-de-poirier","8":"materials-encres-ecologiques","9":"materials-fabrique-en-espagne","10":"materials-sans-vernis","11":"product_cat-standard","12":"product_cat-tous","14":"first","15":"outofstock","16":"taxable","17":"shipping-taxable","18":"purchasable","19":"product-type-simple"},"wpr_featured_image":["https:\/\/afanof.eu\/wp-content\/uploads\/2023\/04\/a-fan-of-abanico-de-madera-eventail-150x150.webp",150,150,true],"acf":[],"yoast_head":"<!-- This site is optimized with the Yoast SEO Premium plugin v25.3 (Yoast SEO v27.3) - https:\/\/yoast.com\/product\/yoast-seo-premium-wordpress\/ -->\n<title>Asis Percales - A FAN OF<\/title>\n<meta name=\"description\" content=\"Los abanicos A Fan Of son piezas con dise\u00f1os estampados originales, realizados de forma artesanal en Espa\u00f1a y utilizando materiales y procesos sostenibles.\" \/>\n<meta name=\"robots\" content=\"index, follow, max-snippet:-1, max-image-preview:large, max-video-preview:-1\" \/>\n<link rel=\"canonical\" href=\"https:\/\/afanof.eu\/fr\/boutique\/standard\/asis-percales\/\" \/>\n<meta property=\"og:locale\" content=\"fr_FR\" \/>\n<meta property=\"og:type\" content=\"article\" \/>\n<meta property=\"og:title\" content=\"Asis Percales\" \/>\n<meta property=\"og:description\" content=\"Los abanicos A Fan Of son piezas con dise\u00f1os estampados originales, realizados de forma artesanal en Espa\u00f1a y utilizando materiales y procesos sostenibles.\" \/>\n<meta property=\"og:url\" content=\"https:\/\/afanof.eu\/fr\/boutique\/standard\/asis-percales\/\" \/>\n<meta property=\"og:site_name\" content=\"A FAN OF\" \/>\n<meta property=\"article:modified_time\" content=\"2024-01-03T21:33:59+00:00\" \/>\n<meta property=\"og:image\" content=\"https:\/\/afanof.eu\/wp-content\/uploads\/2023\/04\/a-fan-of-abanico-de-madera-eventail.webp\" \/>\n\t<meta property=\"og:image:width\" content=\"1000\" \/>\n\t<meta property=\"og:image:height\" content=\"1210\" \/>\n\t<meta property=\"og:image:type\" content=\"image\/webp\" \/>\n<meta name=\"twitter:card\" content=\"summary_large_image\" \/>\n<meta name=\"twitter:label1\" content=\"Dur\u00e9e de lecture estim\u00e9e\" \/>\n\t<meta name=\"twitter:data1\" content=\"1 minute\" \/>\n<script type=\"application\/ld+json\" class=\"yoast-schema-graph\">{\"@context\":\"https:\\\/\\\/schema.org\",\"@graph\":[{\"@type\":\"WebPage\",\"@id\":\"https:\\\/\\\/afanof.eu\\\/fr\\\/boutique\\\/standard\\\/asis-percales\\\/\",\"url\":\"https:\\\/\\\/afanof.eu\\\/fr\\\/boutique\\\/standard\\\/asis-percales\\\/\",\"name\":\"Asis Percales - A FAN OF\",\"isPartOf\":{\"@id\":\"https:\\\/\\\/afanof.eu\\\/fr\\\/#website\"},\"primaryImageOfPage\":{\"@id\":\"https:\\\/\\\/afanof.eu\\\/fr\\\/boutique\\\/standard\\\/asis-percales\\\/#primaryimage\"},\"image\":{\"@id\":\"https:\\\/\\\/afanof.eu\\\/fr\\\/boutique\\\/standard\\\/asis-percales\\\/#primaryimage\"},\"thumbnailUrl\":\"https:\\\/\\\/afanof.eu\\\/wp-content\\\/uploads\\\/2023\\\/04\\\/a-fan-of-abanico-de-madera-eventail.webp\",\"datePublished\":\"2022-04-05T06:02:58+00:00\",\"dateModified\":\"2024-01-03T21:33:59+00:00\",\"description\":\"Los abanicos A Fan Of son piezas con dise\u00f1os estampados originales, realizados de forma artesanal en Espa\u00f1a y utilizando materiales y procesos sostenibles.\",\"breadcrumb\":{\"@id\":\"https:\\\/\\\/afanof.eu\\\/fr\\\/boutique\\\/standard\\\/asis-percales\\\/#breadcrumb\"},\"inLanguage\":\"fr-FR\",\"potentialAction\":[{\"@type\":\"ReadAction\",\"target\":[\"https:\\\/\\\/afanof.eu\\\/fr\\\/boutique\\\/standard\\\/asis-percales\\\/\"]}]},{\"@type\":\"ImageObject\",\"inLanguage\":\"fr-FR\",\"@id\":\"https:\\\/\\\/afanof.eu\\\/fr\\\/boutique\\\/standard\\\/asis-percales\\\/#primaryimage\",\"url\":\"https:\\\/\\\/afanof.eu\\\/wp-content\\\/uploads\\\/2023\\\/04\\\/a-fan-of-abanico-de-madera-eventail.webp\",\"contentUrl\":\"https:\\\/\\\/afanof.eu\\\/wp-content\\\/uploads\\\/2023\\\/04\\\/a-fan-of-abanico-de-madera-eventail.webp\",\"width\":1000,\"height\":1210},{\"@type\":\"BreadcrumbList\",\"@id\":\"https:\\\/\\\/afanof.eu\\\/fr\\\/boutique\\\/standard\\\/asis-percales\\\/#breadcrumb\",\"itemListElement\":[{\"@type\":\"ListItem\",\"position\":1,\"name\":\"Boutique\",\"item\":\"https:\\\/\\\/afanof.eu\\\/fr\\\/boutique\\\/\"},{\"@type\":\"ListItem\",\"position\":2,\"name\":\"Asis Percales\"}]},{\"@type\":\"WebSite\",\"@id\":\"https:\\\/\\\/afanof.eu\\\/fr\\\/#website\",\"url\":\"https:\\\/\\\/afanof.eu\\\/fr\\\/\",\"name\":\"A FAN OF\",\"description\":\"\",\"publisher\":{\"@id\":\"https:\\\/\\\/afanof.eu\\\/fr\\\/#organization\"},\"potentialAction\":[{\"@type\":\"SearchAction\",\"target\":{\"@type\":\"EntryPoint\",\"urlTemplate\":\"https:\\\/\\\/afanof.eu\\\/fr\\\/?s={search_term_string}\"},\"query-input\":{\"@type\":\"PropertyValueSpecification\",\"valueRequired\":true,\"valueName\":\"search_term_string\"}}],\"inLanguage\":\"fr-FR\"},{\"@type\":\"Organization\",\"@id\":\"https:\\\/\\\/afanof.eu\\\/fr\\\/#organization\",\"name\":\"A Fan Of\",\"url\":\"https:\\\/\\\/afanof.eu\\\/fr\\\/\",\"logo\":{\"@type\":\"ImageObject\",\"inLanguage\":\"fr-FR\",\"@id\":\"https:\\\/\\\/afanof.eu\\\/fr\\\/#\\\/schema\\\/logo\\\/image\\\/\",\"url\":\"\",\"contentUrl\":\"\",\"caption\":\"A Fan Of\"},\"image\":{\"@id\":\"https:\\\/\\\/afanof.eu\\\/fr\\\/#\\\/schema\\\/logo\\\/image\\\/\"}}]}<\/script>\n<!-- \/ Yoast SEO Premium plugin. -->","yoast_head_json":{"title":"Asis Percales - A FAN OF","description":"Los abanicos A Fan Of son piezas con dise\u00f1os estampados originales, realizados de forma artesanal en Espa\u00f1a y utilizando materiales y procesos sostenibles.","robots":{"index":"index","follow":"follow","max-snippet":"max-snippet:-1","max-image-preview":"max-image-preview:large","max-video-preview":"max-video-preview:-1"},"canonical":"https:\/\/afanof.eu\/fr\/boutique\/standard\/asis-percales\/","og_locale":"fr_FR","og_type":"article","og_title":"Asis Percales","og_description":"Los abanicos A Fan Of son piezas con dise\u00f1os estampados originales, realizados de forma artesanal en Espa\u00f1a y utilizando materiales y procesos sostenibles.","og_url":"https:\/\/afanof.eu\/fr\/boutique\/standard\/asis-percales\/","og_site_name":"A FAN OF","article_modified_time":"2024-01-03T21:33:59+00:00","og_image":[{"width":1000,"height":1210,"url":"https:\/\/afanof.eu\/wp-content\/uploads\/2023\/04\/a-fan-of-abanico-de-madera-eventail.webp","type":"image\/webp"}],"twitter_card":"summary_large_image","twitter_misc":{"Dur\u00e9e de lecture estim\u00e9e":"1 minute"},"schema":{"@context":"https:\/\/schema.org","@graph":[{"@type":"WebPage","@id":"https:\/\/afanof.eu\/fr\/boutique\/standard\/asis-percales\/","url":"https:\/\/afanof.eu\/fr\/boutique\/standard\/asis-percales\/","name":"Asis Percales - A FAN OF","isPartOf":{"@id":"https:\/\/afanof.eu\/fr\/#website"},"primaryImageOfPage":{"@id":"https:\/\/afanof.eu\/fr\/boutique\/standard\/asis-percales\/#primaryimage"},"image":{"@id":"https:\/\/afanof.eu\/fr\/boutique\/standard\/asis-percales\/#primaryimage"},"thumbnailUrl":"https:\/\/afanof.eu\/wp-content\/uploads\/2023\/04\/a-fan-of-abanico-de-madera-eventail.webp","datePublished":"2022-04-05T06:02:58+00:00","dateModified":"2024-01-03T21:33:59+00:00","description":"Los abanicos A Fan Of son piezas con dise\u00f1os estampados originales, realizados de forma artesanal en Espa\u00f1a y utilizando materiales y procesos sostenibles.","breadcrumb":{"@id":"https:\/\/afanof.eu\/fr\/boutique\/standard\/asis-percales\/#breadcrumb"},"inLanguage":"fr-FR","potentialAction":[{"@type":"ReadAction","target":["https:\/\/afanof.eu\/fr\/boutique\/standard\/asis-percales\/"]}]},{"@type":"ImageObject","inLanguage":"fr-FR","@id":"https:\/\/afanof.eu\/fr\/boutique\/standard\/asis-percales\/#primaryimage","url":"https:\/\/afanof.eu\/wp-content\/uploads\/2023\/04\/a-fan-of-abanico-de-madera-eventail.webp","contentUrl":"https:\/\/afanof.eu\/wp-content\/uploads\/2023\/04\/a-fan-of-abanico-de-madera-eventail.webp","width":1000,"height":1210},{"@type":"BreadcrumbList","@id":"https:\/\/afanof.eu\/fr\/boutique\/standard\/asis-percales\/#breadcrumb","itemListElement":[{"@type":"ListItem","position":1,"name":"Boutique","item":"https:\/\/afanof.eu\/fr\/boutique\/"},{"@type":"ListItem","position":2,"name":"Asis Percales"}]},{"@type":"WebSite","@id":"https:\/\/afanof.eu\/fr\/#website","url":"https:\/\/afanof.eu\/fr\/","name":"A FAN OF","description":"","publisher":{"@id":"https:\/\/afanof.eu\/fr\/#organization"},"potentialAction":[{"@type":"SearchAction","target":{"@type":"EntryPoint","urlTemplate":"https:\/\/afanof.eu\/fr\/?s={search_term_string}"},"query-input":{"@type":"PropertyValueSpecification","valueRequired":true,"valueName":"search_term_string"}}],"inLanguage":"fr-FR"},{"@type":"Organization","@id":"https:\/\/afanof.eu\/fr\/#organization","name":"A Fan Of","url":"https:\/\/afanof.eu\/fr\/","logo":{"@type":"ImageObject","inLanguage":"fr-FR","@id":"https:\/\/afanof.eu\/fr\/#\/schema\/logo\/image\/","url":"","contentUrl":"","caption":"A Fan Of"},"image":{"@id":"https:\/\/afanof.eu\/fr\/#\/schema\/logo\/image\/"}}]}},"_links":{"self":[{"href":"https:\/\/afanof.eu\/fr\/wp-json\/wp\/v2\/product\/4141","targetHints":{"allow":["GET"]}}],"collection":[{"href":"https:\/\/afanof.eu\/fr\/wp-json\/wp\/v2\/product"}],"about":[{"href":"https:\/\/afanof.eu\/fr\/wp-json\/wp\/v2\/types\/product"}],"replies":[{"embeddable":true,"href":"https:\/\/afanof.eu\/fr\/wp-json\/wp\/v2\/comments?post=4141"}],"wp:featuredmedia":[{"embeddable":true,"href":"https:\/\/afanof.eu\/fr\/wp-json\/wp\/v2\/media\/9251"}],"wp:attachment":[{"href":"https:\/\/afanof.eu\/fr\/wp-json\/wp\/v2\/media?parent=4141"}],"wp:term":[{"taxonomy":"product_brand","embeddable":true,"href":"https:\/\/afanof.eu\/fr\/wp-json\/wp\/v2\/product_brand?post=4141"},{"taxonomy":"product_cat","embeddable":true,"href":"https:\/\/afanof.eu\/fr\/wp-json\/wp\/v2\/product_cat?post=4141"},{"taxonomy":"product_tag","embeddable":true,"href":"https:\/\/afanof.eu\/fr\/wp-json\/wp\/v2\/product_tag?post=4141"}],"curies":[{"name":"wp","href":"https:\/\/api.w.org\/{rel}","templated":true}]}}