	{"id":4135,"date":"2022-04-05T13:23:44","date_gmt":"2022-04-05T11:23:44","guid":{"rendered":"https:\/\/afanof.eu\/producto\/mini-creative-minds\/"},"modified":"2025-06-30T13:37:29","modified_gmt":"2025-06-30T11:37:29","slug":"magic-mimosa-mini","status":"publish","type":"product","link":"https:\/\/afanof.eu\/fr\/boutique\/mini\/magic-mimosa-mini\/","title":{"rendered":"\u00c9ventail Magic Mimosa"},"content":{"rendered":"<p>Ses fleurs sont des rayons lumineux du soleil, r\u00e9chauffant les moments hivernaux o\u00f9 le froid est encore intense. Cette fleur repr\u00e9sente l\u2019amiti\u00e9, la bravoure et le courage, qualit\u00e9s inn\u00e9es des femmes et la magie de leur transmission.<\/p>\n<p>\u00c9ventail mini: une taille d&rsquo;\u00e9ventail plus petite que vous pouvez porter suspendue.<br \/>\nCombinez-le avec le collier que vous aimez le plus pour chaque occasion.<\/p>\n","protected":false},"excerpt":{"rendered":"<p>Ses fleurs sont des rayons lumineux du soleil, r\u00e9chauffant les moments hivernaux o\u00f9 le froid est encore intense. Cette fleur repr\u00e9sente l\u2019amiti\u00e9, la bravoure et le courage, qualit\u00e9s inn\u00e9es des femmes et la magie de leur transmission. \u00c9ventail mini: une taille d&rsquo;\u00e9ventail plus petite que vous pouvez porter suspendue. Combinez-le avec le collier que vous [&hellip;]<\/p>\n","protected":false},"featured_media":10171,"comment_status":"open","ping_status":"closed","template":"","meta":{"_acf_changed":false,"_joinchat":[]},"product_brand":[],"product_cat":[123,155],"product_tag":[],"class_list":{"0":"post-4135","1":"product","2":"type-product","3":"status-publish","4":"has-post-thumbnail","6":"materials-100-coton","7":"materials-bois-de-poirier","8":"materials-encres-ecologiques","9":"materials-fabrique-en-espagne","10":"materials-sans-vernis","11":"product_cat-mini","12":"product_cat-tous","14":"first","15":"outofstock","16":"sale","17":"taxable","18":"shipping-taxable","19":"purchasable","20":"product-type-simple"},"wpr_featured_image":["https:\/\/afanof.eu\/wp-content\/uploads\/2021\/04\/abanicos-a-fan-of-collar-mini-artesanal-150x150.webp",150,150,true],"acf":[],"yoast_head":"<!-- This site is optimized with the Yoast SEO Premium plugin v25.3 (Yoast SEO v27.5) - https:\/\/yoast.com\/product\/yoast-seo-premium-wordpress\/ -->\n<title>\u00c9ventail Magic Mimosa - A FAN OF<\/title>\n<meta name=\"description\" content=\"Los abanicos A Fan Of son piezas con dise\u00f1os estampados originales, realizados de forma artesanal en Espa\u00f1a y utilizando materiales y procesos sostenibles.\" \/>\n<meta name=\"robots\" content=\"index, follow, max-snippet:-1, max-image-preview:large, max-video-preview:-1\" \/>\n<link rel=\"canonical\" href=\"https:\/\/afanof.eu\/fr\/boutique\/mini\/magic-mimosa-mini\/\" \/>\n<meta property=\"og:locale\" content=\"fr_FR\" \/>\n<meta property=\"og:type\" content=\"article\" \/>\n<meta property=\"og:title\" content=\"\u00c9ventail Magic Mimosa\" \/>\n<meta property=\"og:description\" content=\"Los abanicos A Fan Of son piezas con dise\u00f1os estampados originales, realizados de forma artesanal en Espa\u00f1a y utilizando materiales y procesos sostenibles.\" \/>\n<meta property=\"og:url\" content=\"https:\/\/afanof.eu\/fr\/boutique\/mini\/magic-mimosa-mini\/\" \/>\n<meta property=\"og:site_name\" content=\"A FAN OF\" \/>\n<meta property=\"article:modified_time\" content=\"2025-06-30T11:37:29+00:00\" \/>\n<meta property=\"og:image\" content=\"https:\/\/afanof.eu\/wp-content\/uploads\/2021\/04\/abanicos-a-fan-of-collar-mini-artesanal.webp\" \/>\n\t<meta property=\"og:image:width\" content=\"1000\" \/>\n\t<meta property=\"og:image:height\" content=\"1210\" \/>\n\t<meta property=\"og:image:type\" content=\"image\/webp\" \/>\n<meta name=\"twitter:card\" content=\"summary_large_image\" \/>\n<meta name=\"twitter:label1\" content=\"Dur\u00e9e de lecture estim\u00e9e\" \/>\n\t<meta name=\"twitter:data1\" content=\"1 minute\" \/>\n<script type=\"application\/ld+json\" class=\"yoast-schema-graph\">{\"@context\":\"https:\\\/\\\/schema.org\",\"@graph\":[{\"@type\":\"WebPage\",\"@id\":\"https:\\\/\\\/afanof.eu\\\/fr\\\/boutique\\\/mini\\\/magic-mimosa-mini\\\/\",\"url\":\"https:\\\/\\\/afanof.eu\\\/fr\\\/boutique\\\/mini\\\/magic-mimosa-mini\\\/\",\"name\":\"\u00c9ventail Magic Mimosa - A FAN OF\",\"isPartOf\":{\"@id\":\"https:\\\/\\\/afanof.eu\\\/fr\\\/#website\"},\"primaryImageOfPage\":{\"@id\":\"https:\\\/\\\/afanof.eu\\\/fr\\\/boutique\\\/mini\\\/magic-mimosa-mini\\\/#primaryimage\"},\"image\":{\"@id\":\"https:\\\/\\\/afanof.eu\\\/fr\\\/boutique\\\/mini\\\/magic-mimosa-mini\\\/#primaryimage\"},\"thumbnailUrl\":\"https:\\\/\\\/afanof.eu\\\/wp-content\\\/uploads\\\/2021\\\/04\\\/abanicos-a-fan-of-collar-mini-artesanal.webp\",\"datePublished\":\"2022-04-05T11:23:44+00:00\",\"dateModified\":\"2025-06-30T11:37:29+00:00\",\"description\":\"Los abanicos A Fan Of son piezas con dise\u00f1os estampados originales, realizados de forma artesanal en Espa\u00f1a y utilizando materiales y procesos sostenibles.\",\"breadcrumb\":{\"@id\":\"https:\\\/\\\/afanof.eu\\\/fr\\\/boutique\\\/mini\\\/magic-mimosa-mini\\\/#breadcrumb\"},\"inLanguage\":\"fr-FR\",\"potentialAction\":[{\"@type\":\"ReadAction\",\"target\":[\"https:\\\/\\\/afanof.eu\\\/fr\\\/boutique\\\/mini\\\/magic-mimosa-mini\\\/\"]}]},{\"@type\":\"ImageObject\",\"inLanguage\":\"fr-FR\",\"@id\":\"https:\\\/\\\/afanof.eu\\\/fr\\\/boutique\\\/mini\\\/magic-mimosa-mini\\\/#primaryimage\",\"url\":\"https:\\\/\\\/afanof.eu\\\/wp-content\\\/uploads\\\/2021\\\/04\\\/abanicos-a-fan-of-collar-mini-artesanal.webp\",\"contentUrl\":\"https:\\\/\\\/afanof.eu\\\/wp-content\\\/uploads\\\/2021\\\/04\\\/abanicos-a-fan-of-collar-mini-artesanal.webp\",\"width\":1000,\"height\":1210},{\"@type\":\"BreadcrumbList\",\"@id\":\"https:\\\/\\\/afanof.eu\\\/fr\\\/boutique\\\/mini\\\/magic-mimosa-mini\\\/#breadcrumb\",\"itemListElement\":[{\"@type\":\"ListItem\",\"position\":1,\"name\":\"Boutique\",\"item\":\"https:\\\/\\\/afanof.eu\\\/fr\\\/boutique\\\/\"},{\"@type\":\"ListItem\",\"position\":2,\"name\":\"\u00c9ventail Magic Mimosa\"}]},{\"@type\":\"WebSite\",\"@id\":\"https:\\\/\\\/afanof.eu\\\/fr\\\/#website\",\"url\":\"https:\\\/\\\/afanof.eu\\\/fr\\\/\",\"name\":\"A FAN OF\",\"description\":\"\",\"publisher\":{\"@id\":\"https:\\\/\\\/afanof.eu\\\/fr\\\/#organization\"},\"potentialAction\":[{\"@type\":\"SearchAction\",\"target\":{\"@type\":\"EntryPoint\",\"urlTemplate\":\"https:\\\/\\\/afanof.eu\\\/fr\\\/?s={search_term_string}\"},\"query-input\":{\"@type\":\"PropertyValueSpecification\",\"valueRequired\":true,\"valueName\":\"search_term_string\"}}],\"inLanguage\":\"fr-FR\"},{\"@type\":\"Organization\",\"@id\":\"https:\\\/\\\/afanof.eu\\\/fr\\\/#organization\",\"name\":\"A Fan Of\",\"url\":\"https:\\\/\\\/afanof.eu\\\/fr\\\/\",\"logo\":{\"@type\":\"ImageObject\",\"inLanguage\":\"fr-FR\",\"@id\":\"https:\\\/\\\/afanof.eu\\\/fr\\\/#\\\/schema\\\/logo\\\/image\\\/\",\"url\":\"\",\"contentUrl\":\"\",\"caption\":\"A Fan Of\"},\"image\":{\"@id\":\"https:\\\/\\\/afanof.eu\\\/fr\\\/#\\\/schema\\\/logo\\\/image\\\/\"}}]}<\/script>\n<!-- \/ Yoast SEO Premium plugin. -->","yoast_head_json":{"title":"\u00c9ventail Magic Mimosa - A FAN OF","description":"Los abanicos A Fan Of son piezas con dise\u00f1os estampados originales, realizados de forma artesanal en Espa\u00f1a y utilizando materiales y procesos sostenibles.","robots":{"index":"index","follow":"follow","max-snippet":"max-snippet:-1","max-image-preview":"max-image-preview:large","max-video-preview":"max-video-preview:-1"},"canonical":"https:\/\/afanof.eu\/fr\/boutique\/mini\/magic-mimosa-mini\/","og_locale":"fr_FR","og_type":"article","og_title":"\u00c9ventail Magic Mimosa","og_description":"Los abanicos A Fan Of son piezas con dise\u00f1os estampados originales, realizados de forma artesanal en Espa\u00f1a y utilizando materiales y procesos sostenibles.","og_url":"https:\/\/afanof.eu\/fr\/boutique\/mini\/magic-mimosa-mini\/","og_site_name":"A FAN OF","article_modified_time":"2025-06-30T11:37:29+00:00","og_image":[{"width":1000,"height":1210,"url":"https:\/\/afanof.eu\/wp-content\/uploads\/2021\/04\/abanicos-a-fan-of-collar-mini-artesanal.webp","type":"image\/webp"}],"twitter_card":"summary_large_image","twitter_misc":{"Dur\u00e9e de lecture estim\u00e9e":"1 minute"},"schema":{"@context":"https:\/\/schema.org","@graph":[{"@type":"WebPage","@id":"https:\/\/afanof.eu\/fr\/boutique\/mini\/magic-mimosa-mini\/","url":"https:\/\/afanof.eu\/fr\/boutique\/mini\/magic-mimosa-mini\/","name":"\u00c9ventail Magic Mimosa - A FAN OF","isPartOf":{"@id":"https:\/\/afanof.eu\/fr\/#website"},"primaryImageOfPage":{"@id":"https:\/\/afanof.eu\/fr\/boutique\/mini\/magic-mimosa-mini\/#primaryimage"},"image":{"@id":"https:\/\/afanof.eu\/fr\/boutique\/mini\/magic-mimosa-mini\/#primaryimage"},"thumbnailUrl":"https:\/\/afanof.eu\/wp-content\/uploads\/2021\/04\/abanicos-a-fan-of-collar-mini-artesanal.webp","datePublished":"2022-04-05T11:23:44+00:00","dateModified":"2025-06-30T11:37:29+00:00","description":"Los abanicos A Fan Of son piezas con dise\u00f1os estampados originales, realizados de forma artesanal en Espa\u00f1a y utilizando materiales y procesos sostenibles.","breadcrumb":{"@id":"https:\/\/afanof.eu\/fr\/boutique\/mini\/magic-mimosa-mini\/#breadcrumb"},"inLanguage":"fr-FR","potentialAction":[{"@type":"ReadAction","target":["https:\/\/afanof.eu\/fr\/boutique\/mini\/magic-mimosa-mini\/"]}]},{"@type":"ImageObject","inLanguage":"fr-FR","@id":"https:\/\/afanof.eu\/fr\/boutique\/mini\/magic-mimosa-mini\/#primaryimage","url":"https:\/\/afanof.eu\/wp-content\/uploads\/2021\/04\/abanicos-a-fan-of-collar-mini-artesanal.webp","contentUrl":"https:\/\/afanof.eu\/wp-content\/uploads\/2021\/04\/abanicos-a-fan-of-collar-mini-artesanal.webp","width":1000,"height":1210},{"@type":"BreadcrumbList","@id":"https:\/\/afanof.eu\/fr\/boutique\/mini\/magic-mimosa-mini\/#breadcrumb","itemListElement":[{"@type":"ListItem","position":1,"name":"Boutique","item":"https:\/\/afanof.eu\/fr\/boutique\/"},{"@type":"ListItem","position":2,"name":"\u00c9ventail Magic Mimosa"}]},{"@type":"WebSite","@id":"https:\/\/afanof.eu\/fr\/#website","url":"https:\/\/afanof.eu\/fr\/","name":"A FAN OF","description":"","publisher":{"@id":"https:\/\/afanof.eu\/fr\/#organization"},"potentialAction":[{"@type":"SearchAction","target":{"@type":"EntryPoint","urlTemplate":"https:\/\/afanof.eu\/fr\/?s={search_term_string}"},"query-input":{"@type":"PropertyValueSpecification","valueRequired":true,"valueName":"search_term_string"}}],"inLanguage":"fr-FR"},{"@type":"Organization","@id":"https:\/\/afanof.eu\/fr\/#organization","name":"A Fan Of","url":"https:\/\/afanof.eu\/fr\/","logo":{"@type":"ImageObject","inLanguage":"fr-FR","@id":"https:\/\/afanof.eu\/fr\/#\/schema\/logo\/image\/","url":"","contentUrl":"","caption":"A Fan Of"},"image":{"@id":"https:\/\/afanof.eu\/fr\/#\/schema\/logo\/image\/"}}]}},"_links":{"self":[{"href":"https:\/\/afanof.eu\/fr\/wp-json\/wp\/v2\/product\/4135","targetHints":{"allow":["GET"]}}],"collection":[{"href":"https:\/\/afanof.eu\/fr\/wp-json\/wp\/v2\/product"}],"about":[{"href":"https:\/\/afanof.eu\/fr\/wp-json\/wp\/v2\/types\/product"}],"replies":[{"embeddable":true,"href":"https:\/\/afanof.eu\/fr\/wp-json\/wp\/v2\/comments?post=4135"}],"wp:featuredmedia":[{"embeddable":true,"href":"https:\/\/afanof.eu\/fr\/wp-json\/wp\/v2\/media\/10171"}],"wp:attachment":[{"href":"https:\/\/afanof.eu\/fr\/wp-json\/wp\/v2\/media?parent=4135"}],"wp:term":[{"taxonomy":"product_brand","embeddable":true,"href":"https:\/\/afanof.eu\/fr\/wp-json\/wp\/v2\/product_brand?post=4135"},{"taxonomy":"product_cat","embeddable":true,"href":"https:\/\/afanof.eu\/fr\/wp-json\/wp\/v2\/product_cat?post=4135"},{"taxonomy":"product_tag","embeddable":true,"href":"https:\/\/afanof.eu\/fr\/wp-json\/wp\/v2\/product_tag?post=4135"}],"curies":[{"name":"wp","href":"https:\/\/api.w.org\/{rel}","templated":true}]}}