	{"id":11817,"date":"2025-05-12T18:22:40","date_gmt":"2025-05-12T16:22:40","guid":{"rendered":"https:\/\/afanof.eu\/?post_type=product&#038;p=11817"},"modified":"2026-01-21T10:39:50","modified_gmt":"2026-01-21T09:39:50","slug":"etoui-de-coton-max","status":"publish","type":"product","link":"https:\/\/afanof.eu\/fr\/boutique\/accessoires\/etoui-de-coton-max\/","title":{"rendered":"\u00c9toui de Coton Max"},"content":{"rendered":"<p>\u00c9toui de coton pour maintenir l&rsquo;\u00e9ventail prot\u00e9g\u00e9, pr\u00e9servant sa beaut\u00e9 et son int\u00e9grit\u00e9.<\/p>\n","protected":false},"excerpt":{"rendered":"<p>\u00c9toui de coton pour maintenir l&rsquo;\u00e9ventail prot\u00e9g\u00e9, pr\u00e9servant sa beaut\u00e9 et son int\u00e9grit\u00e9.<\/p>\n","protected":false},"featured_media":11814,"comment_status":"open","ping_status":"closed","template":"","meta":{"_acf_changed":false,"_joinchat":[]},"product_brand":[],"product_cat":[200],"product_tag":[],"class_list":{"0":"post-11817","1":"product","2":"type-product","3":"status-publish","4":"has-post-thumbnail","6":"materials-100-coton","7":"materials-encres-ecologiques","8":"materials-fabrique-en-espagne","9":"product_cat-accessoires","11":"first","12":"instock","13":"taxable","14":"shipping-taxable","15":"purchasable","16":"product-type-simple"},"wpr_featured_image":["https:\/\/afanof.eu\/wp-content\/uploads\/2024\/02\/A-fan-of-abanico-eventail-funda-pouch-maxi-150x150.webp",150,150,true],"acf":[],"yoast_head":"<!-- This site is optimized with the Yoast SEO Premium plugin v25.3 (Yoast SEO v27.3) - https:\/\/yoast.com\/product\/yoast-seo-premium-wordpress\/ -->\n<title>\u00c9toui de Coton Max - A FAN OF<\/title>\n<meta name=\"description\" content=\"Los abanicos A Fan Of son piezas con dise\u00f1os estampados originales, realizados de forma artesanal en Espa\u00f1a y utilizando materiales y procesos sostenibles.\" \/>\n<meta name=\"robots\" content=\"index, follow, max-snippet:-1, max-image-preview:large, max-video-preview:-1\" \/>\n<link rel=\"canonical\" href=\"https:\/\/afanof.eu\/fr\/boutique\/accessoires\/etoui-de-coton-max\/\" \/>\n<meta property=\"og:locale\" content=\"fr_FR\" \/>\n<meta property=\"og:type\" content=\"article\" \/>\n<meta property=\"og:title\" content=\"\u00c9toui de Coton Max\" \/>\n<meta property=\"og:description\" content=\"Los abanicos A Fan Of son piezas con dise\u00f1os estampados originales, realizados de forma artesanal en Espa\u00f1a y utilizando materiales y procesos sostenibles.\" \/>\n<meta property=\"og:url\" content=\"https:\/\/afanof.eu\/fr\/boutique\/accessoires\/etoui-de-coton-max\/\" \/>\n<meta property=\"og:site_name\" content=\"A FAN OF\" \/>\n<meta property=\"article:modified_time\" content=\"2026-01-21T09:39:50+00:00\" \/>\n<meta property=\"og:image\" content=\"https:\/\/afanof.eu\/wp-content\/uploads\/2024\/02\/A-fan-of-abanico-eventail-funda-pouch-maxi.webp\" \/>\n\t<meta property=\"og:image:width\" content=\"1000\" \/>\n\t<meta property=\"og:image:height\" content=\"1210\" \/>\n\t<meta property=\"og:image:type\" content=\"image\/webp\" \/>\n<meta name=\"twitter:card\" content=\"summary_large_image\" \/>\n<meta name=\"twitter:label1\" content=\"Dur\u00e9e de lecture estim\u00e9e\" \/>\n\t<meta name=\"twitter:data1\" content=\"1 minute\" \/>\n<script type=\"application\/ld+json\" class=\"yoast-schema-graph\">{\"@context\":\"https:\\\/\\\/schema.org\",\"@graph\":[{\"@type\":\"WebPage\",\"@id\":\"https:\\\/\\\/afanof.eu\\\/fr\\\/boutique\\\/accessoires\\\/etoui-de-coton-max\\\/\",\"url\":\"https:\\\/\\\/afanof.eu\\\/fr\\\/boutique\\\/accessoires\\\/etoui-de-coton-max\\\/\",\"name\":\"\u00c9toui de Coton Max - A FAN OF\",\"isPartOf\":{\"@id\":\"https:\\\/\\\/afanof.eu\\\/fr\\\/#website\"},\"primaryImageOfPage\":{\"@id\":\"https:\\\/\\\/afanof.eu\\\/fr\\\/boutique\\\/accessoires\\\/etoui-de-coton-max\\\/#primaryimage\"},\"image\":{\"@id\":\"https:\\\/\\\/afanof.eu\\\/fr\\\/boutique\\\/accessoires\\\/etoui-de-coton-max\\\/#primaryimage\"},\"thumbnailUrl\":\"https:\\\/\\\/afanof.eu\\\/wp-content\\\/uploads\\\/2024\\\/02\\\/A-fan-of-abanico-eventail-funda-pouch-maxi.webp\",\"datePublished\":\"2025-05-12T16:22:40+00:00\",\"dateModified\":\"2026-01-21T09:39:50+00:00\",\"description\":\"Los abanicos A Fan Of son piezas con dise\u00f1os estampados originales, realizados de forma artesanal en Espa\u00f1a y utilizando materiales y procesos sostenibles.\",\"breadcrumb\":{\"@id\":\"https:\\\/\\\/afanof.eu\\\/fr\\\/boutique\\\/accessoires\\\/etoui-de-coton-max\\\/#breadcrumb\"},\"inLanguage\":\"fr-FR\",\"potentialAction\":[{\"@type\":\"ReadAction\",\"target\":[\"https:\\\/\\\/afanof.eu\\\/fr\\\/boutique\\\/accessoires\\\/etoui-de-coton-max\\\/\"]}]},{\"@type\":\"ImageObject\",\"inLanguage\":\"fr-FR\",\"@id\":\"https:\\\/\\\/afanof.eu\\\/fr\\\/boutique\\\/accessoires\\\/etoui-de-coton-max\\\/#primaryimage\",\"url\":\"https:\\\/\\\/afanof.eu\\\/wp-content\\\/uploads\\\/2024\\\/02\\\/A-fan-of-abanico-eventail-funda-pouch-maxi.webp\",\"contentUrl\":\"https:\\\/\\\/afanof.eu\\\/wp-content\\\/uploads\\\/2024\\\/02\\\/A-fan-of-abanico-eventail-funda-pouch-maxi.webp\",\"width\":1000,\"height\":1210},{\"@type\":\"BreadcrumbList\",\"@id\":\"https:\\\/\\\/afanof.eu\\\/fr\\\/boutique\\\/accessoires\\\/etoui-de-coton-max\\\/#breadcrumb\",\"itemListElement\":[{\"@type\":\"ListItem\",\"position\":1,\"name\":\"Boutique\",\"item\":\"https:\\\/\\\/afanof.eu\\\/fr\\\/boutique\\\/\"},{\"@type\":\"ListItem\",\"position\":2,\"name\":\"\u00c9toui de Coton Max\"}]},{\"@type\":\"WebSite\",\"@id\":\"https:\\\/\\\/afanof.eu\\\/fr\\\/#website\",\"url\":\"https:\\\/\\\/afanof.eu\\\/fr\\\/\",\"name\":\"A FAN OF\",\"description\":\"\",\"publisher\":{\"@id\":\"https:\\\/\\\/afanof.eu\\\/fr\\\/#organization\"},\"potentialAction\":[{\"@type\":\"SearchAction\",\"target\":{\"@type\":\"EntryPoint\",\"urlTemplate\":\"https:\\\/\\\/afanof.eu\\\/fr\\\/?s={search_term_string}\"},\"query-input\":{\"@type\":\"PropertyValueSpecification\",\"valueRequired\":true,\"valueName\":\"search_term_string\"}}],\"inLanguage\":\"fr-FR\"},{\"@type\":\"Organization\",\"@id\":\"https:\\\/\\\/afanof.eu\\\/fr\\\/#organization\",\"name\":\"A Fan Of\",\"url\":\"https:\\\/\\\/afanof.eu\\\/fr\\\/\",\"logo\":{\"@type\":\"ImageObject\",\"inLanguage\":\"fr-FR\",\"@id\":\"https:\\\/\\\/afanof.eu\\\/fr\\\/#\\\/schema\\\/logo\\\/image\\\/\",\"url\":\"\",\"contentUrl\":\"\",\"caption\":\"A Fan Of\"},\"image\":{\"@id\":\"https:\\\/\\\/afanof.eu\\\/fr\\\/#\\\/schema\\\/logo\\\/image\\\/\"}}]}<\/script>\n<!-- \/ Yoast SEO Premium plugin. -->","yoast_head_json":{"title":"\u00c9toui de Coton Max - A FAN OF","description":"Los abanicos A Fan Of son piezas con dise\u00f1os estampados originales, realizados de forma artesanal en Espa\u00f1a y utilizando materiales y procesos sostenibles.","robots":{"index":"index","follow":"follow","max-snippet":"max-snippet:-1","max-image-preview":"max-image-preview:large","max-video-preview":"max-video-preview:-1"},"canonical":"https:\/\/afanof.eu\/fr\/boutique\/accessoires\/etoui-de-coton-max\/","og_locale":"fr_FR","og_type":"article","og_title":"\u00c9toui de Coton Max","og_description":"Los abanicos A Fan Of son piezas con dise\u00f1os estampados originales, realizados de forma artesanal en Espa\u00f1a y utilizando materiales y procesos sostenibles.","og_url":"https:\/\/afanof.eu\/fr\/boutique\/accessoires\/etoui-de-coton-max\/","og_site_name":"A FAN OF","article_modified_time":"2026-01-21T09:39:50+00:00","og_image":[{"width":1000,"height":1210,"url":"https:\/\/afanof.eu\/wp-content\/uploads\/2024\/02\/A-fan-of-abanico-eventail-funda-pouch-maxi.webp","type":"image\/webp"}],"twitter_card":"summary_large_image","twitter_misc":{"Dur\u00e9e de lecture estim\u00e9e":"1 minute"},"schema":{"@context":"https:\/\/schema.org","@graph":[{"@type":"WebPage","@id":"https:\/\/afanof.eu\/fr\/boutique\/accessoires\/etoui-de-coton-max\/","url":"https:\/\/afanof.eu\/fr\/boutique\/accessoires\/etoui-de-coton-max\/","name":"\u00c9toui de Coton Max - A FAN OF","isPartOf":{"@id":"https:\/\/afanof.eu\/fr\/#website"},"primaryImageOfPage":{"@id":"https:\/\/afanof.eu\/fr\/boutique\/accessoires\/etoui-de-coton-max\/#primaryimage"},"image":{"@id":"https:\/\/afanof.eu\/fr\/boutique\/accessoires\/etoui-de-coton-max\/#primaryimage"},"thumbnailUrl":"https:\/\/afanof.eu\/wp-content\/uploads\/2024\/02\/A-fan-of-abanico-eventail-funda-pouch-maxi.webp","datePublished":"2025-05-12T16:22:40+00:00","dateModified":"2026-01-21T09:39:50+00:00","description":"Los abanicos A Fan Of son piezas con dise\u00f1os estampados originales, realizados de forma artesanal en Espa\u00f1a y utilizando materiales y procesos sostenibles.","breadcrumb":{"@id":"https:\/\/afanof.eu\/fr\/boutique\/accessoires\/etoui-de-coton-max\/#breadcrumb"},"inLanguage":"fr-FR","potentialAction":[{"@type":"ReadAction","target":["https:\/\/afanof.eu\/fr\/boutique\/accessoires\/etoui-de-coton-max\/"]}]},{"@type":"ImageObject","inLanguage":"fr-FR","@id":"https:\/\/afanof.eu\/fr\/boutique\/accessoires\/etoui-de-coton-max\/#primaryimage","url":"https:\/\/afanof.eu\/wp-content\/uploads\/2024\/02\/A-fan-of-abanico-eventail-funda-pouch-maxi.webp","contentUrl":"https:\/\/afanof.eu\/wp-content\/uploads\/2024\/02\/A-fan-of-abanico-eventail-funda-pouch-maxi.webp","width":1000,"height":1210},{"@type":"BreadcrumbList","@id":"https:\/\/afanof.eu\/fr\/boutique\/accessoires\/etoui-de-coton-max\/#breadcrumb","itemListElement":[{"@type":"ListItem","position":1,"name":"Boutique","item":"https:\/\/afanof.eu\/fr\/boutique\/"},{"@type":"ListItem","position":2,"name":"\u00c9toui de Coton Max"}]},{"@type":"WebSite","@id":"https:\/\/afanof.eu\/fr\/#website","url":"https:\/\/afanof.eu\/fr\/","name":"A FAN OF","description":"","publisher":{"@id":"https:\/\/afanof.eu\/fr\/#organization"},"potentialAction":[{"@type":"SearchAction","target":{"@type":"EntryPoint","urlTemplate":"https:\/\/afanof.eu\/fr\/?s={search_term_string}"},"query-input":{"@type":"PropertyValueSpecification","valueRequired":true,"valueName":"search_term_string"}}],"inLanguage":"fr-FR"},{"@type":"Organization","@id":"https:\/\/afanof.eu\/fr\/#organization","name":"A Fan Of","url":"https:\/\/afanof.eu\/fr\/","logo":{"@type":"ImageObject","inLanguage":"fr-FR","@id":"https:\/\/afanof.eu\/fr\/#\/schema\/logo\/image\/","url":"","contentUrl":"","caption":"A Fan Of"},"image":{"@id":"https:\/\/afanof.eu\/fr\/#\/schema\/logo\/image\/"}}]}},"_links":{"self":[{"href":"https:\/\/afanof.eu\/fr\/wp-json\/wp\/v2\/product\/11817","targetHints":{"allow":["GET"]}}],"collection":[{"href":"https:\/\/afanof.eu\/fr\/wp-json\/wp\/v2\/product"}],"about":[{"href":"https:\/\/afanof.eu\/fr\/wp-json\/wp\/v2\/types\/product"}],"replies":[{"embeddable":true,"href":"https:\/\/afanof.eu\/fr\/wp-json\/wp\/v2\/comments?post=11817"}],"wp:featuredmedia":[{"embeddable":true,"href":"https:\/\/afanof.eu\/fr\/wp-json\/wp\/v2\/media\/11814"}],"wp:attachment":[{"href":"https:\/\/afanof.eu\/fr\/wp-json\/wp\/v2\/media?parent=11817"}],"wp:term":[{"taxonomy":"product_brand","embeddable":true,"href":"https:\/\/afanof.eu\/fr\/wp-json\/wp\/v2\/product_brand?post=11817"},{"taxonomy":"product_cat","embeddable":true,"href":"https:\/\/afanof.eu\/fr\/wp-json\/wp\/v2\/product_cat?post=11817"},{"taxonomy":"product_tag","embeddable":true,"href":"https:\/\/afanof.eu\/fr\/wp-json\/wp\/v2\/product_tag?post=11817"}],"curies":[{"name":"wp","href":"https:\/\/api.w.org\/{rel}","templated":true}]}}