	{"id":7208,"date":"2023-04-18T12:26:28","date_gmt":"2023-04-18T10:26:28","guid":{"rendered":"https:\/\/afanof.eu\/home-new\/"},"modified":"2026-01-13T18:39:09","modified_gmt":"2026-01-13T17:39:09","slug":"home-2","status":"publish","type":"page","link":"https:\/\/afanof.eu\/fr\/","title":{"rendered":"Home"},"content":{"rendered":"","protected":false},"excerpt":{"rendered":"","protected":false},"author":1,"featured_media":0,"parent":0,"menu_order":0,"comment_status":"closed","ping_status":"closed","template":"page-blocks-new.php","meta":{"_acf_changed":false,"_joinchat":[],"footnotes":""},"class_list":["post-7208","page","type-page","status-publish","hentry"],"acf":[],"yoast_head":"<!-- This site is optimized with the Yoast SEO Premium plugin v25.3 (Yoast SEO v27.4) - https:\/\/yoast.com\/product\/yoast-seo-premium-wordpress\/ -->\n<title>A FAN OF | Abanicos de dise\u00f1o artesanales y sostenibles<\/title>\n<meta name=\"description\" content=\"Abanicos de dise\u00f1o \u00fanicos realizados con materiales KM0, de madera natural y algod\u00f3n 100% alta calidad. Dise\u00f1os personalizados. En A Fan Of.\" \/>\n<meta name=\"robots\" content=\"index, follow, max-snippet:-1, max-image-preview:large, max-video-preview:-1\" \/>\n<link rel=\"canonical\" href=\"https:\/\/afanof.eu\/fr\/\" \/>\n<meta property=\"og:locale\" content=\"fr_FR\" \/>\n<meta property=\"og:type\" content=\"article\" \/>\n<meta property=\"og:title\" content=\"Home\" \/>\n<meta property=\"og:description\" content=\"Abanicos de dise\u00f1o \u00fanicos realizados con materiales KM0, de madera natural y algod\u00f3n 100% alta calidad. Dise\u00f1os personalizados. En A Fan Of.\" \/>\n<meta property=\"og:url\" content=\"https:\/\/afanof.eu\/fr\/\" \/>\n<meta property=\"og:site_name\" content=\"A FAN OF\" \/>\n<meta property=\"article:modified_time\" content=\"2026-01-13T17:39:09+00:00\" \/>\n<meta name=\"twitter:card\" content=\"summary_large_image\" \/>\n<meta name=\"twitter:label1\" content=\"Dur\u00e9e de lecture estim\u00e9e\" \/>\n\t<meta name=\"twitter:data1\" content=\"2 minutes\" \/>\n<script type=\"application\/ld+json\" class=\"yoast-schema-graph\">{\"@context\":\"https:\\\/\\\/schema.org\",\"@graph\":[{\"@type\":\"WebPage\",\"@id\":\"https:\\\/\\\/afanof.eu\\\/fr\\\/\",\"url\":\"https:\\\/\\\/afanof.eu\\\/fr\\\/\",\"name\":\"A FAN OF | Abanicos de dise\u00f1o artesanales y sostenibles\",\"isPartOf\":{\"@id\":\"https:\\\/\\\/afanof.eu\\\/fr\\\/#website\"},\"datePublished\":\"2023-04-18T10:26:28+00:00\",\"dateModified\":\"2026-01-13T17:39:09+00:00\",\"description\":\"Abanicos de dise\u00f1o \u00fanicos realizados con materiales KM0, de madera natural y algod\u00f3n 100% alta calidad. Dise\u00f1os personalizados. En A Fan Of.\",\"inLanguage\":\"fr-FR\",\"potentialAction\":[{\"@type\":\"ReadAction\",\"target\":[\"https:\\\/\\\/afanof.eu\\\/fr\\\/\"]}]},{\"@type\":\"WebSite\",\"@id\":\"https:\\\/\\\/afanof.eu\\\/fr\\\/#website\",\"url\":\"https:\\\/\\\/afanof.eu\\\/fr\\\/\",\"name\":\"A FAN OF\",\"description\":\"\",\"publisher\":{\"@id\":\"https:\\\/\\\/afanof.eu\\\/fr\\\/#organization\"},\"potentialAction\":[{\"@type\":\"SearchAction\",\"target\":{\"@type\":\"EntryPoint\",\"urlTemplate\":\"https:\\\/\\\/afanof.eu\\\/fr\\\/?s={search_term_string}\"},\"query-input\":{\"@type\":\"PropertyValueSpecification\",\"valueRequired\":true,\"valueName\":\"search_term_string\"}}],\"inLanguage\":\"fr-FR\"},{\"@type\":\"Organization\",\"@id\":\"https:\\\/\\\/afanof.eu\\\/fr\\\/#organization\",\"name\":\"A Fan Of\",\"url\":\"https:\\\/\\\/afanof.eu\\\/fr\\\/\",\"logo\":{\"@type\":\"ImageObject\",\"inLanguage\":\"fr-FR\",\"@id\":\"https:\\\/\\\/afanof.eu\\\/fr\\\/#\\\/schema\\\/logo\\\/image\\\/\",\"url\":\"\",\"contentUrl\":\"\",\"caption\":\"A Fan Of\"},\"image\":{\"@id\":\"https:\\\/\\\/afanof.eu\\\/fr\\\/#\\\/schema\\\/logo\\\/image\\\/\"}}]}<\/script>\n<!-- \/ Yoast SEO Premium plugin. -->","yoast_head_json":{"title":"A FAN OF | Abanicos de dise\u00f1o artesanales y sostenibles","description":"Abanicos de dise\u00f1o \u00fanicos realizados con materiales KM0, de madera natural y algod\u00f3n 100% alta calidad. Dise\u00f1os personalizados. En A Fan Of.","robots":{"index":"index","follow":"follow","max-snippet":"max-snippet:-1","max-image-preview":"max-image-preview:large","max-video-preview":"max-video-preview:-1"},"canonical":"https:\/\/afanof.eu\/fr\/","og_locale":"fr_FR","og_type":"article","og_title":"Home","og_description":"Abanicos de dise\u00f1o \u00fanicos realizados con materiales KM0, de madera natural y algod\u00f3n 100% alta calidad. Dise\u00f1os personalizados. En A Fan Of.","og_url":"https:\/\/afanof.eu\/fr\/","og_site_name":"A FAN OF","article_modified_time":"2026-01-13T17:39:09+00:00","twitter_card":"summary_large_image","twitter_misc":{"Dur\u00e9e de lecture estim\u00e9e":"2 minutes"},"schema":{"@context":"https:\/\/schema.org","@graph":[{"@type":"WebPage","@id":"https:\/\/afanof.eu\/fr\/","url":"https:\/\/afanof.eu\/fr\/","name":"A FAN OF | Abanicos de dise\u00f1o artesanales y sostenibles","isPartOf":{"@id":"https:\/\/afanof.eu\/fr\/#website"},"datePublished":"2023-04-18T10:26:28+00:00","dateModified":"2026-01-13T17:39:09+00:00","description":"Abanicos de dise\u00f1o \u00fanicos realizados con materiales KM0, de madera natural y algod\u00f3n 100% alta calidad. Dise\u00f1os personalizados. En A Fan Of.","inLanguage":"fr-FR","potentialAction":[{"@type":"ReadAction","target":["https:\/\/afanof.eu\/fr\/"]}]},{"@type":"WebSite","@id":"https:\/\/afanof.eu\/fr\/#website","url":"https:\/\/afanof.eu\/fr\/","name":"A FAN OF","description":"","publisher":{"@id":"https:\/\/afanof.eu\/fr\/#organization"},"potentialAction":[{"@type":"SearchAction","target":{"@type":"EntryPoint","urlTemplate":"https:\/\/afanof.eu\/fr\/?s={search_term_string}"},"query-input":{"@type":"PropertyValueSpecification","valueRequired":true,"valueName":"search_term_string"}}],"inLanguage":"fr-FR"},{"@type":"Organization","@id":"https:\/\/afanof.eu\/fr\/#organization","name":"A Fan Of","url":"https:\/\/afanof.eu\/fr\/","logo":{"@type":"ImageObject","inLanguage":"fr-FR","@id":"https:\/\/afanof.eu\/fr\/#\/schema\/logo\/image\/","url":"","contentUrl":"","caption":"A Fan Of"},"image":{"@id":"https:\/\/afanof.eu\/fr\/#\/schema\/logo\/image\/"}}]}},"_links":{"self":[{"href":"https:\/\/afanof.eu\/fr\/wp-json\/wp\/v2\/pages\/7208","targetHints":{"allow":["GET"]}}],"collection":[{"href":"https:\/\/afanof.eu\/fr\/wp-json\/wp\/v2\/pages"}],"about":[{"href":"https:\/\/afanof.eu\/fr\/wp-json\/wp\/v2\/types\/page"}],"author":[{"embeddable":true,"href":"https:\/\/afanof.eu\/fr\/wp-json\/wp\/v2\/users\/1"}],"replies":[{"embeddable":true,"href":"https:\/\/afanof.eu\/fr\/wp-json\/wp\/v2\/comments?post=7208"}],"version-history":[{"count":14,"href":"https:\/\/afanof.eu\/fr\/wp-json\/wp\/v2\/pages\/7208\/revisions"}],"predecessor-version":[{"id":13141,"href":"https:\/\/afanof.eu\/fr\/wp-json\/wp\/v2\/pages\/7208\/revisions\/13141"}],"wp:attachment":[{"href":"https:\/\/afanof.eu\/fr\/wp-json\/wp\/v2\/media?parent=7208"}],"curies":[{"name":"wp","href":"https:\/\/api.w.org\/{rel}","templated":true}]}}