	{"id":3021,"date":"2020-09-22T08:24:26","date_gmt":"2020-09-22T06:24:26","guid":{"rendered":"https:\/\/afanof.eu\/politica-privacidad\/"},"modified":"2024-07-04T13:36:26","modified_gmt":"2024-07-04T11:36:26","slug":"politica-privacidad","status":"publish","type":"page","link":"https:\/\/afanof.eu\/fr\/politica-privacidad\/","title":{"rendered":"POLITIQUE DE CONFIDENTIALIT\u00c9"},"content":{"rendered":"\n<section id=\"texto-block_60925072674bf\" class=\"section block bloque-texto\">\n\t<div class=\"section-wrapper\">\n\t\t<div class=\"container container-principal\">\n\t\t\t<div class=\"row justify-content-center\">\n\t\t\t\t<div class=\"col-lg-8\">\n\t\t\t\t\t\t\t\t\t\t<div class=\"titulo\">\n\t\t\t\t\t    POLITIQUE DE CONFIDENTIALIT\u00c9\t\t\t\t\t<\/div>\n\t\t\t\t\t\t\t\t\t    <div class=\"texto\">\n\t\t\t\t\t    <p class=\"p1\"><strong>Information personnelle<\/strong><\/p>\n<p class=\"p1\">Conform\u00e9ment \u00e0 la l\u00e9gislation en vigueur sur la protection des donn\u00e9es et les services de la soci\u00e9t\u00e9 de l&rsquo;information et du commerce \u00e9lectronique, l&rsquo;utilisateur accepte que les donn\u00e9es personnelles fournies pour passer des commandes, s&rsquo;inscrire, s&rsquo;abonner \u00e0 notre newsletter ou acc\u00e9der \u00e0 tout autre service de ce site Web soient incluses dans un fichier appartenant \u00e0 par cette soci\u00e9t\u00e9 aux fins suivantes :<\/p>\n<p class=\"p1\">\u2022 Pour faciliter la fourniture des services demand\u00e9s<\/p>\n<p class=\"p1\">\u2022 Pour identifier correctement les utilisateurs demandant des services personnalis\u00e9s<\/p>\n<p class=\"p1\">\u2022 Pour les \u00e9tudes statistiques des utilisateurs pour concevoir des am\u00e9liorations dans les services fournis<\/p>\n<p class=\"p1\">\u2022 Effectuer des t\u00e2ches administratives de base<\/p>\n<p class=\"p1\">\u2022 Et pour vous tenir inform\u00e9s par email ou par tout autre moyen, des nouveaut\u00e9s, produits et services li\u00e9s \u00e0 afanof.eu\u00a0\u00bb><span class=\"s1\">afanof.eu<\/span><\/a><\/p>\n<p class=\"p1\">Si vous ne souhaitez pas que nous fassions ce traitement de vos donn\u00e9es personnelles, veuillez-nous en informer via notre adresse e-mail ou postale ci-dessus. Tout utilisateur inscrit peut \u00e0 tout moment exercer le droit d&rsquo;acc\u00e8s, de rectification et, le cas \u00e9ch\u00e9ant, d&rsquo;annulation ou d&rsquo;opposition au traitement des donn\u00e9es personnelles fournies par les moyens susvis\u00e9s.<\/p>\n<p class=\"p1\">Agustina Design Dtudio S.L. s&rsquo;engage \u00e0 respecter son obligation de secret des donn\u00e9es personnelles et son devoir de les traiter comme confidentielles, et assume, \u00e0 cette fin, des mesures techniques, organisationnelles et de s\u00e9curit\u00e9 pour emp\u00eacher leur alt\u00e9ration, perte, traitement ou acc\u00e8s non autoris\u00e9, conform\u00e9ment aux donn\u00e9es actuelles r\u00e9glementations de protection et autres lois applicables.<\/p>\n<p class=\"p1\">Vous garantissez avoir plus de 14 ans et serez responsable de vous fournir des informations v\u00e9ridiques et l\u00e9gales, en r\u00e9servant Agustina Design Studio S.L. le droit de refuser le service \u00e0 tout utilisateur qui a fourni de fausses informations, sans pr\u00e9judice des autres actions \u00e9tablies par la loi.<\/p>\n<p class=\"p1\"><strong>Informations sur votre carte de cr\u00e9dit<\/strong><\/p>\n<p class=\"p1\">Pour garantir votre s\u00e9curit\u00e9, Agustina Design Studio S.L. ne stockera aucune donn\u00e9e sur votre carte de cr\u00e9dit. Au moment du traitement de votre commande, les donn\u00e9es de votre carte seront transmises, dans le seul but d&rsquo;effectuer le paiement de votre commande, \u00e0 l&rsquo;entit\u00e9 financi\u00e8re choisie par Agustina Design Dtudio S.L. Vos informations sont crypt\u00e9es et transmises conform\u00e9ment aux derni\u00e8res normes de s\u00e9curit\u00e9.<\/p>\n<p class=\"p1\"><strong>Produit et droit d&rsquo;auteur<\/strong><\/p>\n<p class=\"p1\">A FAN OF ne garantit pas que tous les articles affich\u00e9s sur ce site soient en stock au moment de votre commande. En cas d&rsquo;indisponibilit\u00e9 d&rsquo;un article, A FAN OF pourra vous contacter par email. Les produits peuvent \u00eatre retir\u00e9s sans pr\u00e9avis, car les prix et les descriptions des produits peuvent \u00e9galement changer \u00e0 tout moment. A FAN OF ne peut promettre que le contenu du site est \u00e0 tout moment exempt d&rsquo;inexactitudes ou d&rsquo;erreurs typographiques. Nous ne pouvons pas non plus garantir que toutes les informations sont \u00e0 jour.<\/p>\n<p class=\"p1\">Notre objectif est d&rsquo;afficher les couleurs de nos produits le plus pr\u00e9cis\u00e9ment possible ; cependant, comme la r\u00e9solution, les m\u00e9thodes d&rsquo;impression et les param\u00e8tres d&rsquo;affichage peuvent affecter la mani\u00e8re dont un \u00e9l\u00e9ment est affich\u00e9, la pr\u00e9cision des couleurs ne peut pas \u00eatre garantie.<\/p>\n<p class=\"p1\">Les droits d&rsquo;auteur sur les documents fournis sur ce site (y compris le texte, les noms et descriptions des produits, les images, les brochures et la conception du site Web) restent la propri\u00e9t\u00e9 de A FAN OF et ne peuvent \u00eatre reproduits sans son consentement pr\u00e9alable par \u00e9crit. Pour les demandes de presse, veuillez nous envoyer un e-mail \u00e0 fan@afanof.eu.<a href=\"mailto:fan@afanof.eu\"><span class=\"s1\">fan@afanof.eu<\/span><\/a><\/p>\n<p class=\"p1\">A FAN OF est une entreprise enregistr\u00e9e au nom de Agustina Design Studio S.L B67115055 \u00e0 Potos\u00ed 1, 08030 Barcelone.<\/p>\n\t\t\t\t\t<\/div>\n\t\t\t\t\t\n\t\t\t\t<\/div>\n\t\t\t\t<div class=\"col-12\">\n\t\t\t\t\t<div class=\"border-bottom border-negro border-5\"><\/div>\n\t\t\t\t<\/div>\n\t\t\t<\/div>\n\t\t<\/div>\n\t<\/div>\n<\/section>\n","protected":false},"excerpt":{"rendered":"","protected":false},"author":1,"featured_media":0,"parent":0,"menu_order":0,"comment_status":"closed","ping_status":"closed","template":"page-legal.php","meta":{"_acf_changed":false,"_joinchat":[],"footnotes":""},"class_list":["post-3021","page","type-page","status-publish","hentry"],"acf":[],"yoast_head":"<!-- This site is optimized with the Yoast SEO Premium plugin v25.3 (Yoast SEO v27.4) - https:\/\/yoast.com\/product\/yoast-seo-premium-wordpress\/ -->\n<title>POLITIQUE DE CONFIDENTIALIT\u00c9 - A FAN OF<\/title>\n<meta name=\"robots\" content=\"index, follow, max-snippet:-1, max-image-preview:large, max-video-preview:-1\" \/>\n<link rel=\"canonical\" href=\"https:\/\/afanof.eu\/fr\/politica-privacidad\/\" \/>\n<meta property=\"og:locale\" content=\"fr_FR\" \/>\n<meta property=\"og:type\" content=\"article\" \/>\n<meta property=\"og:title\" content=\"POLITIQUE DE CONFIDENTIALIT\u00c9\" \/>\n<meta property=\"og:url\" content=\"https:\/\/afanof.eu\/fr\/politica-privacidad\/\" \/>\n<meta property=\"og:site_name\" content=\"A FAN OF\" \/>\n<meta property=\"article:modified_time\" content=\"2024-07-04T11:36:26+00:00\" \/>\n<meta name=\"twitter:card\" content=\"summary_large_image\" \/>\n<script type=\"application\/ld+json\" class=\"yoast-schema-graph\">{\"@context\":\"https:\\\/\\\/schema.org\",\"@graph\":[{\"@type\":\"WebPage\",\"@id\":\"https:\\\/\\\/afanof.eu\\\/fr\\\/politica-privacidad\\\/\",\"url\":\"https:\\\/\\\/afanof.eu\\\/fr\\\/politica-privacidad\\\/\",\"name\":\"POLITIQUE DE CONFIDENTIALIT\u00c9 - A FAN OF\",\"isPartOf\":{\"@id\":\"https:\\\/\\\/afanof.eu\\\/fr\\\/#website\"},\"datePublished\":\"2020-09-22T06:24:26+00:00\",\"dateModified\":\"2024-07-04T11:36:26+00:00\",\"inLanguage\":\"fr-FR\",\"potentialAction\":[{\"@type\":\"ReadAction\",\"target\":[\"https:\\\/\\\/afanof.eu\\\/fr\\\/politica-privacidad\\\/\"]}]},{\"@type\":\"WebSite\",\"@id\":\"https:\\\/\\\/afanof.eu\\\/fr\\\/#website\",\"url\":\"https:\\\/\\\/afanof.eu\\\/fr\\\/\",\"name\":\"A FAN OF\",\"description\":\"\",\"publisher\":{\"@id\":\"https:\\\/\\\/afanof.eu\\\/fr\\\/#organization\"},\"potentialAction\":[{\"@type\":\"SearchAction\",\"target\":{\"@type\":\"EntryPoint\",\"urlTemplate\":\"https:\\\/\\\/afanof.eu\\\/fr\\\/?s={search_term_string}\"},\"query-input\":{\"@type\":\"PropertyValueSpecification\",\"valueRequired\":true,\"valueName\":\"search_term_string\"}}],\"inLanguage\":\"fr-FR\"},{\"@type\":\"Organization\",\"@id\":\"https:\\\/\\\/afanof.eu\\\/fr\\\/#organization\",\"name\":\"A Fan Of\",\"url\":\"https:\\\/\\\/afanof.eu\\\/fr\\\/\",\"logo\":{\"@type\":\"ImageObject\",\"inLanguage\":\"fr-FR\",\"@id\":\"https:\\\/\\\/afanof.eu\\\/fr\\\/#\\\/schema\\\/logo\\\/image\\\/\",\"url\":\"\",\"contentUrl\":\"\",\"caption\":\"A Fan Of\"},\"image\":{\"@id\":\"https:\\\/\\\/afanof.eu\\\/fr\\\/#\\\/schema\\\/logo\\\/image\\\/\"}}]}<\/script>\n<!-- \/ Yoast SEO Premium plugin. -->","yoast_head_json":{"title":"POLITIQUE DE CONFIDENTIALIT\u00c9 - A FAN OF","robots":{"index":"index","follow":"follow","max-snippet":"max-snippet:-1","max-image-preview":"max-image-preview:large","max-video-preview":"max-video-preview:-1"},"canonical":"https:\/\/afanof.eu\/fr\/politica-privacidad\/","og_locale":"fr_FR","og_type":"article","og_title":"POLITIQUE DE CONFIDENTIALIT\u00c9","og_url":"https:\/\/afanof.eu\/fr\/politica-privacidad\/","og_site_name":"A FAN OF","article_modified_time":"2024-07-04T11:36:26+00:00","twitter_card":"summary_large_image","schema":{"@context":"https:\/\/schema.org","@graph":[{"@type":"WebPage","@id":"https:\/\/afanof.eu\/fr\/politica-privacidad\/","url":"https:\/\/afanof.eu\/fr\/politica-privacidad\/","name":"POLITIQUE DE CONFIDENTIALIT\u00c9 - A FAN OF","isPartOf":{"@id":"https:\/\/afanof.eu\/fr\/#website"},"datePublished":"2020-09-22T06:24:26+00:00","dateModified":"2024-07-04T11:36:26+00:00","inLanguage":"fr-FR","potentialAction":[{"@type":"ReadAction","target":["https:\/\/afanof.eu\/fr\/politica-privacidad\/"]}]},{"@type":"WebSite","@id":"https:\/\/afanof.eu\/fr\/#website","url":"https:\/\/afanof.eu\/fr\/","name":"A FAN OF","description":"","publisher":{"@id":"https:\/\/afanof.eu\/fr\/#organization"},"potentialAction":[{"@type":"SearchAction","target":{"@type":"EntryPoint","urlTemplate":"https:\/\/afanof.eu\/fr\/?s={search_term_string}"},"query-input":{"@type":"PropertyValueSpecification","valueRequired":true,"valueName":"search_term_string"}}],"inLanguage":"fr-FR"},{"@type":"Organization","@id":"https:\/\/afanof.eu\/fr\/#organization","name":"A Fan Of","url":"https:\/\/afanof.eu\/fr\/","logo":{"@type":"ImageObject","inLanguage":"fr-FR","@id":"https:\/\/afanof.eu\/fr\/#\/schema\/logo\/image\/","url":"","contentUrl":"","caption":"A Fan Of"},"image":{"@id":"https:\/\/afanof.eu\/fr\/#\/schema\/logo\/image\/"}}]}},"_links":{"self":[{"href":"https:\/\/afanof.eu\/fr\/wp-json\/wp\/v2\/pages\/3021","targetHints":{"allow":["GET"]}}],"collection":[{"href":"https:\/\/afanof.eu\/fr\/wp-json\/wp\/v2\/pages"}],"about":[{"href":"https:\/\/afanof.eu\/fr\/wp-json\/wp\/v2\/types\/page"}],"author":[{"embeddable":true,"href":"https:\/\/afanof.eu\/fr\/wp-json\/wp\/v2\/users\/1"}],"replies":[{"embeddable":true,"href":"https:\/\/afanof.eu\/fr\/wp-json\/wp\/v2\/comments?post=3021"}],"version-history":[{"count":4,"href":"https:\/\/afanof.eu\/fr\/wp-json\/wp\/v2\/pages\/3021\/revisions"}],"predecessor-version":[{"id":10765,"href":"https:\/\/afanof.eu\/fr\/wp-json\/wp\/v2\/pages\/3021\/revisions\/10765"}],"wp:attachment":[{"href":"https:\/\/afanof.eu\/fr\/wp-json\/wp\/v2\/media?parent=3021"}],"curies":[{"name":"wp","href":"https:\/\/api.w.org\/{rel}","templated":true}]}}