	{"id":2650,"date":"2020-11-30T15:48:18","date_gmt":"2020-11-30T14:48:18","guid":{"rendered":"https:\/\/afanof.eu\/terms-conditions\/"},"modified":"2024-07-08T15:02:53","modified_gmt":"2024-07-08T13:02:53","slug":"terms-conditions","status":"publish","type":"page","link":"https:\/\/afanof.eu\/fr\/terms-conditions\/","title":{"rendered":"Conditions g\u00e9n\u00e9rales"},"content":{"rendered":"<p><strong>TERMES ET CONDITIONS<\/strong><br \/>IDENTIFICATION DU PROPRI\u00c9TAIRE<\/p>\n<p>Le propri\u00e9taire du site afanof.eu est Agustina Design Studio S.L., une soci\u00e9t\u00e9 espagnole avec CIF ESB67115055, inscrite au Registre du Commerce de Barcelone. Vous pouvez nous contacter \u00e0 fan@afanof.eu.<\/p>\n<p><strong>ACCEPTATION DES CONDITIONS G\u00c9N\u00c9RALES<\/strong><\/p>\n<p>L&rsquo;acc\u00e8s \u00e0 ce site Web ou son utilisation de quelque mani\u00e8re que ce soit implique l&rsquo;acceptation des conditions g\u00e9n\u00e9rales \u00e9tablies par Agustina Design Studio S.L. En cons\u00e9quence, il appartiendra \u00e0 l&rsquo;utilisateur de lire les Conditions G\u00e9n\u00e9rales.<\/p>\n<p>L&rsquo;utilisation de certains services implique \u00e9galement l&rsquo;acceptation, sans exception, des r\u00e8gles ou instructions particuli\u00e8res qu&rsquo;Agustina Design Studio S.L. pourra \u00e9tablir une base ponctuelle pour remplacer ou compl\u00e9ter les pr\u00e9sentes conditions g\u00e9n\u00e9rales.<\/p>\n<p>Les conditions d&rsquo;utilisation de ce site Internet sont ind\u00e9finies. Agustina Design Studio S.L. se r\u00e9serve le droit unilat\u00e9ral de modifier le contenu.<\/p>\n<p><strong>DROITS DE PROPRI\u00c9T\u00c9 INTELLECTUELLE ET INDUSTRIELLE<\/strong><\/p>\n<p>Agustina Design Studio S.L. est titulaire des droits d\u2019exploitation de la propri\u00e9t\u00e9 intellectuelle de ce site Internet. Agustina Design Studio S.L. Il est \u00e9galement propri\u00e9taire des droits de propri\u00e9t\u00e9 intellectuelle, industrielle et \u00e0 l&rsquo;image du contenu disponible sur ce site Internet, ou dispose des autorisations n\u00e9cessaires pour les utiliser. L&rsquo;acc\u00e8s, la navigation et l&rsquo;utilisation de ce site Web par l&rsquo;utilisateur n&rsquo;impliquent aucun type de renonciation, licence ou transfert de droits de la part d&rsquo;Agustina Design Studio S.L.<\/p>\n<p>Par cons\u00e9quent, il n&rsquo;est pas permis de supprimer, d&rsquo;ignorer ou de manipuler la mention de droit d&rsquo;auteur et toute autre donn\u00e9e identifiant les droits d&rsquo;Agustina Design Studio S.L. ou ses propri\u00e9taires inclus dans le contenu, ainsi que les dispositifs techniques de protection, les empreintes digitales ou tout m\u00e9canisme ou information d&rsquo;identification qui pourraient faire partie du contenu.<\/p>\n<p>En outre, il est interdit de reproduire, modifier, r\u00e9utiliser, exploiter, publier, t\u00e9l\u00e9charger des fichiers, publier, transmettre, utiliser, traiter ou distribuer de quelque mani\u00e8re que ce soit tout ou partie du contenu contenu sur le site \u00e0 des fins publicitaires ou commerciales, si vous ne disposent pas de l\u2019autorisation \u00e9crite expresse d\u2019Agustina Design Studio SL.<\/p>\n<p>Le nom afanof.eu et le logo correspondant sont une marque et toute reproduction ou utilisation est interdite sans l&rsquo;autorisation du propri\u00e9taire.<\/p>\n<p><strong>RESPONSABILIT\u00c9 AGUSTINA DESIGN STUDIO S.L.<\/strong><\/p>\n<p>Agustina Design Studio S.L. n&rsquo;est en aucun cas responsable des dommages de toute nature qui pourraient \u00eatre caus\u00e9s par :<\/p>\n<p>indisponibilit\u00e9, maintenance et fonctionnement du site Internet ou de ses services ou contenus ;<br \/>manque d&rsquo;utilit\u00e9, d&rsquo;ad\u00e9quation ou de validit\u00e9 du site Internet ou de ses services ou contenus pour r\u00e9pondre aux besoins, activit\u00e9s ou r\u00e9sultats ou attentes sp\u00e9cifiques des utilisateurs ;<br \/>l&rsquo;existence de virus dans le contenu ou d&rsquo;autres \u00e9l\u00e9ments susceptibles d&rsquo;alt\u00e9rer ou d&rsquo;endommager les syst\u00e8mes informatiques et\/ou les donn\u00e9es de l&rsquo;utilisateur ;<br \/>toute utilisation du contenu par les utilisateurs, notamment ill\u00e9gale, n\u00e9gligente, frauduleuse ou contraire aux pr\u00e9sentes conditions g\u00e9n\u00e9rales, \u00e0 la bonne foi, aux usages g\u00e9n\u00e9ralement admis et \u00e0 l&rsquo;ordre public ;<br \/>l&rsquo;ill\u00e9galit\u00e9, le manque de qualit\u00e9, de fiabilit\u00e9 et de disponibilit\u00e9 des services fournis par des tiers et mis \u00e0 la disposition de l&rsquo;utilisateur ou annonc\u00e9s sur le site Internet\u00a0;<br \/>Non-respect par des tiers de leurs obligations ou engagements relatifs aux services fournis aux utilisateurs via le site Internet.<\/p>\n<p><strong>RESPONSABILIT\u00c9 DE L&rsquo;UTILISATEUR<\/strong><\/p>\n<p>Vous vous engagez \u00e0 ne pas utiliser le site Web ou les informations qu&rsquo;il contient, \u00e0 mener des activit\u00e9s contraires \u00e0 la loi, aux bonnes m\u0153urs ou \u00e0 l&rsquo;ordre public et, en g\u00e9n\u00e9ral, \u00e0 l&rsquo;utiliser dans les conditions \u00e9tablies par Agustina Design Studio S.L.<\/p>\n<p>Les vues, les contenus et, en g\u00e9n\u00e9ral, toutes les activit\u00e9s r\u00e9alis\u00e9es par l&rsquo;utilisateur, rel\u00e8vent de la seule responsabilit\u00e9 d&rsquo;Agustina Design Studio S.L. n&rsquo;est pas responsable de tout dommage ou perte r\u00e9sultant de telles activit\u00e9s.<\/p>\n<p><strong>COURRIER IND\u00c9SIRABLE<\/strong><\/p>\n<p>Il est strictement interdit d&rsquo;utiliser le site Internet pour envoyer de la publicit\u00e9 ou des communications commerciales, pour diffuser des messages \u00e0 des fins publicitaires ou pour collecter des donn\u00e9es dans le m\u00eame but.<\/p>\n<p><strong>MODIFICATION ET R\u00c9SILIATION DES SERVICES<\/strong><\/p>\n<p>Agustina Design Studio S.L. se r\u00e9serve le droit de modifier, suspendre ou mettre fin \u00e0 la fourniture des services du contenu afanof.eu, en tout ou en partie, \u00e0 tout moment, sans pr\u00e9avis aux utilisateurs du site.<\/p>\n","protected":false},"excerpt":{"rendered":"<p>TERMES ET CONDITIONSIDENTIFICATION DU PROPRI\u00c9TAIRE Le propri\u00e9taire du site afanof.eu est Agustina Design Studio S.L., une soci\u00e9t\u00e9 espagnole avec CIF ESB67115055, inscrite au Registre du Commerce de Barcelone. Vous pouvez nous contacter \u00e0 fan@afanof.eu. ACCEPTATION DES CONDITIONS G\u00c9N\u00c9RALES L&rsquo;acc\u00e8s \u00e0 ce site Web ou son utilisation de quelque mani\u00e8re que ce soit implique l&rsquo;acceptation des [&hellip;]<\/p>\n","protected":false},"author":1,"featured_media":0,"parent":0,"menu_order":0,"comment_status":"closed","ping_status":"closed","template":"page-legal.php","meta":{"_acf_changed":false,"_joinchat":[],"footnotes":""},"class_list":["post-2650","page","type-page","status-publish","hentry"],"acf":[],"yoast_head":"<!-- This site is optimized with the Yoast SEO Premium plugin v25.3 (Yoast SEO v27.4) - https:\/\/yoast.com\/product\/yoast-seo-premium-wordpress\/ -->\n<title>Conditions g\u00e9n\u00e9rales - A FAN OF<\/title>\n<meta name=\"robots\" content=\"index, follow, max-snippet:-1, max-image-preview:large, max-video-preview:-1\" \/>\n<link rel=\"canonical\" href=\"https:\/\/afanof.eu\/fr\/terms-conditions\/\" \/>\n<meta property=\"og:locale\" content=\"fr_FR\" \/>\n<meta property=\"og:type\" content=\"article\" \/>\n<meta property=\"og:title\" content=\"Conditions g\u00e9n\u00e9rales\" \/>\n<meta property=\"og:description\" content=\"TERMES ET CONDITIONSIDENTIFICATION DU PROPRI\u00c9TAIRE Le propri\u00e9taire du site afanof.eu est Agustina Design Studio S.L., une soci\u00e9t\u00e9 espagnole avec CIF ESB67115055, inscrite au Registre du Commerce de Barcelone. Vous pouvez nous contacter \u00e0 fan@afanof.eu. ACCEPTATION DES CONDITIONS G\u00c9N\u00c9RALES L&rsquo;acc\u00e8s \u00e0 ce site Web ou son utilisation de quelque mani\u00e8re que ce soit implique l&rsquo;acceptation des [&hellip;]\" \/>\n<meta property=\"og:url\" content=\"https:\/\/afanof.eu\/fr\/terms-conditions\/\" \/>\n<meta property=\"og:site_name\" content=\"A FAN OF\" \/>\n<meta property=\"article:modified_time\" content=\"2024-07-08T13:02:53+00:00\" \/>\n<meta name=\"twitter:card\" content=\"summary_large_image\" \/>\n<meta name=\"twitter:label1\" content=\"Dur\u00e9e de lecture estim\u00e9e\" \/>\n\t<meta name=\"twitter:data1\" content=\"4 minutes\" \/>\n<script type=\"application\/ld+json\" class=\"yoast-schema-graph\">{\"@context\":\"https:\\\/\\\/schema.org\",\"@graph\":[{\"@type\":\"WebPage\",\"@id\":\"https:\\\/\\\/afanof.eu\\\/fr\\\/terms-conditions\\\/\",\"url\":\"https:\\\/\\\/afanof.eu\\\/fr\\\/terms-conditions\\\/\",\"name\":\"Conditions g\u00e9n\u00e9rales - A FAN OF\",\"isPartOf\":{\"@id\":\"https:\\\/\\\/afanof.eu\\\/fr\\\/#website\"},\"datePublished\":\"2020-11-30T14:48:18+00:00\",\"dateModified\":\"2024-07-08T13:02:53+00:00\",\"inLanguage\":\"fr-FR\",\"potentialAction\":[{\"@type\":\"ReadAction\",\"target\":[\"https:\\\/\\\/afanof.eu\\\/fr\\\/terms-conditions\\\/\"]}]},{\"@type\":\"WebSite\",\"@id\":\"https:\\\/\\\/afanof.eu\\\/fr\\\/#website\",\"url\":\"https:\\\/\\\/afanof.eu\\\/fr\\\/\",\"name\":\"A FAN OF\",\"description\":\"\",\"publisher\":{\"@id\":\"https:\\\/\\\/afanof.eu\\\/fr\\\/#organization\"},\"potentialAction\":[{\"@type\":\"SearchAction\",\"target\":{\"@type\":\"EntryPoint\",\"urlTemplate\":\"https:\\\/\\\/afanof.eu\\\/fr\\\/?s={search_term_string}\"},\"query-input\":{\"@type\":\"PropertyValueSpecification\",\"valueRequired\":true,\"valueName\":\"search_term_string\"}}],\"inLanguage\":\"fr-FR\"},{\"@type\":\"Organization\",\"@id\":\"https:\\\/\\\/afanof.eu\\\/fr\\\/#organization\",\"name\":\"A Fan Of\",\"url\":\"https:\\\/\\\/afanof.eu\\\/fr\\\/\",\"logo\":{\"@type\":\"ImageObject\",\"inLanguage\":\"fr-FR\",\"@id\":\"https:\\\/\\\/afanof.eu\\\/fr\\\/#\\\/schema\\\/logo\\\/image\\\/\",\"url\":\"\",\"contentUrl\":\"\",\"caption\":\"A Fan Of\"},\"image\":{\"@id\":\"https:\\\/\\\/afanof.eu\\\/fr\\\/#\\\/schema\\\/logo\\\/image\\\/\"}}]}<\/script>\n<!-- \/ Yoast SEO Premium plugin. -->","yoast_head_json":{"title":"Conditions g\u00e9n\u00e9rales - A FAN OF","robots":{"index":"index","follow":"follow","max-snippet":"max-snippet:-1","max-image-preview":"max-image-preview:large","max-video-preview":"max-video-preview:-1"},"canonical":"https:\/\/afanof.eu\/fr\/terms-conditions\/","og_locale":"fr_FR","og_type":"article","og_title":"Conditions g\u00e9n\u00e9rales","og_description":"TERMES ET CONDITIONSIDENTIFICATION DU PROPRI\u00c9TAIRE Le propri\u00e9taire du site afanof.eu est Agustina Design Studio S.L., une soci\u00e9t\u00e9 espagnole avec CIF ESB67115055, inscrite au Registre du Commerce de Barcelone. Vous pouvez nous contacter \u00e0 fan@afanof.eu. ACCEPTATION DES CONDITIONS G\u00c9N\u00c9RALES L&rsquo;acc\u00e8s \u00e0 ce site Web ou son utilisation de quelque mani\u00e8re que ce soit implique l&rsquo;acceptation des [&hellip;]","og_url":"https:\/\/afanof.eu\/fr\/terms-conditions\/","og_site_name":"A FAN OF","article_modified_time":"2024-07-08T13:02:53+00:00","twitter_card":"summary_large_image","twitter_misc":{"Dur\u00e9e de lecture estim\u00e9e":"4 minutes"},"schema":{"@context":"https:\/\/schema.org","@graph":[{"@type":"WebPage","@id":"https:\/\/afanof.eu\/fr\/terms-conditions\/","url":"https:\/\/afanof.eu\/fr\/terms-conditions\/","name":"Conditions g\u00e9n\u00e9rales - A FAN OF","isPartOf":{"@id":"https:\/\/afanof.eu\/fr\/#website"},"datePublished":"2020-11-30T14:48:18+00:00","dateModified":"2024-07-08T13:02:53+00:00","inLanguage":"fr-FR","potentialAction":[{"@type":"ReadAction","target":["https:\/\/afanof.eu\/fr\/terms-conditions\/"]}]},{"@type":"WebSite","@id":"https:\/\/afanof.eu\/fr\/#website","url":"https:\/\/afanof.eu\/fr\/","name":"A FAN OF","description":"","publisher":{"@id":"https:\/\/afanof.eu\/fr\/#organization"},"potentialAction":[{"@type":"SearchAction","target":{"@type":"EntryPoint","urlTemplate":"https:\/\/afanof.eu\/fr\/?s={search_term_string}"},"query-input":{"@type":"PropertyValueSpecification","valueRequired":true,"valueName":"search_term_string"}}],"inLanguage":"fr-FR"},{"@type":"Organization","@id":"https:\/\/afanof.eu\/fr\/#organization","name":"A Fan Of","url":"https:\/\/afanof.eu\/fr\/","logo":{"@type":"ImageObject","inLanguage":"fr-FR","@id":"https:\/\/afanof.eu\/fr\/#\/schema\/logo\/image\/","url":"","contentUrl":"","caption":"A Fan Of"},"image":{"@id":"https:\/\/afanof.eu\/fr\/#\/schema\/logo\/image\/"}}]}},"_links":{"self":[{"href":"https:\/\/afanof.eu\/fr\/wp-json\/wp\/v2\/pages\/2650","targetHints":{"allow":["GET"]}}],"collection":[{"href":"https:\/\/afanof.eu\/fr\/wp-json\/wp\/v2\/pages"}],"about":[{"href":"https:\/\/afanof.eu\/fr\/wp-json\/wp\/v2\/types\/page"}],"author":[{"embeddable":true,"href":"https:\/\/afanof.eu\/fr\/wp-json\/wp\/v2\/users\/1"}],"replies":[{"embeddable":true,"href":"https:\/\/afanof.eu\/fr\/wp-json\/wp\/v2\/comments?post=2650"}],"version-history":[{"count":10,"href":"https:\/\/afanof.eu\/fr\/wp-json\/wp\/v2\/pages\/2650\/revisions"}],"predecessor-version":[{"id":10777,"href":"https:\/\/afanof.eu\/fr\/wp-json\/wp\/v2\/pages\/2650\/revisions\/10777"}],"wp:attachment":[{"href":"https:\/\/afanof.eu\/fr\/wp-json\/wp\/v2\/media?parent=2650"}],"curies":[{"name":"wp","href":"https:\/\/api.w.org\/{rel}","templated":true}]}}