	{"id":2645,"date":"2021-04-07T17:32:40","date_gmt":"2021-04-07T15:32:40","guid":{"rendered":"https:\/\/afanof.eu\/politica-de-cookies\/"},"modified":"2024-06-14T12:46:01","modified_gmt":"2024-06-14T10:46:01","slug":"politique-de-cookies","status":"publish","type":"page","link":"https:\/\/afanof.eu\/fr\/politique-de-cookies\/","title":{"rendered":"Politique de cookies"},"content":{"rendered":"<p>POLITIQUE DE COOKIES<br \/>Cette politique d\u00e9taille l&rsquo;utilisation que le site www.afanof.eu fait des cookies, fichiers et technologies de cookies sur ses pages Web. En visitant ce site Internet, avec le navigateur configur\u00e9 pour accepter l&rsquo;installation de cookies, l&rsquo;installation de cookies et la mani\u00e8re dont ces cookies sont utilis\u00e9s sont consid\u00e9r\u00e9es comme accept\u00e9es. Les cookies nous permettent d&rsquo;am\u00e9liorer et d&rsquo;optimiser l&rsquo;exp\u00e9rience utilisateur lors de la navigation sur ce site Internet. Si vous n&rsquo;acceptez pas les Cookies, vous pouvez configurer les fonctionnalit\u00e9s de votre navigateur Internet pour les supprimer du disque dur de votre ordinateur, les bloquer ou vous avertir de l&rsquo;existence de cookies avant leur installation. Pour continuer sans modifier vos param\u00e8tres de cookies, continuez simplement \u00e0 visiter ce site Web.<\/p>\n<p>Ce qui suit d\u00e9taille ce que sont les \u00ab\u00a0Cookies\u00a0\u00bb, quel type de cookies ce site Web utilise, comment ils peuvent \u00eatre d\u00e9sactiv\u00e9s dans les param\u00e8tres du navigateur et comment bloquer sp\u00e9cifiquement l&rsquo;installation de cookies tiers.<\/p>\n<p>Que sont les cookies et comment fonctionnent-ils ? Un cookie est un fichier qui est t\u00e9l\u00e9charg\u00e9 sur l&rsquo;ordinateur lors de l&rsquo;acc\u00e8s \u00e0 certaines pages Web pour stocker et r\u00e9cup\u00e9rer des informations sur la navigation effectu\u00e9e depuis ledit ordinateur. Il est possible d&rsquo;obtenir plus d&rsquo;informations sur ces technologies et leur fonctionnement sur des pages telles que allaboutcookies.org.<\/p>\n<p>L&rsquo;utilisation de cookies nous permet d&rsquo;optimiser la navigation, en adaptant les informations et les services propos\u00e9s aux int\u00e9r\u00eats de l&rsquo;utilisateur, pour offrir une meilleure exp\u00e9rience \u00e0 chaque nouvelle visite sur ce site Web.<br \/>Les cookies sont uniquement associ\u00e9s \u00e0 un utilisateur anonyme et \u00e0 son ordinateur\/appareil et ne fournissent pas de r\u00e9f\u00e9rences nous permettant de conna\u00eetre des donn\u00e9es personnelles. \u00c0 tout moment, il sera possible d&rsquo;acc\u00e9der aux param\u00e8tres du navigateur pour modifier et\/ou bloquer l&rsquo;installation des cookies envoy\u00e9s par ce site Web, sans emp\u00eacher l&rsquo;acc\u00e8s au contenu. Toutefois, la qualit\u00e9 du fonctionnement des Services peut en \u00eatre affect\u00e9e.<\/p>\n<p>Types de cookies<br \/>Selon l&rsquo;entit\u00e9 qui g\u00e8re le domaine \u00e0 partir duquel les cookies sont envoy\u00e9s et traite les donn\u00e9es obtenues, on peut distinguer deux types : les cookies propres et les cookies de tiers. Les cookies propres sont les cookies qui sont envoy\u00e9s \u00e0 l&rsquo;ordinateur et g\u00e9r\u00e9s exclusivement pour le meilleur fonctionnement du site Web.<br \/>Lors de l&rsquo;interaction avec le contenu de ce site Web, des cookies tiers peuvent \u00e9galement \u00eatre install\u00e9s (par exemple, lorsque vous cliquez sur des boutons de r\u00e9seaux sociaux ou lorsque vous regardez des vid\u00e9os h\u00e9berg\u00e9es sur un autre site Web), qui sont ceux d\u00e9finis par un domaine diff\u00e9rent de ce site Web. Il n&rsquo;est pas possible d&rsquo;acc\u00e9der aux donn\u00e9es stock\u00e9es dans les cookies d&rsquo;autres sites Web lors de la navigation sur ces sites Web.<\/p>\n<p>Il existe \u00e9galement une autre classification selon la dur\u00e9e pendant laquelle ils restent stock\u00e9s dans le navigateur du client, qui peuvent \u00eatre des cookies de session ou des cookies permanents. Les cookies de session expirent lorsque l&rsquo;utilisateur quitte la page ou ferme le navigateur, c&rsquo;est-\u00e0-dire qu&rsquo;ils ne sont actifs que pendant la dur\u00e9e de la visite du site Web et sont supprim\u00e9s de l&rsquo;ordinateur lors de sa sortie. Les permanents expirent lorsque l&rsquo;objectif pour lequel ils servent est rempli ou lorsqu&rsquo;ils sont supprim\u00e9s manuellement, ils ont une date de suppression et sont normalement utilis\u00e9s dans les processus d&rsquo;achat en ligne, de personnalisations ou d&rsquo;enregistrement, afin de ne pas avoir \u00e0 saisir constamment le mot de passe de l&rsquo;utilisateur.<br \/>Enfin, il existe une autre classification avec cinq types de cookies selon la finalit\u00e9 pour laquelle les donn\u00e9es obtenues sont trait\u00e9es : cookies techniques, cookies de personnalisation, cookies d&rsquo;analyse, cookies publicitaires et cookies de publicit\u00e9 comportementale.<\/p>\n<p>Cookies utilis\u00e9s sur le site<br \/>Les cookies utilis\u00e9s sur ce portail sont identifi\u00e9s ci-dessous, ainsi que leur type et leur fonction\u00a0:<br \/>Certains sont strictement n\u00e9cessaires au bon fonctionnement de la page et d\u2019autres servent \u00e0 am\u00e9liorer les performances et l\u2019exp\u00e9rience utilisateur. La navigation sur ce portail web signifie que les types de cookies suivants peuvent \u00eatre install\u00e9s :<br \/>Cookies strictement n\u00e9cessaires qui servent \u00e0 : faciliter les services ou fournir les informations demand\u00e9es via le Site et utiliser les fonctions essentielles ; par exemple, les cookies n\u00e9cessaires pour fournir la fonctionnalit\u00e9 du panier d&rsquo;achat, ou n\u00e9cessaires pour am\u00e9liorer la s\u00e9curit\u00e9 ou pr\u00e9venir la fraude. Si ces cookies sont d\u00e9sactiv\u00e9s, il ne sera pas possible de satisfaire les demandes des utilisateurs.<br \/>\u2022 Cookies techniques : ce sont ceux qui permettent \u00e0 l&rsquo;utilisateur de naviguer sur une page Web, une plateforme ou une application et d&rsquo;utiliser les diff\u00e9rentes options ou services qui y existent, comme, par exemple, le contr\u00f4le du trafic et de la communication de donn\u00e9es, l&rsquo;identification de la session, l&rsquo;acc\u00e8s restreint. acc\u00e9der aux pi\u00e8ces, m\u00e9moriser les \u00e9l\u00e9ments qui composent une commande, effectuer le processus d&rsquo;achat d&rsquo;une commande, faire la demande d&rsquo;inscription ou de participation \u00e0 un \u00e9v\u00e9nement, utiliser des \u00e9l\u00e9ments de s\u00e9curit\u00e9 lors<\/p>\n","protected":false},"excerpt":{"rendered":"<p>POLITIQUE DE COOKIESCette politique d\u00e9taille l&rsquo;utilisation que le site www.afanof.eu fait des cookies, fichiers et technologies de cookies sur ses pages Web. En visitant ce site Internet, avec le navigateur configur\u00e9 pour accepter l&rsquo;installation de cookies, l&rsquo;installation de cookies et la mani\u00e8re dont ces cookies sont utilis\u00e9s sont consid\u00e9r\u00e9es comme accept\u00e9es. Les cookies nous permettent [&hellip;]<\/p>\n","protected":false},"author":1,"featured_media":0,"parent":0,"menu_order":0,"comment_status":"closed","ping_status":"closed","template":"page-legal.php","meta":{"_acf_changed":false,"_joinchat":[],"footnotes":""},"class_list":["post-2645","page","type-page","status-publish","hentry"],"acf":[],"yoast_head":"<!-- This site is optimized with the Yoast SEO Premium plugin v25.3 (Yoast SEO v27.4) - https:\/\/yoast.com\/product\/yoast-seo-premium-wordpress\/ -->\n<title>Politique de cookies - A FAN OF<\/title>\n<meta name=\"robots\" content=\"index, follow, max-snippet:-1, max-image-preview:large, max-video-preview:-1\" \/>\n<link rel=\"canonical\" href=\"https:\/\/afanof.eu\/fr\/politique-de-cookies\/\" \/>\n<meta property=\"og:locale\" content=\"fr_FR\" \/>\n<meta property=\"og:type\" content=\"article\" \/>\n<meta property=\"og:title\" content=\"Politique de cookies\" \/>\n<meta property=\"og:description\" content=\"POLITIQUE DE COOKIESCette politique d\u00e9taille l&rsquo;utilisation que le site www.afanof.eu fait des cookies, fichiers et technologies de cookies sur ses pages Web. En visitant ce site Internet, avec le navigateur configur\u00e9 pour accepter l&rsquo;installation de cookies, l&rsquo;installation de cookies et la mani\u00e8re dont ces cookies sont utilis\u00e9s sont consid\u00e9r\u00e9es comme accept\u00e9es. Les cookies nous permettent [&hellip;]\" \/>\n<meta property=\"og:url\" content=\"https:\/\/afanof.eu\/fr\/politique-de-cookies\/\" \/>\n<meta property=\"og:site_name\" content=\"A FAN OF\" \/>\n<meta property=\"article:modified_time\" content=\"2024-06-14T10:46:01+00:00\" \/>\n<meta name=\"twitter:card\" content=\"summary_large_image\" \/>\n<meta name=\"twitter:label1\" content=\"Dur\u00e9e de lecture estim\u00e9e\" \/>\n\t<meta name=\"twitter:data1\" content=\"4 minutes\" \/>\n<script type=\"application\/ld+json\" class=\"yoast-schema-graph\">{\"@context\":\"https:\\\/\\\/schema.org\",\"@graph\":[{\"@type\":\"WebPage\",\"@id\":\"https:\\\/\\\/afanof.eu\\\/fr\\\/politique-de-cookies\\\/\",\"url\":\"https:\\\/\\\/afanof.eu\\\/fr\\\/politique-de-cookies\\\/\",\"name\":\"Politique de cookies - A FAN OF\",\"isPartOf\":{\"@id\":\"https:\\\/\\\/afanof.eu\\\/fr\\\/#website\"},\"datePublished\":\"2021-04-07T15:32:40+00:00\",\"dateModified\":\"2024-06-14T10:46:01+00:00\",\"inLanguage\":\"fr-FR\",\"potentialAction\":[{\"@type\":\"ReadAction\",\"target\":[\"https:\\\/\\\/afanof.eu\\\/fr\\\/politique-de-cookies\\\/\"]}]},{\"@type\":\"WebSite\",\"@id\":\"https:\\\/\\\/afanof.eu\\\/fr\\\/#website\",\"url\":\"https:\\\/\\\/afanof.eu\\\/fr\\\/\",\"name\":\"A FAN OF\",\"description\":\"\",\"publisher\":{\"@id\":\"https:\\\/\\\/afanof.eu\\\/fr\\\/#organization\"},\"potentialAction\":[{\"@type\":\"SearchAction\",\"target\":{\"@type\":\"EntryPoint\",\"urlTemplate\":\"https:\\\/\\\/afanof.eu\\\/fr\\\/?s={search_term_string}\"},\"query-input\":{\"@type\":\"PropertyValueSpecification\",\"valueRequired\":true,\"valueName\":\"search_term_string\"}}],\"inLanguage\":\"fr-FR\"},{\"@type\":\"Organization\",\"@id\":\"https:\\\/\\\/afanof.eu\\\/fr\\\/#organization\",\"name\":\"A Fan Of\",\"url\":\"https:\\\/\\\/afanof.eu\\\/fr\\\/\",\"logo\":{\"@type\":\"ImageObject\",\"inLanguage\":\"fr-FR\",\"@id\":\"https:\\\/\\\/afanof.eu\\\/fr\\\/#\\\/schema\\\/logo\\\/image\\\/\",\"url\":\"\",\"contentUrl\":\"\",\"caption\":\"A Fan Of\"},\"image\":{\"@id\":\"https:\\\/\\\/afanof.eu\\\/fr\\\/#\\\/schema\\\/logo\\\/image\\\/\"}}]}<\/script>\n<!-- \/ Yoast SEO Premium plugin. -->","yoast_head_json":{"title":"Politique de cookies - A FAN OF","robots":{"index":"index","follow":"follow","max-snippet":"max-snippet:-1","max-image-preview":"max-image-preview:large","max-video-preview":"max-video-preview:-1"},"canonical":"https:\/\/afanof.eu\/fr\/politique-de-cookies\/","og_locale":"fr_FR","og_type":"article","og_title":"Politique de cookies","og_description":"POLITIQUE DE COOKIESCette politique d\u00e9taille l&rsquo;utilisation que le site www.afanof.eu fait des cookies, fichiers et technologies de cookies sur ses pages Web. En visitant ce site Internet, avec le navigateur configur\u00e9 pour accepter l&rsquo;installation de cookies, l&rsquo;installation de cookies et la mani\u00e8re dont ces cookies sont utilis\u00e9s sont consid\u00e9r\u00e9es comme accept\u00e9es. Les cookies nous permettent [&hellip;]","og_url":"https:\/\/afanof.eu\/fr\/politique-de-cookies\/","og_site_name":"A FAN OF","article_modified_time":"2024-06-14T10:46:01+00:00","twitter_card":"summary_large_image","twitter_misc":{"Dur\u00e9e de lecture estim\u00e9e":"4 minutes"},"schema":{"@context":"https:\/\/schema.org","@graph":[{"@type":"WebPage","@id":"https:\/\/afanof.eu\/fr\/politique-de-cookies\/","url":"https:\/\/afanof.eu\/fr\/politique-de-cookies\/","name":"Politique de cookies - A FAN OF","isPartOf":{"@id":"https:\/\/afanof.eu\/fr\/#website"},"datePublished":"2021-04-07T15:32:40+00:00","dateModified":"2024-06-14T10:46:01+00:00","inLanguage":"fr-FR","potentialAction":[{"@type":"ReadAction","target":["https:\/\/afanof.eu\/fr\/politique-de-cookies\/"]}]},{"@type":"WebSite","@id":"https:\/\/afanof.eu\/fr\/#website","url":"https:\/\/afanof.eu\/fr\/","name":"A FAN OF","description":"","publisher":{"@id":"https:\/\/afanof.eu\/fr\/#organization"},"potentialAction":[{"@type":"SearchAction","target":{"@type":"EntryPoint","urlTemplate":"https:\/\/afanof.eu\/fr\/?s={search_term_string}"},"query-input":{"@type":"PropertyValueSpecification","valueRequired":true,"valueName":"search_term_string"}}],"inLanguage":"fr-FR"},{"@type":"Organization","@id":"https:\/\/afanof.eu\/fr\/#organization","name":"A Fan Of","url":"https:\/\/afanof.eu\/fr\/","logo":{"@type":"ImageObject","inLanguage":"fr-FR","@id":"https:\/\/afanof.eu\/fr\/#\/schema\/logo\/image\/","url":"","contentUrl":"","caption":"A Fan Of"},"image":{"@id":"https:\/\/afanof.eu\/fr\/#\/schema\/logo\/image\/"}}]}},"_links":{"self":[{"href":"https:\/\/afanof.eu\/fr\/wp-json\/wp\/v2\/pages\/2645","targetHints":{"allow":["GET"]}}],"collection":[{"href":"https:\/\/afanof.eu\/fr\/wp-json\/wp\/v2\/pages"}],"about":[{"href":"https:\/\/afanof.eu\/fr\/wp-json\/wp\/v2\/types\/page"}],"author":[{"embeddable":true,"href":"https:\/\/afanof.eu\/fr\/wp-json\/wp\/v2\/users\/1"}],"replies":[{"embeddable":true,"href":"https:\/\/afanof.eu\/fr\/wp-json\/wp\/v2\/comments?post=2645"}],"version-history":[{"count":10,"href":"https:\/\/afanof.eu\/fr\/wp-json\/wp\/v2\/pages\/2645\/revisions"}],"predecessor-version":[{"id":10664,"href":"https:\/\/afanof.eu\/fr\/wp-json\/wp\/v2\/pages\/2645\/revisions\/10664"}],"wp:attachment":[{"href":"https:\/\/afanof.eu\/fr\/wp-json\/wp\/v2\/media?parent=2645"}],"curies":[{"name":"wp","href":"https:\/\/api.w.org\/{rel}","templated":true}]}}