	{"id":2642,"date":"2021-05-03T20:28:34","date_gmt":"2021-05-03T18:28:34","guid":{"rendered":"https:\/\/afanof.eu\/wholesale\/"},"modified":"2024-06-14T12:26:42","modified_gmt":"2024-06-14T10:26:42","slug":"vendre-en-gros-des-eventails","status":"publish","type":"page","link":"https:\/\/afanof.eu\/fr\/vendre-en-gros-des-eventails\/","title":{"rendered":"En gros"},"content":{"rendered":"\r\n<h2 class=\"wp-block-heading\">VOUS OUS SOUHAITEZ VENDRE DES \u00c9VENTAILS A FAN OF?<\/h2>\r\n\r\n\r\n\r\n<p>Souhaitez-vous une collection sur mesure d&rsquo;\u00e9ventails pour votre magasin ou vendre notre collection ?<\/p>\r\n<p>Laissez-nous vos coordonn\u00e9es et votre message dans le formulaire que vous trouverez ci-dessous, nous serons heureux de vous aider \ud83d\ude42 Merci !<\/p>\r\n","protected":false},"excerpt":{"rendered":"<p>VOUS OUS SOUHAITEZ VENDRE DES \u00c9VENTAILS A FAN OF? Souhaitez-vous une collection sur mesure d&rsquo;\u00e9ventails pour votre magasin ou vendre notre collection ? Laissez-nous vos coordonn\u00e9es et votre message dans le formulaire que vous trouverez ci-dessous, nous serons heureux de vous aider \ud83d\ude42 Merci !<\/p>\n","protected":false},"author":1,"featured_media":0,"parent":0,"menu_order":0,"comment_status":"closed","ping_status":"closed","template":"page-wholesale.php","meta":{"_acf_changed":false,"_joinchat":[],"footnotes":""},"class_list":["post-2642","page","type-page","status-publish","hentry"],"acf":[],"yoast_head":"<!-- This site is optimized with the Yoast SEO Premium plugin v25.3 (Yoast SEO v27.4) - https:\/\/yoast.com\/product\/yoast-seo-premium-wordpress\/ -->\n<title>En gros - A FAN OF<\/title>\n<meta name=\"robots\" content=\"index, follow, max-snippet:-1, max-image-preview:large, max-video-preview:-1\" \/>\n<link rel=\"canonical\" href=\"https:\/\/afanof.eu\/fr\/vendre-en-gros-des-eventails\/\" \/>\n<meta property=\"og:locale\" content=\"fr_FR\" \/>\n<meta property=\"og:type\" content=\"article\" \/>\n<meta property=\"og:title\" content=\"En gros\" \/>\n<meta property=\"og:description\" content=\"VOUS OUS SOUHAITEZ VENDRE DES \u00c9VENTAILS A FAN OF? Souhaitez-vous une collection sur mesure d&rsquo;\u00e9ventails pour votre magasin ou vendre notre collection ? Laissez-nous vos coordonn\u00e9es et votre message dans le formulaire que vous trouverez ci-dessous, nous serons heureux de vous aider \ud83d\ude42 Merci !\" \/>\n<meta property=\"og:url\" content=\"https:\/\/afanof.eu\/fr\/vendre-en-gros-des-eventails\/\" \/>\n<meta property=\"og:site_name\" content=\"A FAN OF\" \/>\n<meta property=\"article:modified_time\" content=\"2024-06-14T10:26:42+00:00\" \/>\n<meta name=\"twitter:card\" content=\"summary_large_image\" \/>\n<meta name=\"twitter:label1\" content=\"Dur\u00e9e de lecture estim\u00e9e\" \/>\n\t<meta name=\"twitter:data1\" content=\"1 minute\" \/>\n<script type=\"application\/ld+json\" class=\"yoast-schema-graph\">{\"@context\":\"https:\\\/\\\/schema.org\",\"@graph\":[{\"@type\":\"WebPage\",\"@id\":\"https:\\\/\\\/afanof.eu\\\/fr\\\/vendre-en-gros-des-eventails\\\/\",\"url\":\"https:\\\/\\\/afanof.eu\\\/fr\\\/vendre-en-gros-des-eventails\\\/\",\"name\":\"En gros - A FAN OF\",\"isPartOf\":{\"@id\":\"https:\\\/\\\/afanof.eu\\\/fr\\\/#website\"},\"datePublished\":\"2021-05-03T18:28:34+00:00\",\"dateModified\":\"2024-06-14T10:26:42+00:00\",\"inLanguage\":\"fr-FR\",\"potentialAction\":[{\"@type\":\"ReadAction\",\"target\":[\"https:\\\/\\\/afanof.eu\\\/fr\\\/vendre-en-gros-des-eventails\\\/\"]}]},{\"@type\":\"WebSite\",\"@id\":\"https:\\\/\\\/afanof.eu\\\/fr\\\/#website\",\"url\":\"https:\\\/\\\/afanof.eu\\\/fr\\\/\",\"name\":\"A FAN OF\",\"description\":\"\",\"publisher\":{\"@id\":\"https:\\\/\\\/afanof.eu\\\/fr\\\/#organization\"},\"potentialAction\":[{\"@type\":\"SearchAction\",\"target\":{\"@type\":\"EntryPoint\",\"urlTemplate\":\"https:\\\/\\\/afanof.eu\\\/fr\\\/?s={search_term_string}\"},\"query-input\":{\"@type\":\"PropertyValueSpecification\",\"valueRequired\":true,\"valueName\":\"search_term_string\"}}],\"inLanguage\":\"fr-FR\"},{\"@type\":\"Organization\",\"@id\":\"https:\\\/\\\/afanof.eu\\\/fr\\\/#organization\",\"name\":\"A Fan Of\",\"url\":\"https:\\\/\\\/afanof.eu\\\/fr\\\/\",\"logo\":{\"@type\":\"ImageObject\",\"inLanguage\":\"fr-FR\",\"@id\":\"https:\\\/\\\/afanof.eu\\\/fr\\\/#\\\/schema\\\/logo\\\/image\\\/\",\"url\":\"\",\"contentUrl\":\"\",\"caption\":\"A Fan Of\"},\"image\":{\"@id\":\"https:\\\/\\\/afanof.eu\\\/fr\\\/#\\\/schema\\\/logo\\\/image\\\/\"}}]}<\/script>\n<!-- \/ Yoast SEO Premium plugin. -->","yoast_head_json":{"title":"En gros - A FAN OF","robots":{"index":"index","follow":"follow","max-snippet":"max-snippet:-1","max-image-preview":"max-image-preview:large","max-video-preview":"max-video-preview:-1"},"canonical":"https:\/\/afanof.eu\/fr\/vendre-en-gros-des-eventails\/","og_locale":"fr_FR","og_type":"article","og_title":"En gros","og_description":"VOUS OUS SOUHAITEZ VENDRE DES \u00c9VENTAILS A FAN OF? Souhaitez-vous une collection sur mesure d&rsquo;\u00e9ventails pour votre magasin ou vendre notre collection ? Laissez-nous vos coordonn\u00e9es et votre message dans le formulaire que vous trouverez ci-dessous, nous serons heureux de vous aider \ud83d\ude42 Merci !","og_url":"https:\/\/afanof.eu\/fr\/vendre-en-gros-des-eventails\/","og_site_name":"A FAN OF","article_modified_time":"2024-06-14T10:26:42+00:00","twitter_card":"summary_large_image","twitter_misc":{"Dur\u00e9e de lecture estim\u00e9e":"1 minute"},"schema":{"@context":"https:\/\/schema.org","@graph":[{"@type":"WebPage","@id":"https:\/\/afanof.eu\/fr\/vendre-en-gros-des-eventails\/","url":"https:\/\/afanof.eu\/fr\/vendre-en-gros-des-eventails\/","name":"En gros - A FAN OF","isPartOf":{"@id":"https:\/\/afanof.eu\/fr\/#website"},"datePublished":"2021-05-03T18:28:34+00:00","dateModified":"2024-06-14T10:26:42+00:00","inLanguage":"fr-FR","potentialAction":[{"@type":"ReadAction","target":["https:\/\/afanof.eu\/fr\/vendre-en-gros-des-eventails\/"]}]},{"@type":"WebSite","@id":"https:\/\/afanof.eu\/fr\/#website","url":"https:\/\/afanof.eu\/fr\/","name":"A FAN OF","description":"","publisher":{"@id":"https:\/\/afanof.eu\/fr\/#organization"},"potentialAction":[{"@type":"SearchAction","target":{"@type":"EntryPoint","urlTemplate":"https:\/\/afanof.eu\/fr\/?s={search_term_string}"},"query-input":{"@type":"PropertyValueSpecification","valueRequired":true,"valueName":"search_term_string"}}],"inLanguage":"fr-FR"},{"@type":"Organization","@id":"https:\/\/afanof.eu\/fr\/#organization","name":"A Fan Of","url":"https:\/\/afanof.eu\/fr\/","logo":{"@type":"ImageObject","inLanguage":"fr-FR","@id":"https:\/\/afanof.eu\/fr\/#\/schema\/logo\/image\/","url":"","contentUrl":"","caption":"A Fan Of"},"image":{"@id":"https:\/\/afanof.eu\/fr\/#\/schema\/logo\/image\/"}}]}},"_links":{"self":[{"href":"https:\/\/afanof.eu\/fr\/wp-json\/wp\/v2\/pages\/2642","targetHints":{"allow":["GET"]}}],"collection":[{"href":"https:\/\/afanof.eu\/fr\/wp-json\/wp\/v2\/pages"}],"about":[{"href":"https:\/\/afanof.eu\/fr\/wp-json\/wp\/v2\/types\/page"}],"author":[{"embeddable":true,"href":"https:\/\/afanof.eu\/fr\/wp-json\/wp\/v2\/users\/1"}],"replies":[{"embeddable":true,"href":"https:\/\/afanof.eu\/fr\/wp-json\/wp\/v2\/comments?post=2642"}],"version-history":[{"count":10,"href":"https:\/\/afanof.eu\/fr\/wp-json\/wp\/v2\/pages\/2642\/revisions"}],"predecessor-version":[{"id":10655,"href":"https:\/\/afanof.eu\/fr\/wp-json\/wp\/v2\/pages\/2642\/revisions\/10655"}],"wp:attachment":[{"href":"https:\/\/afanof.eu\/fr\/wp-json\/wp\/v2\/media?parent=2642"}],"curies":[{"name":"wp","href":"https:\/\/api.w.org\/{rel}","templated":true}]}}