	{"id":12823,"date":"2025-12-17T09:47:59","date_gmt":"2025-12-17T08:47:59","guid":{"rendered":"https:\/\/afanof.eu\/visitanos\/"},"modified":"2025-12-17T09:55:43","modified_gmt":"2025-12-17T08:55:43","slug":"venez-nous-rendre-visite","status":"publish","type":"page","link":"https:\/\/afanof.eu\/fr\/venez-nous-rendre-visite\/","title":{"rendered":"Venez nous rendre visite"},"content":{"rendered":"<h2>VIS\u00cdTANOS<\/h2>\n<p>Carrer de Bonavista, 16, Gr\u00e0cia, 08012 Barcelone<br \/>\nDu lundi au vendredi, de 9h30 \u00e0 20h00<br \/>\nLe samedi, de 11h00 \u00e0 14h00 et de 15h00 \u00e0 20h00<\/p>\n<p><a href=\"https:\/\/www.google.com\/maps\/place\/\/data=!4m2!3m1!1s0x12a4a39464303743:0x7e64bb5a4ca6af9f?sa=X&amp;ved=1t:8290&amp;ictx=111\">Afficher sur Google Maps<\/a><\/p>\n","protected":false},"excerpt":{"rendered":"<p>VIS\u00cdTANOS Carrer de Bonavista, 16, Gr\u00e0cia, 08012 Barcelone Du lundi au vendredi, de 9h30 \u00e0 20h00 Le samedi, de 11h00 \u00e0 14h00 et de 15h00 \u00e0 20h00 Afficher sur Google Maps<\/p>\n","protected":false},"author":1,"featured_media":0,"parent":0,"menu_order":0,"comment_status":"closed","ping_status":"closed","template":"page-wholesale.php","meta":{"_acf_changed":false,"_joinchat":[],"footnotes":""},"class_list":["post-12823","page","type-page","status-publish","hentry"],"acf":[],"yoast_head":"<!-- This site is optimized with the Yoast SEO Premium plugin v25.3 (Yoast SEO v27.4) - https:\/\/yoast.com\/product\/yoast-seo-premium-wordpress\/ -->\n<title>Venez nous rendre visite - A FAN OF<\/title>\n<meta name=\"robots\" content=\"index, follow, max-snippet:-1, max-image-preview:large, max-video-preview:-1\" \/>\n<link rel=\"canonical\" href=\"https:\/\/afanof.eu\/fr\/venez-nous-rendre-visite\/\" \/>\n<meta property=\"og:locale\" content=\"fr_FR\" \/>\n<meta property=\"og:type\" content=\"article\" \/>\n<meta property=\"og:title\" content=\"Venez nous rendre visite\" \/>\n<meta property=\"og:description\" content=\"VIS\u00cdTANOS Carrer de Bonavista, 16, Gr\u00e0cia, 08012 Barcelone Du lundi au vendredi, de 9h30 \u00e0 20h00 Le samedi, de 11h00 \u00e0 14h00 et de 15h00 \u00e0 20h00 Afficher sur Google Maps\" \/>\n<meta property=\"og:url\" content=\"https:\/\/afanof.eu\/fr\/venez-nous-rendre-visite\/\" \/>\n<meta property=\"og:site_name\" content=\"A FAN OF\" \/>\n<meta property=\"article:modified_time\" content=\"2025-12-17T08:55:43+00:00\" \/>\n<meta name=\"twitter:card\" content=\"summary_large_image\" \/>\n<meta name=\"twitter:label1\" content=\"Dur\u00e9e de lecture estim\u00e9e\" \/>\n\t<meta name=\"twitter:data1\" content=\"1 minute\" \/>\n<script type=\"application\/ld+json\" class=\"yoast-schema-graph\">{\"@context\":\"https:\\\/\\\/schema.org\",\"@graph\":[{\"@type\":\"WebPage\",\"@id\":\"https:\\\/\\\/afanof.eu\\\/fr\\\/venez-nous-rendre-visite\\\/\",\"url\":\"https:\\\/\\\/afanof.eu\\\/fr\\\/venez-nous-rendre-visite\\\/\",\"name\":\"Venez nous rendre visite - A FAN OF\",\"isPartOf\":{\"@id\":\"https:\\\/\\\/afanof.eu\\\/fr\\\/#website\"},\"datePublished\":\"2025-12-17T08:47:59+00:00\",\"dateModified\":\"2025-12-17T08:55:43+00:00\",\"inLanguage\":\"fr-FR\",\"potentialAction\":[{\"@type\":\"ReadAction\",\"target\":[\"https:\\\/\\\/afanof.eu\\\/fr\\\/venez-nous-rendre-visite\\\/\"]}]},{\"@type\":\"WebSite\",\"@id\":\"https:\\\/\\\/afanof.eu\\\/fr\\\/#website\",\"url\":\"https:\\\/\\\/afanof.eu\\\/fr\\\/\",\"name\":\"A FAN OF\",\"description\":\"\",\"publisher\":{\"@id\":\"https:\\\/\\\/afanof.eu\\\/fr\\\/#organization\"},\"potentialAction\":[{\"@type\":\"SearchAction\",\"target\":{\"@type\":\"EntryPoint\",\"urlTemplate\":\"https:\\\/\\\/afanof.eu\\\/fr\\\/?s={search_term_string}\"},\"query-input\":{\"@type\":\"PropertyValueSpecification\",\"valueRequired\":true,\"valueName\":\"search_term_string\"}}],\"inLanguage\":\"fr-FR\"},{\"@type\":\"Organization\",\"@id\":\"https:\\\/\\\/afanof.eu\\\/fr\\\/#organization\",\"name\":\"A Fan Of\",\"url\":\"https:\\\/\\\/afanof.eu\\\/fr\\\/\",\"logo\":{\"@type\":\"ImageObject\",\"inLanguage\":\"fr-FR\",\"@id\":\"https:\\\/\\\/afanof.eu\\\/fr\\\/#\\\/schema\\\/logo\\\/image\\\/\",\"url\":\"\",\"contentUrl\":\"\",\"caption\":\"A Fan Of\"},\"image\":{\"@id\":\"https:\\\/\\\/afanof.eu\\\/fr\\\/#\\\/schema\\\/logo\\\/image\\\/\"}}]}<\/script>\n<!-- \/ Yoast SEO Premium plugin. -->","yoast_head_json":{"title":"Venez nous rendre visite - A FAN OF","robots":{"index":"index","follow":"follow","max-snippet":"max-snippet:-1","max-image-preview":"max-image-preview:large","max-video-preview":"max-video-preview:-1"},"canonical":"https:\/\/afanof.eu\/fr\/venez-nous-rendre-visite\/","og_locale":"fr_FR","og_type":"article","og_title":"Venez nous rendre visite","og_description":"VIS\u00cdTANOS Carrer de Bonavista, 16, Gr\u00e0cia, 08012 Barcelone Du lundi au vendredi, de 9h30 \u00e0 20h00 Le samedi, de 11h00 \u00e0 14h00 et de 15h00 \u00e0 20h00 Afficher sur Google Maps","og_url":"https:\/\/afanof.eu\/fr\/venez-nous-rendre-visite\/","og_site_name":"A FAN OF","article_modified_time":"2025-12-17T08:55:43+00:00","twitter_card":"summary_large_image","twitter_misc":{"Dur\u00e9e de lecture estim\u00e9e":"1 minute"},"schema":{"@context":"https:\/\/schema.org","@graph":[{"@type":"WebPage","@id":"https:\/\/afanof.eu\/fr\/venez-nous-rendre-visite\/","url":"https:\/\/afanof.eu\/fr\/venez-nous-rendre-visite\/","name":"Venez nous rendre visite - A FAN OF","isPartOf":{"@id":"https:\/\/afanof.eu\/fr\/#website"},"datePublished":"2025-12-17T08:47:59+00:00","dateModified":"2025-12-17T08:55:43+00:00","inLanguage":"fr-FR","potentialAction":[{"@type":"ReadAction","target":["https:\/\/afanof.eu\/fr\/venez-nous-rendre-visite\/"]}]},{"@type":"WebSite","@id":"https:\/\/afanof.eu\/fr\/#website","url":"https:\/\/afanof.eu\/fr\/","name":"A FAN OF","description":"","publisher":{"@id":"https:\/\/afanof.eu\/fr\/#organization"},"potentialAction":[{"@type":"SearchAction","target":{"@type":"EntryPoint","urlTemplate":"https:\/\/afanof.eu\/fr\/?s={search_term_string}"},"query-input":{"@type":"PropertyValueSpecification","valueRequired":true,"valueName":"search_term_string"}}],"inLanguage":"fr-FR"},{"@type":"Organization","@id":"https:\/\/afanof.eu\/fr\/#organization","name":"A Fan Of","url":"https:\/\/afanof.eu\/fr\/","logo":{"@type":"ImageObject","inLanguage":"fr-FR","@id":"https:\/\/afanof.eu\/fr\/#\/schema\/logo\/image\/","url":"","contentUrl":"","caption":"A Fan Of"},"image":{"@id":"https:\/\/afanof.eu\/fr\/#\/schema\/logo\/image\/"}}]}},"_links":{"self":[{"href":"https:\/\/afanof.eu\/fr\/wp-json\/wp\/v2\/pages\/12823","targetHints":{"allow":["GET"]}}],"collection":[{"href":"https:\/\/afanof.eu\/fr\/wp-json\/wp\/v2\/pages"}],"about":[{"href":"https:\/\/afanof.eu\/fr\/wp-json\/wp\/v2\/types\/page"}],"author":[{"embeddable":true,"href":"https:\/\/afanof.eu\/fr\/wp-json\/wp\/v2\/users\/1"}],"replies":[{"embeddable":true,"href":"https:\/\/afanof.eu\/fr\/wp-json\/wp\/v2\/comments?post=12823"}],"version-history":[{"count":1,"href":"https:\/\/afanof.eu\/fr\/wp-json\/wp\/v2\/pages\/12823\/revisions"}],"predecessor-version":[{"id":12825,"href":"https:\/\/afanof.eu\/fr\/wp-json\/wp\/v2\/pages\/12823\/revisions\/12825"}],"wp:attachment":[{"href":"https:\/\/afanof.eu\/fr\/wp-json\/wp\/v2\/media?parent=12823"}],"curies":[{"name":"wp","href":"https:\/\/api.w.org\/{rel}","templated":true}]}}