	{"id":11202,"date":"2024-12-24T10:22:34","date_gmt":"2024-12-24T09:22:34","guid":{"rendered":"https:\/\/afanof.eu\/aaaa-colecion-qr\/"},"modified":"2025-09-25T16:42:19","modified_gmt":"2025-09-25T14:42:19","slug":"nouvelle-collection-2026","status":"publish","type":"page","link":"https:\/\/afanof.eu\/fr\/nouvelle-collection-2026\/","title":{"rendered":"Nouvelle collection 2026"},"content":{"rendered":"<h1>ART ET OBJET<\/h1>\n<p>Une collection qui explore de nouvelles propositions en mat\u00e9riaux et en formes. Une s\u00e9lection d&rsquo;\u00e9ventails exceptionnels qui r\u00e9invente cet objet traditionnel avec une approche audacieuse et contemporaine. Contactez-nous pour plus d&rsquo;informations <a href=\"#boxzilla-11224\"><span style=\"text-decoration: underline;\">ici<\/span><\/a><\/p>\n","protected":false},"excerpt":{"rendered":"<p>ART ET OBJET Une collection qui explore de nouvelles propositions en mat\u00e9riaux et en formes. Une s\u00e9lection d&rsquo;\u00e9ventails exceptionnels qui r\u00e9invente cet objet traditionnel avec une approche audacieuse et contemporaine. Contactez-nous pour plus d&rsquo;informations ici<\/p>\n","protected":false},"author":1,"featured_media":0,"parent":0,"menu_order":0,"comment_status":"closed","ping_status":"closed","template":"page-custom-shop-qr.php","meta":{"_acf_changed":false,"_joinchat":[],"footnotes":""},"class_list":["post-11202","page","type-page","status-publish","hentry"],"acf":[],"yoast_head":"<!-- This site is optimized with the Yoast SEO Premium plugin v25.3 (Yoast SEO v27.3) - https:\/\/yoast.com\/product\/yoast-seo-premium-wordpress\/ -->\n<title>Nouvelle collection 2026 - A FAN OF<\/title>\n<meta name=\"robots\" content=\"index, follow, max-snippet:-1, max-image-preview:large, max-video-preview:-1\" \/>\n<link rel=\"canonical\" href=\"https:\/\/afanof.eu\/fr\/nouvelle-collection-2026\/\" \/>\n<meta property=\"og:locale\" content=\"fr_FR\" \/>\n<meta property=\"og:type\" content=\"article\" \/>\n<meta property=\"og:title\" content=\"Nouvelle collection 2026\" \/>\n<meta property=\"og:description\" content=\"ART ET OBJET Une collection qui explore de nouvelles propositions en mat\u00e9riaux et en formes. Une s\u00e9lection d&rsquo;\u00e9ventails exceptionnels qui r\u00e9invente cet objet traditionnel avec une approche audacieuse et contemporaine. Contactez-nous pour plus d&rsquo;informations ici\" \/>\n<meta property=\"og:url\" content=\"https:\/\/afanof.eu\/fr\/nouvelle-collection-2026\/\" \/>\n<meta property=\"og:site_name\" content=\"A FAN OF\" \/>\n<meta property=\"article:modified_time\" content=\"2025-09-25T14:42:19+00:00\" \/>\n<meta name=\"twitter:card\" content=\"summary_large_image\" \/>\n<meta name=\"twitter:label1\" content=\"Dur\u00e9e de lecture estim\u00e9e\" \/>\n\t<meta name=\"twitter:data1\" content=\"1 minute\" \/>\n<script type=\"application\/ld+json\" class=\"yoast-schema-graph\">{\"@context\":\"https:\\\/\\\/schema.org\",\"@graph\":[{\"@type\":\"WebPage\",\"@id\":\"https:\\\/\\\/afanof.eu\\\/fr\\\/nouvelle-collection-2026\\\/\",\"url\":\"https:\\\/\\\/afanof.eu\\\/fr\\\/nouvelle-collection-2026\\\/\",\"name\":\"Nouvelle collection 2026 - A FAN OF\",\"isPartOf\":{\"@id\":\"https:\\\/\\\/afanof.eu\\\/fr\\\/#website\"},\"datePublished\":\"2024-12-24T09:22:34+00:00\",\"dateModified\":\"2025-09-25T14:42:19+00:00\",\"inLanguage\":\"fr-FR\",\"potentialAction\":[{\"@type\":\"ReadAction\",\"target\":[\"https:\\\/\\\/afanof.eu\\\/fr\\\/nouvelle-collection-2026\\\/\"]}]},{\"@type\":\"WebSite\",\"@id\":\"https:\\\/\\\/afanof.eu\\\/fr\\\/#website\",\"url\":\"https:\\\/\\\/afanof.eu\\\/fr\\\/\",\"name\":\"A FAN OF\",\"description\":\"\",\"publisher\":{\"@id\":\"https:\\\/\\\/afanof.eu\\\/fr\\\/#organization\"},\"potentialAction\":[{\"@type\":\"SearchAction\",\"target\":{\"@type\":\"EntryPoint\",\"urlTemplate\":\"https:\\\/\\\/afanof.eu\\\/fr\\\/?s={search_term_string}\"},\"query-input\":{\"@type\":\"PropertyValueSpecification\",\"valueRequired\":true,\"valueName\":\"search_term_string\"}}],\"inLanguage\":\"fr-FR\"},{\"@type\":\"Organization\",\"@id\":\"https:\\\/\\\/afanof.eu\\\/fr\\\/#organization\",\"name\":\"A Fan Of\",\"url\":\"https:\\\/\\\/afanof.eu\\\/fr\\\/\",\"logo\":{\"@type\":\"ImageObject\",\"inLanguage\":\"fr-FR\",\"@id\":\"https:\\\/\\\/afanof.eu\\\/fr\\\/#\\\/schema\\\/logo\\\/image\\\/\",\"url\":\"\",\"contentUrl\":\"\",\"caption\":\"A Fan Of\"},\"image\":{\"@id\":\"https:\\\/\\\/afanof.eu\\\/fr\\\/#\\\/schema\\\/logo\\\/image\\\/\"}}]}<\/script>\n<!-- \/ Yoast SEO Premium plugin. -->","yoast_head_json":{"title":"Nouvelle collection 2026 - A FAN OF","robots":{"index":"index","follow":"follow","max-snippet":"max-snippet:-1","max-image-preview":"max-image-preview:large","max-video-preview":"max-video-preview:-1"},"canonical":"https:\/\/afanof.eu\/fr\/nouvelle-collection-2026\/","og_locale":"fr_FR","og_type":"article","og_title":"Nouvelle collection 2026","og_description":"ART ET OBJET Une collection qui explore de nouvelles propositions en mat\u00e9riaux et en formes. Une s\u00e9lection d&rsquo;\u00e9ventails exceptionnels qui r\u00e9invente cet objet traditionnel avec une approche audacieuse et contemporaine. Contactez-nous pour plus d&rsquo;informations ici","og_url":"https:\/\/afanof.eu\/fr\/nouvelle-collection-2026\/","og_site_name":"A FAN OF","article_modified_time":"2025-09-25T14:42:19+00:00","twitter_card":"summary_large_image","twitter_misc":{"Dur\u00e9e de lecture estim\u00e9e":"1 minute"},"schema":{"@context":"https:\/\/schema.org","@graph":[{"@type":"WebPage","@id":"https:\/\/afanof.eu\/fr\/nouvelle-collection-2026\/","url":"https:\/\/afanof.eu\/fr\/nouvelle-collection-2026\/","name":"Nouvelle collection 2026 - A FAN OF","isPartOf":{"@id":"https:\/\/afanof.eu\/fr\/#website"},"datePublished":"2024-12-24T09:22:34+00:00","dateModified":"2025-09-25T14:42:19+00:00","inLanguage":"fr-FR","potentialAction":[{"@type":"ReadAction","target":["https:\/\/afanof.eu\/fr\/nouvelle-collection-2026\/"]}]},{"@type":"WebSite","@id":"https:\/\/afanof.eu\/fr\/#website","url":"https:\/\/afanof.eu\/fr\/","name":"A FAN OF","description":"","publisher":{"@id":"https:\/\/afanof.eu\/fr\/#organization"},"potentialAction":[{"@type":"SearchAction","target":{"@type":"EntryPoint","urlTemplate":"https:\/\/afanof.eu\/fr\/?s={search_term_string}"},"query-input":{"@type":"PropertyValueSpecification","valueRequired":true,"valueName":"search_term_string"}}],"inLanguage":"fr-FR"},{"@type":"Organization","@id":"https:\/\/afanof.eu\/fr\/#organization","name":"A Fan Of","url":"https:\/\/afanof.eu\/fr\/","logo":{"@type":"ImageObject","inLanguage":"fr-FR","@id":"https:\/\/afanof.eu\/fr\/#\/schema\/logo\/image\/","url":"","contentUrl":"","caption":"A Fan Of"},"image":{"@id":"https:\/\/afanof.eu\/fr\/#\/schema\/logo\/image\/"}}]}},"_links":{"self":[{"href":"https:\/\/afanof.eu\/fr\/wp-json\/wp\/v2\/pages\/11202","targetHints":{"allow":["GET"]}}],"collection":[{"href":"https:\/\/afanof.eu\/fr\/wp-json\/wp\/v2\/pages"}],"about":[{"href":"https:\/\/afanof.eu\/fr\/wp-json\/wp\/v2\/types\/page"}],"author":[{"embeddable":true,"href":"https:\/\/afanof.eu\/fr\/wp-json\/wp\/v2\/users\/1"}],"replies":[{"embeddable":true,"href":"https:\/\/afanof.eu\/fr\/wp-json\/wp\/v2\/comments?post=11202"}],"version-history":[{"count":5,"href":"https:\/\/afanof.eu\/fr\/wp-json\/wp\/v2\/pages\/11202\/revisions"}],"predecessor-version":[{"id":12473,"href":"https:\/\/afanof.eu\/fr\/wp-json\/wp\/v2\/pages\/11202\/revisions\/12473"}],"wp:attachment":[{"href":"https:\/\/afanof.eu\/fr\/wp-json\/wp\/v2\/media?parent=11202"}],"curies":[{"name":"wp","href":"https:\/\/api.w.org\/{rel}","templated":true}]}}