	{"id":9954,"date":"2024-02-01T16:33:01","date_gmt":"2024-02-01T15:33:01","guid":{"rendered":"https:\/\/afanof.eu\/?post_type=product&#038;p=9954"},"modified":"2025-11-06T15:02:25","modified_gmt":"2025-11-06T14:02:25","slug":"playground","status":"publish","type":"product","link":"https:\/\/afanof.eu\/es\/tienda\/estandar\/playground\/","title":{"rendered":"Abanico Playground"},"content":{"rendered":"<p>El abanico Playground es un dise\u00f1o din\u00e1mico de formas geom\u00e9tricas y colores vivos.<\/p>\n<p>Este abanico tiene un tama\u00f1o est\u00e1ndar con 23cm cerrado y 42cm abierto.<\/p>\n<p>Lo fabricamos de forma artesanal con tela de algod\u00f3n 100% estampada con tintes certificados por OEKO-TEX\u00ae ECO PASSPORT . La tela, se ensambla a mano una a una a varillas de madera de peral.<\/p>\n<p class=\"p1\">Te recomendamos que guardes y protejas tu abanico cuando no lo uses en bolsas de tela que podr\u00e1s encontrar <a href=\"https:\/\/afanof.eu\/es\/categoria-producto\/accesorios\/\"><span class=\"s1\"><b>AQU\u00cd.<\/b><\/span><\/a><\/p>\n","protected":false},"excerpt":{"rendered":"<p>El abanico Playground es un dise\u00f1o din\u00e1mico de formas geom\u00e9tricas y colores vivos. Este abanico tiene un tama\u00f1o est\u00e1ndar con 23cm cerrado y 42cm abierto. Lo fabricamos de forma artesanal con tela de algod\u00f3n 100% estampada con tintes certificados por OEKO-TEX\u00ae ECO PASSPORT . La tela, se ensambla a mano una a una a varillas [&hellip;]<\/p>\n","protected":false},"featured_media":11304,"comment_status":"open","ping_status":"closed","template":"","meta":{"_acf_changed":false,"_joinchat":[]},"product_brand":[],"product_cat":[15,153],"product_tag":[],"class_list":{"0":"post-9954","1":"product","2":"type-product","3":"status-publish","4":"has-post-thumbnail","6":"materials-algodon-100","7":"materials-made-in-spain","8":"materials-madera-de-peral","9":"materials-sin-barnices","10":"materials-tintas-eco","11":"product_cat-estandar","12":"product_cat-todos","14":"first","15":"outofstock","16":"taxable","17":"shipping-taxable","18":"purchasable","19":"product-type-simple"},"wpr_featured_image":["https:\/\/afanof.eu\/wp-content\/uploads\/2024\/02\/A-FAN-OF-Abanico-Eventail-STANDARD-Playground-150x150.webp",150,150,true],"acf":[],"yoast_head":"<!-- This site is optimized with the Yoast SEO Premium plugin v25.3 (Yoast SEO v27.3) - https:\/\/yoast.com\/product\/yoast-seo-premium-wordpress\/ -->\n<title>Abanico Playground - A FAN OF<\/title>\n<meta name=\"description\" content=\"Los abanicos A Fan Of son piezas con dise\u00f1os estampados originales, realizados de forma artesanal en Espa\u00f1a y utilizando materiales y procesos sostenibles.\" \/>\n<meta name=\"robots\" content=\"index, follow, max-snippet:-1, max-image-preview:large, max-video-preview:-1\" \/>\n<link rel=\"canonical\" href=\"https:\/\/afanof.eu\/es\/tienda\/estandar\/playground\/\" \/>\n<meta property=\"og:locale\" content=\"es_ES\" \/>\n<meta property=\"og:type\" content=\"article\" \/>\n<meta property=\"og:title\" content=\"Abanico Playground\" \/>\n<meta property=\"og:description\" content=\"Los abanicos A Fan Of son piezas con dise\u00f1os estampados originales, realizados de forma artesanal en Espa\u00f1a y utilizando materiales y procesos sostenibles.\" \/>\n<meta property=\"og:url\" content=\"https:\/\/afanof.eu\/es\/tienda\/estandar\/playground\/\" \/>\n<meta property=\"og:site_name\" content=\"A FAN OF\" \/>\n<meta property=\"article:modified_time\" content=\"2025-11-06T14:02:25+00:00\" \/>\n<meta property=\"og:image\" content=\"https:\/\/afanof.eu\/wp-content\/uploads\/2024\/02\/A-FAN-OF-Abanico-Eventail-STANDARD-Playground.webp\" \/>\n\t<meta property=\"og:image:width\" content=\"1000\" \/>\n\t<meta property=\"og:image:height\" content=\"1210\" \/>\n\t<meta property=\"og:image:type\" content=\"image\/webp\" \/>\n<meta name=\"twitter:card\" content=\"summary_large_image\" \/>\n<meta name=\"twitter:label1\" content=\"Tiempo de lectura\" \/>\n\t<meta name=\"twitter:data1\" content=\"1 minuto\" \/>\n<script type=\"application\/ld+json\" class=\"yoast-schema-graph\">{\"@context\":\"https:\\\/\\\/schema.org\",\"@graph\":[{\"@type\":\"WebPage\",\"@id\":\"https:\\\/\\\/afanof.eu\\\/es\\\/tienda\\\/estandar\\\/playground\\\/\",\"url\":\"https:\\\/\\\/afanof.eu\\\/es\\\/tienda\\\/estandar\\\/playground\\\/\",\"name\":\"Abanico Playground - A FAN OF\",\"isPartOf\":{\"@id\":\"https:\\\/\\\/afanof.eu\\\/es\\\/#website\"},\"primaryImageOfPage\":{\"@id\":\"https:\\\/\\\/afanof.eu\\\/es\\\/tienda\\\/estandar\\\/playground\\\/#primaryimage\"},\"image\":{\"@id\":\"https:\\\/\\\/afanof.eu\\\/es\\\/tienda\\\/estandar\\\/playground\\\/#primaryimage\"},\"thumbnailUrl\":\"https:\\\/\\\/afanof.eu\\\/wp-content\\\/uploads\\\/2024\\\/02\\\/A-FAN-OF-Abanico-Eventail-STANDARD-Playground.webp\",\"datePublished\":\"2024-02-01T15:33:01+00:00\",\"dateModified\":\"2025-11-06T14:02:25+00:00\",\"description\":\"Los abanicos A Fan Of son piezas con dise\u00f1os estampados originales, realizados de forma artesanal en Espa\u00f1a y utilizando materiales y procesos sostenibles.\",\"breadcrumb\":{\"@id\":\"https:\\\/\\\/afanof.eu\\\/es\\\/tienda\\\/estandar\\\/playground\\\/#breadcrumb\"},\"inLanguage\":\"es\",\"potentialAction\":[{\"@type\":\"ReadAction\",\"target\":[\"https:\\\/\\\/afanof.eu\\\/es\\\/tienda\\\/estandar\\\/playground\\\/\"]}]},{\"@type\":\"ImageObject\",\"inLanguage\":\"es\",\"@id\":\"https:\\\/\\\/afanof.eu\\\/es\\\/tienda\\\/estandar\\\/playground\\\/#primaryimage\",\"url\":\"https:\\\/\\\/afanof.eu\\\/wp-content\\\/uploads\\\/2024\\\/02\\\/A-FAN-OF-Abanico-Eventail-STANDARD-Playground.webp\",\"contentUrl\":\"https:\\\/\\\/afanof.eu\\\/wp-content\\\/uploads\\\/2024\\\/02\\\/A-FAN-OF-Abanico-Eventail-STANDARD-Playground.webp\",\"width\":1000,\"height\":1210},{\"@type\":\"BreadcrumbList\",\"@id\":\"https:\\\/\\\/afanof.eu\\\/es\\\/tienda\\\/estandar\\\/playground\\\/#breadcrumb\",\"itemListElement\":[{\"@type\":\"ListItem\",\"position\":1,\"name\":\"Tienda\",\"item\":\"https:\\\/\\\/afanof.eu\\\/es\\\/tienda\\\/\"},{\"@type\":\"ListItem\",\"position\":2,\"name\":\"Abanico Playground\"}]},{\"@type\":\"WebSite\",\"@id\":\"https:\\\/\\\/afanof.eu\\\/es\\\/#website\",\"url\":\"https:\\\/\\\/afanof.eu\\\/es\\\/\",\"name\":\"A FAN OF\",\"description\":\"\",\"publisher\":{\"@id\":\"https:\\\/\\\/afanof.eu\\\/es\\\/#organization\"},\"potentialAction\":[{\"@type\":\"SearchAction\",\"target\":{\"@type\":\"EntryPoint\",\"urlTemplate\":\"https:\\\/\\\/afanof.eu\\\/es\\\/?s={search_term_string}\"},\"query-input\":{\"@type\":\"PropertyValueSpecification\",\"valueRequired\":true,\"valueName\":\"search_term_string\"}}],\"inLanguage\":\"es\"},{\"@type\":\"Organization\",\"@id\":\"https:\\\/\\\/afanof.eu\\\/es\\\/#organization\",\"name\":\"A Fan Of\",\"url\":\"https:\\\/\\\/afanof.eu\\\/es\\\/\",\"logo\":{\"@type\":\"ImageObject\",\"inLanguage\":\"es\",\"@id\":\"https:\\\/\\\/afanof.eu\\\/es\\\/#\\\/schema\\\/logo\\\/image\\\/\",\"url\":\"\",\"contentUrl\":\"\",\"caption\":\"A Fan Of\"},\"image\":{\"@id\":\"https:\\\/\\\/afanof.eu\\\/es\\\/#\\\/schema\\\/logo\\\/image\\\/\"}}]}<\/script>\n<!-- \/ Yoast SEO Premium plugin. -->","yoast_head_json":{"title":"Abanico Playground - A FAN OF","description":"Los abanicos A Fan Of son piezas con dise\u00f1os estampados originales, realizados de forma artesanal en Espa\u00f1a y utilizando materiales y procesos sostenibles.","robots":{"index":"index","follow":"follow","max-snippet":"max-snippet:-1","max-image-preview":"max-image-preview:large","max-video-preview":"max-video-preview:-1"},"canonical":"https:\/\/afanof.eu\/es\/tienda\/estandar\/playground\/","og_locale":"es_ES","og_type":"article","og_title":"Abanico Playground","og_description":"Los abanicos A Fan Of son piezas con dise\u00f1os estampados originales, realizados de forma artesanal en Espa\u00f1a y utilizando materiales y procesos sostenibles.","og_url":"https:\/\/afanof.eu\/es\/tienda\/estandar\/playground\/","og_site_name":"A FAN OF","article_modified_time":"2025-11-06T14:02:25+00:00","og_image":[{"width":1000,"height":1210,"url":"https:\/\/afanof.eu\/wp-content\/uploads\/2024\/02\/A-FAN-OF-Abanico-Eventail-STANDARD-Playground.webp","type":"image\/webp"}],"twitter_card":"summary_large_image","twitter_misc":{"Tiempo de lectura":"1 minuto"},"schema":{"@context":"https:\/\/schema.org","@graph":[{"@type":"WebPage","@id":"https:\/\/afanof.eu\/es\/tienda\/estandar\/playground\/","url":"https:\/\/afanof.eu\/es\/tienda\/estandar\/playground\/","name":"Abanico Playground - A FAN OF","isPartOf":{"@id":"https:\/\/afanof.eu\/es\/#website"},"primaryImageOfPage":{"@id":"https:\/\/afanof.eu\/es\/tienda\/estandar\/playground\/#primaryimage"},"image":{"@id":"https:\/\/afanof.eu\/es\/tienda\/estandar\/playground\/#primaryimage"},"thumbnailUrl":"https:\/\/afanof.eu\/wp-content\/uploads\/2024\/02\/A-FAN-OF-Abanico-Eventail-STANDARD-Playground.webp","datePublished":"2024-02-01T15:33:01+00:00","dateModified":"2025-11-06T14:02:25+00:00","description":"Los abanicos A Fan Of son piezas con dise\u00f1os estampados originales, realizados de forma artesanal en Espa\u00f1a y utilizando materiales y procesos sostenibles.","breadcrumb":{"@id":"https:\/\/afanof.eu\/es\/tienda\/estandar\/playground\/#breadcrumb"},"inLanguage":"es","potentialAction":[{"@type":"ReadAction","target":["https:\/\/afanof.eu\/es\/tienda\/estandar\/playground\/"]}]},{"@type":"ImageObject","inLanguage":"es","@id":"https:\/\/afanof.eu\/es\/tienda\/estandar\/playground\/#primaryimage","url":"https:\/\/afanof.eu\/wp-content\/uploads\/2024\/02\/A-FAN-OF-Abanico-Eventail-STANDARD-Playground.webp","contentUrl":"https:\/\/afanof.eu\/wp-content\/uploads\/2024\/02\/A-FAN-OF-Abanico-Eventail-STANDARD-Playground.webp","width":1000,"height":1210},{"@type":"BreadcrumbList","@id":"https:\/\/afanof.eu\/es\/tienda\/estandar\/playground\/#breadcrumb","itemListElement":[{"@type":"ListItem","position":1,"name":"Tienda","item":"https:\/\/afanof.eu\/es\/tienda\/"},{"@type":"ListItem","position":2,"name":"Abanico Playground"}]},{"@type":"WebSite","@id":"https:\/\/afanof.eu\/es\/#website","url":"https:\/\/afanof.eu\/es\/","name":"A FAN OF","description":"","publisher":{"@id":"https:\/\/afanof.eu\/es\/#organization"},"potentialAction":[{"@type":"SearchAction","target":{"@type":"EntryPoint","urlTemplate":"https:\/\/afanof.eu\/es\/?s={search_term_string}"},"query-input":{"@type":"PropertyValueSpecification","valueRequired":true,"valueName":"search_term_string"}}],"inLanguage":"es"},{"@type":"Organization","@id":"https:\/\/afanof.eu\/es\/#organization","name":"A Fan Of","url":"https:\/\/afanof.eu\/es\/","logo":{"@type":"ImageObject","inLanguage":"es","@id":"https:\/\/afanof.eu\/es\/#\/schema\/logo\/image\/","url":"","contentUrl":"","caption":"A Fan Of"},"image":{"@id":"https:\/\/afanof.eu\/es\/#\/schema\/logo\/image\/"}}]}},"_links":{"self":[{"href":"https:\/\/afanof.eu\/es\/wp-json\/wp\/v2\/product\/9954","targetHints":{"allow":["GET"]}}],"collection":[{"href":"https:\/\/afanof.eu\/es\/wp-json\/wp\/v2\/product"}],"about":[{"href":"https:\/\/afanof.eu\/es\/wp-json\/wp\/v2\/types\/product"}],"replies":[{"embeddable":true,"href":"https:\/\/afanof.eu\/es\/wp-json\/wp\/v2\/comments?post=9954"}],"wp:featuredmedia":[{"embeddable":true,"href":"https:\/\/afanof.eu\/es\/wp-json\/wp\/v2\/media\/11304"}],"wp:attachment":[{"href":"https:\/\/afanof.eu\/es\/wp-json\/wp\/v2\/media?parent=9954"}],"wp:term":[{"taxonomy":"product_brand","embeddable":true,"href":"https:\/\/afanof.eu\/es\/wp-json\/wp\/v2\/product_brand?post=9954"},{"taxonomy":"product_cat","embeddable":true,"href":"https:\/\/afanof.eu\/es\/wp-json\/wp\/v2\/product_cat?post=9954"},{"taxonomy":"product_tag","embeddable":true,"href":"https:\/\/afanof.eu\/es\/wp-json\/wp\/v2\/product_tag?post=9954"}],"curies":[{"name":"wp","href":"https:\/\/api.w.org\/{rel}","templated":true}]}}