	{"id":7325,"date":"2023-06-14T11:22:49","date_gmt":"2023-06-14T09:22:49","guid":{"rendered":"https:\/\/afanof.eu\/?post_type=product&#038;p=7325"},"modified":"2026-03-27T16:39:03","modified_gmt":"2026-03-27T15:39:03","slug":"summer-fruits-mini","status":"publish","type":"product","link":"https:\/\/afanof.eu\/es\/tienda\/mini\/summer-fruits-mini\/","title":{"rendered":"Abanico Summer Fruits"},"content":{"rendered":"<p>El abanico Summer Fruits es un pedazo de verano, una rebanada de sand\u00eda jugosa y refrescante. Una imagen emblem\u00e1tica de los d\u00edas de verano.<\/p>\n<p class=\"p1\">Este abanico es de tama\u00f1o MINI, mide 34 cm abierto y\u00a0 19 cm cerrado.<\/p>\n<p>Lleva incorporado en el extremo de la madera, una anilla dorada para poder pasar un cord\u00f3n o cadena y llevarlo colgado como un collar para poder tenerlo siempre a mano.<\/p>\n<p class=\"p1\">Est\u00e1 fabricado de forma artesanal, con madera de peral pulida a mano sin barnizar y tela de algod\u00f3n 100 %, impresa con tintes ecol\u00f3gicos certificados por OEKO-TEX\u00ae ECO PASSPORT.<\/p>\n<p class=\"p1\">Puedes encontrar todos los collares y accesorios para tu abanico <a href=\"https:\/\/afanof.eu\/es\/categoria-producto\/accesorios\/\"><span class=\"s1\"><b>AQU\u00cd\u00a0<\/b><\/span><\/a><\/p>\n","protected":false},"excerpt":{"rendered":"<p>El abanico Summer Fruits es un pedazo de verano, una rebanada de sand\u00eda jugosa y refrescante. Una imagen emblem\u00e1tica de los d\u00edas de verano. Este abanico es de tama\u00f1o MINI, mide 34 cm abierto y\u00a0 19 cm cerrado. Lleva incorporado en el extremo de la madera, una anilla dorada para poder pasar un cord\u00f3n o [&hellip;]<\/p>\n","protected":false},"featured_media":12959,"comment_status":"open","ping_status":"closed","template":"","meta":{"_acf_changed":false,"_joinchat":[]},"product_brand":[],"product_cat":[118,153],"product_tag":[],"class_list":{"0":"post-7325","1":"product","2":"type-product","3":"status-publish","4":"has-post-thumbnail","6":"materials-algodon-100","7":"materials-made-in-spain","8":"materials-madera-de-peral","9":"materials-sin-barnices","10":"materials-tintas-eco","11":"product_cat-mini","12":"product_cat-todos","14":"first","15":"instock","16":"taxable","17":"shipping-taxable","18":"purchasable","19":"product-type-simple"},"wpr_featured_image":["https:\/\/afanof.eu\/wp-content\/uploads\/2025\/01\/a-fan-of-abanico-eventail-summerv-fruits-craftsmanship-150x150.webp",150,150,true],"acf":[],"yoast_head":"<!-- This site is optimized with the Yoast SEO Premium plugin v25.3 (Yoast SEO v27.3) - https:\/\/yoast.com\/product\/yoast-seo-premium-wordpress\/ -->\n<title>Abanico Summer Fruits - A FAN OF<\/title>\n<meta name=\"description\" content=\"Los abanicos A Fan Of son piezas con dise\u00f1os estampados originales, realizados de forma artesanal en Espa\u00f1a y utilizando materiales y procesos sostenibles.\" \/>\n<meta name=\"robots\" content=\"index, follow, max-snippet:-1, max-image-preview:large, max-video-preview:-1\" \/>\n<link rel=\"canonical\" href=\"https:\/\/afanof.eu\/es\/tienda\/mini\/summer-fruits-mini\/\" \/>\n<meta property=\"og:locale\" content=\"es_ES\" \/>\n<meta property=\"og:type\" content=\"article\" \/>\n<meta property=\"og:title\" content=\"Abanico Summer Fruits\" \/>\n<meta property=\"og:description\" content=\"Los abanicos A Fan Of son piezas con dise\u00f1os estampados originales, realizados de forma artesanal en Espa\u00f1a y utilizando materiales y procesos sostenibles.\" \/>\n<meta property=\"og:url\" content=\"https:\/\/afanof.eu\/es\/tienda\/mini\/summer-fruits-mini\/\" \/>\n<meta property=\"og:site_name\" content=\"A FAN OF\" \/>\n<meta property=\"article:modified_time\" content=\"2026-03-27T15:39:03+00:00\" \/>\n<meta property=\"og:image\" content=\"https:\/\/afanof.eu\/wp-content\/uploads\/2025\/01\/a-fan-of-abanico-eventail-summerv-fruits-craftsmanship.webp\" \/>\n\t<meta property=\"og:image:width\" content=\"1000\" \/>\n\t<meta property=\"og:image:height\" content=\"1210\" \/>\n\t<meta property=\"og:image:type\" content=\"image\/webp\" \/>\n<meta name=\"twitter:card\" content=\"summary_large_image\" \/>\n<meta name=\"twitter:label1\" content=\"Tiempo de lectura\" \/>\n\t<meta name=\"twitter:data1\" content=\"1 minuto\" \/>\n<script type=\"application\/ld+json\" class=\"yoast-schema-graph\">{\"@context\":\"https:\\\/\\\/schema.org\",\"@graph\":[{\"@type\":\"WebPage\",\"@id\":\"https:\\\/\\\/afanof.eu\\\/es\\\/tienda\\\/mini\\\/summer-fruits-mini\\\/\",\"url\":\"https:\\\/\\\/afanof.eu\\\/es\\\/tienda\\\/mini\\\/summer-fruits-mini\\\/\",\"name\":\"Abanico Summer Fruits - A FAN OF\",\"isPartOf\":{\"@id\":\"https:\\\/\\\/afanof.eu\\\/es\\\/#website\"},\"primaryImageOfPage\":{\"@id\":\"https:\\\/\\\/afanof.eu\\\/es\\\/tienda\\\/mini\\\/summer-fruits-mini\\\/#primaryimage\"},\"image\":{\"@id\":\"https:\\\/\\\/afanof.eu\\\/es\\\/tienda\\\/mini\\\/summer-fruits-mini\\\/#primaryimage\"},\"thumbnailUrl\":\"https:\\\/\\\/afanof.eu\\\/wp-content\\\/uploads\\\/2025\\\/01\\\/a-fan-of-abanico-eventail-summerv-fruits-craftsmanship.webp\",\"datePublished\":\"2023-06-14T09:22:49+00:00\",\"dateModified\":\"2026-03-27T15:39:03+00:00\",\"description\":\"Los abanicos A Fan Of son piezas con dise\u00f1os estampados originales, realizados de forma artesanal en Espa\u00f1a y utilizando materiales y procesos sostenibles.\",\"breadcrumb\":{\"@id\":\"https:\\\/\\\/afanof.eu\\\/es\\\/tienda\\\/mini\\\/summer-fruits-mini\\\/#breadcrumb\"},\"inLanguage\":\"es\",\"potentialAction\":[{\"@type\":\"ReadAction\",\"target\":[\"https:\\\/\\\/afanof.eu\\\/es\\\/tienda\\\/mini\\\/summer-fruits-mini\\\/\"]}]},{\"@type\":\"ImageObject\",\"inLanguage\":\"es\",\"@id\":\"https:\\\/\\\/afanof.eu\\\/es\\\/tienda\\\/mini\\\/summer-fruits-mini\\\/#primaryimage\",\"url\":\"https:\\\/\\\/afanof.eu\\\/wp-content\\\/uploads\\\/2025\\\/01\\\/a-fan-of-abanico-eventail-summerv-fruits-craftsmanship.webp\",\"contentUrl\":\"https:\\\/\\\/afanof.eu\\\/wp-content\\\/uploads\\\/2025\\\/01\\\/a-fan-of-abanico-eventail-summerv-fruits-craftsmanship.webp\",\"width\":1000,\"height\":1210},{\"@type\":\"BreadcrumbList\",\"@id\":\"https:\\\/\\\/afanof.eu\\\/es\\\/tienda\\\/mini\\\/summer-fruits-mini\\\/#breadcrumb\",\"itemListElement\":[{\"@type\":\"ListItem\",\"position\":1,\"name\":\"Tienda\",\"item\":\"https:\\\/\\\/afanof.eu\\\/es\\\/tienda\\\/\"},{\"@type\":\"ListItem\",\"position\":2,\"name\":\"Abanico Summer Fruits\"}]},{\"@type\":\"WebSite\",\"@id\":\"https:\\\/\\\/afanof.eu\\\/es\\\/#website\",\"url\":\"https:\\\/\\\/afanof.eu\\\/es\\\/\",\"name\":\"A FAN OF\",\"description\":\"\",\"publisher\":{\"@id\":\"https:\\\/\\\/afanof.eu\\\/es\\\/#organization\"},\"potentialAction\":[{\"@type\":\"SearchAction\",\"target\":{\"@type\":\"EntryPoint\",\"urlTemplate\":\"https:\\\/\\\/afanof.eu\\\/es\\\/?s={search_term_string}\"},\"query-input\":{\"@type\":\"PropertyValueSpecification\",\"valueRequired\":true,\"valueName\":\"search_term_string\"}}],\"inLanguage\":\"es\"},{\"@type\":\"Organization\",\"@id\":\"https:\\\/\\\/afanof.eu\\\/es\\\/#organization\",\"name\":\"A Fan Of\",\"url\":\"https:\\\/\\\/afanof.eu\\\/es\\\/\",\"logo\":{\"@type\":\"ImageObject\",\"inLanguage\":\"es\",\"@id\":\"https:\\\/\\\/afanof.eu\\\/es\\\/#\\\/schema\\\/logo\\\/image\\\/\",\"url\":\"\",\"contentUrl\":\"\",\"caption\":\"A Fan Of\"},\"image\":{\"@id\":\"https:\\\/\\\/afanof.eu\\\/es\\\/#\\\/schema\\\/logo\\\/image\\\/\"}}]}<\/script>\n<!-- \/ Yoast SEO Premium plugin. -->","yoast_head_json":{"title":"Abanico Summer Fruits - A FAN OF","description":"Los abanicos A Fan Of son piezas con dise\u00f1os estampados originales, realizados de forma artesanal en Espa\u00f1a y utilizando materiales y procesos sostenibles.","robots":{"index":"index","follow":"follow","max-snippet":"max-snippet:-1","max-image-preview":"max-image-preview:large","max-video-preview":"max-video-preview:-1"},"canonical":"https:\/\/afanof.eu\/es\/tienda\/mini\/summer-fruits-mini\/","og_locale":"es_ES","og_type":"article","og_title":"Abanico Summer Fruits","og_description":"Los abanicos A Fan Of son piezas con dise\u00f1os estampados originales, realizados de forma artesanal en Espa\u00f1a y utilizando materiales y procesos sostenibles.","og_url":"https:\/\/afanof.eu\/es\/tienda\/mini\/summer-fruits-mini\/","og_site_name":"A FAN OF","article_modified_time":"2026-03-27T15:39:03+00:00","og_image":[{"width":1000,"height":1210,"url":"https:\/\/afanof.eu\/wp-content\/uploads\/2025\/01\/a-fan-of-abanico-eventail-summerv-fruits-craftsmanship.webp","type":"image\/webp"}],"twitter_card":"summary_large_image","twitter_misc":{"Tiempo de lectura":"1 minuto"},"schema":{"@context":"https:\/\/schema.org","@graph":[{"@type":"WebPage","@id":"https:\/\/afanof.eu\/es\/tienda\/mini\/summer-fruits-mini\/","url":"https:\/\/afanof.eu\/es\/tienda\/mini\/summer-fruits-mini\/","name":"Abanico Summer Fruits - A FAN OF","isPartOf":{"@id":"https:\/\/afanof.eu\/es\/#website"},"primaryImageOfPage":{"@id":"https:\/\/afanof.eu\/es\/tienda\/mini\/summer-fruits-mini\/#primaryimage"},"image":{"@id":"https:\/\/afanof.eu\/es\/tienda\/mini\/summer-fruits-mini\/#primaryimage"},"thumbnailUrl":"https:\/\/afanof.eu\/wp-content\/uploads\/2025\/01\/a-fan-of-abanico-eventail-summerv-fruits-craftsmanship.webp","datePublished":"2023-06-14T09:22:49+00:00","dateModified":"2026-03-27T15:39:03+00:00","description":"Los abanicos A Fan Of son piezas con dise\u00f1os estampados originales, realizados de forma artesanal en Espa\u00f1a y utilizando materiales y procesos sostenibles.","breadcrumb":{"@id":"https:\/\/afanof.eu\/es\/tienda\/mini\/summer-fruits-mini\/#breadcrumb"},"inLanguage":"es","potentialAction":[{"@type":"ReadAction","target":["https:\/\/afanof.eu\/es\/tienda\/mini\/summer-fruits-mini\/"]}]},{"@type":"ImageObject","inLanguage":"es","@id":"https:\/\/afanof.eu\/es\/tienda\/mini\/summer-fruits-mini\/#primaryimage","url":"https:\/\/afanof.eu\/wp-content\/uploads\/2025\/01\/a-fan-of-abanico-eventail-summerv-fruits-craftsmanship.webp","contentUrl":"https:\/\/afanof.eu\/wp-content\/uploads\/2025\/01\/a-fan-of-abanico-eventail-summerv-fruits-craftsmanship.webp","width":1000,"height":1210},{"@type":"BreadcrumbList","@id":"https:\/\/afanof.eu\/es\/tienda\/mini\/summer-fruits-mini\/#breadcrumb","itemListElement":[{"@type":"ListItem","position":1,"name":"Tienda","item":"https:\/\/afanof.eu\/es\/tienda\/"},{"@type":"ListItem","position":2,"name":"Abanico Summer Fruits"}]},{"@type":"WebSite","@id":"https:\/\/afanof.eu\/es\/#website","url":"https:\/\/afanof.eu\/es\/","name":"A FAN OF","description":"","publisher":{"@id":"https:\/\/afanof.eu\/es\/#organization"},"potentialAction":[{"@type":"SearchAction","target":{"@type":"EntryPoint","urlTemplate":"https:\/\/afanof.eu\/es\/?s={search_term_string}"},"query-input":{"@type":"PropertyValueSpecification","valueRequired":true,"valueName":"search_term_string"}}],"inLanguage":"es"},{"@type":"Organization","@id":"https:\/\/afanof.eu\/es\/#organization","name":"A Fan Of","url":"https:\/\/afanof.eu\/es\/","logo":{"@type":"ImageObject","inLanguage":"es","@id":"https:\/\/afanof.eu\/es\/#\/schema\/logo\/image\/","url":"","contentUrl":"","caption":"A Fan Of"},"image":{"@id":"https:\/\/afanof.eu\/es\/#\/schema\/logo\/image\/"}}]}},"_links":{"self":[{"href":"https:\/\/afanof.eu\/es\/wp-json\/wp\/v2\/product\/7325","targetHints":{"allow":["GET"]}}],"collection":[{"href":"https:\/\/afanof.eu\/es\/wp-json\/wp\/v2\/product"}],"about":[{"href":"https:\/\/afanof.eu\/es\/wp-json\/wp\/v2\/types\/product"}],"replies":[{"embeddable":true,"href":"https:\/\/afanof.eu\/es\/wp-json\/wp\/v2\/comments?post=7325"}],"wp:featuredmedia":[{"embeddable":true,"href":"https:\/\/afanof.eu\/es\/wp-json\/wp\/v2\/media\/12959"}],"wp:attachment":[{"href":"https:\/\/afanof.eu\/es\/wp-json\/wp\/v2\/media?parent=7325"}],"wp:term":[{"taxonomy":"product_brand","embeddable":true,"href":"https:\/\/afanof.eu\/es\/wp-json\/wp\/v2\/product_brand?post=7325"},{"taxonomy":"product_cat","embeddable":true,"href":"https:\/\/afanof.eu\/es\/wp-json\/wp\/v2\/product_cat?post=7325"},{"taxonomy":"product_tag","embeddable":true,"href":"https:\/\/afanof.eu\/es\/wp-json\/wp\/v2\/product_tag?post=7325"}],"curies":[{"name":"wp","href":"https:\/\/api.w.org\/{rel}","templated":true}]}}