	{"id":11000,"date":"2024-11-14T13:43:46","date_gmt":"2024-11-14T12:43:46","guid":{"rendered":"https:\/\/afanof.eu\/?post_type=product&#038;p=11000"},"modified":"2025-05-08T11:50:25","modified_gmt":"2025-05-08T09:50:25","slug":"abanico-sorpresa","status":"publish","type":"product","link":"https:\/\/afanof.eu\/es\/tienda\/todos\/abanico-sorpresa\/","title":{"rendered":"ABANICO SORPRESA"},"content":{"rendered":"<p>Muestra de abanico de dimensiones y dise\u00f1o sorpresa. Adqui\u00e9relo por un m\u00f3dico precio de 5\u20ac. Este abanico puede haber sido una muestra de dise\u00f1o descartada o un abanico que ha estado expuesto. Su uso y funci\u00f3n est\u00e1n intactos, pero s\u00ed,\u00a0 puede tener alguna manchita en la tela o picadita en la madera, por este motivo su precio es tan ajustado. Deseamos que la sorpresa sea grata y el abanico te guste much\u00edsimo.<\/p>\n<ul>\n<li>S\u00f3lo puedes adquirir este abanico comprando uno o m\u00e1s abanicos de colecci\u00f3n.<\/li>\n<li>En este abanico no se aceptan devoluciones.<\/li>\n<\/ul>\n<p>&nbsp;<\/p>\n","protected":false},"excerpt":{"rendered":"<p>Muestra de abanico de dimensiones y dise\u00f1o sorpresa. Adqui\u00e9relo por un m\u00f3dico precio de 5\u20ac. Este abanico puede haber sido una muestra de dise\u00f1o descartada o un abanico que ha estado expuesto. Su uso y funci\u00f3n est\u00e1n intactos, pero s\u00ed,\u00a0 puede tener alguna manchita en la tela o picadita en la madera, por este motivo [&hellip;]<\/p>\n","protected":false},"featured_media":11139,"comment_status":"open","ping_status":"closed","template":"","meta":{"_acf_changed":false,"_joinchat":[]},"product_brand":[],"product_cat":[153],"product_tag":[],"class_list":{"0":"post-11000","1":"product","2":"type-product","3":"status-publish","4":"has-post-thumbnail","6":"materials-algodon-100","7":"materials-made-in-spain","8":"materials-madera-de-peral","9":"materials-sin-barnices","10":"materials-tintas-eco","11":"product_cat-todos","13":"first","14":"instock","15":"taxable","16":"shipping-taxable","17":"purchasable","18":"product-type-simple"},"wpr_featured_image":["https:\/\/afanof.eu\/wp-content\/uploads\/2024\/11\/A-FAN-OF-surprise-fan--150x150.webp",150,150,true],"acf":[],"yoast_head":"<!-- This site is optimized with the Yoast SEO Premium plugin v25.3 (Yoast SEO v27.4) - https:\/\/yoast.com\/product\/yoast-seo-premium-wordpress\/ -->\n<title>ABANICO SORPRESA - A FAN OF<\/title>\n<meta name=\"description\" content=\"Los abanicos A Fan Of son piezas con dise\u00f1os estampados originales, realizados de forma artesanal en Espa\u00f1a y utilizando materiales y procesos sostenibles.\" \/>\n<meta name=\"robots\" content=\"index, follow, max-snippet:-1, max-image-preview:large, max-video-preview:-1\" \/>\n<link rel=\"canonical\" href=\"https:\/\/afanof.eu\/es\/tienda\/todos\/abanico-sorpresa\/\" \/>\n<meta property=\"og:locale\" content=\"es_ES\" \/>\n<meta property=\"og:type\" content=\"article\" \/>\n<meta property=\"og:title\" content=\"ABANICO SORPRESA\" \/>\n<meta property=\"og:description\" content=\"Los abanicos A Fan Of son piezas con dise\u00f1os estampados originales, realizados de forma artesanal en Espa\u00f1a y utilizando materiales y procesos sostenibles.\" \/>\n<meta property=\"og:url\" content=\"https:\/\/afanof.eu\/es\/tienda\/todos\/abanico-sorpresa\/\" \/>\n<meta property=\"og:site_name\" content=\"A FAN OF\" \/>\n<meta property=\"article:modified_time\" content=\"2025-05-08T09:50:25+00:00\" \/>\n<meta property=\"og:image\" content=\"https:\/\/afanof.eu\/wp-content\/uploads\/2024\/11\/A-FAN-OF-surprise-fan-.webp\" \/>\n\t<meta property=\"og:image:width\" content=\"1000\" \/>\n\t<meta property=\"og:image:height\" content=\"1210\" \/>\n\t<meta property=\"og:image:type\" content=\"image\/webp\" \/>\n<meta name=\"twitter:card\" content=\"summary_large_image\" \/>\n<meta name=\"twitter:label1\" content=\"Tiempo de lectura\" \/>\n\t<meta name=\"twitter:data1\" content=\"1 minuto\" \/>\n<script type=\"application\/ld+json\" class=\"yoast-schema-graph\">{\"@context\":\"https:\\\/\\\/schema.org\",\"@graph\":[{\"@type\":\"WebPage\",\"@id\":\"https:\\\/\\\/afanof.eu\\\/es\\\/tienda\\\/todos\\\/abanico-sorpresa\\\/\",\"url\":\"https:\\\/\\\/afanof.eu\\\/es\\\/tienda\\\/todos\\\/abanico-sorpresa\\\/\",\"name\":\"ABANICO SORPRESA - A FAN OF\",\"isPartOf\":{\"@id\":\"https:\\\/\\\/afanof.eu\\\/es\\\/#website\"},\"primaryImageOfPage\":{\"@id\":\"https:\\\/\\\/afanof.eu\\\/es\\\/tienda\\\/todos\\\/abanico-sorpresa\\\/#primaryimage\"},\"image\":{\"@id\":\"https:\\\/\\\/afanof.eu\\\/es\\\/tienda\\\/todos\\\/abanico-sorpresa\\\/#primaryimage\"},\"thumbnailUrl\":\"https:\\\/\\\/afanof.eu\\\/wp-content\\\/uploads\\\/2024\\\/11\\\/A-FAN-OF-surprise-fan-.webp\",\"datePublished\":\"2024-11-14T12:43:46+00:00\",\"dateModified\":\"2025-05-08T09:50:25+00:00\",\"description\":\"Los abanicos A Fan Of son piezas con dise\u00f1os estampados originales, realizados de forma artesanal en Espa\u00f1a y utilizando materiales y procesos sostenibles.\",\"breadcrumb\":{\"@id\":\"https:\\\/\\\/afanof.eu\\\/es\\\/tienda\\\/todos\\\/abanico-sorpresa\\\/#breadcrumb\"},\"inLanguage\":\"es\",\"potentialAction\":[{\"@type\":\"ReadAction\",\"target\":[\"https:\\\/\\\/afanof.eu\\\/es\\\/tienda\\\/todos\\\/abanico-sorpresa\\\/\"]}]},{\"@type\":\"ImageObject\",\"inLanguage\":\"es\",\"@id\":\"https:\\\/\\\/afanof.eu\\\/es\\\/tienda\\\/todos\\\/abanico-sorpresa\\\/#primaryimage\",\"url\":\"https:\\\/\\\/afanof.eu\\\/wp-content\\\/uploads\\\/2024\\\/11\\\/A-FAN-OF-surprise-fan-.webp\",\"contentUrl\":\"https:\\\/\\\/afanof.eu\\\/wp-content\\\/uploads\\\/2024\\\/11\\\/A-FAN-OF-surprise-fan-.webp\",\"width\":1000,\"height\":1210},{\"@type\":\"BreadcrumbList\",\"@id\":\"https:\\\/\\\/afanof.eu\\\/es\\\/tienda\\\/todos\\\/abanico-sorpresa\\\/#breadcrumb\",\"itemListElement\":[{\"@type\":\"ListItem\",\"position\":1,\"name\":\"Tienda\",\"item\":\"https:\\\/\\\/afanof.eu\\\/es\\\/tienda\\\/\"},{\"@type\":\"ListItem\",\"position\":2,\"name\":\"ABANICO SORPRESA\"}]},{\"@type\":\"WebSite\",\"@id\":\"https:\\\/\\\/afanof.eu\\\/es\\\/#website\",\"url\":\"https:\\\/\\\/afanof.eu\\\/es\\\/\",\"name\":\"A FAN OF\",\"description\":\"\",\"publisher\":{\"@id\":\"https:\\\/\\\/afanof.eu\\\/es\\\/#organization\"},\"potentialAction\":[{\"@type\":\"SearchAction\",\"target\":{\"@type\":\"EntryPoint\",\"urlTemplate\":\"https:\\\/\\\/afanof.eu\\\/es\\\/?s={search_term_string}\"},\"query-input\":{\"@type\":\"PropertyValueSpecification\",\"valueRequired\":true,\"valueName\":\"search_term_string\"}}],\"inLanguage\":\"es\"},{\"@type\":\"Organization\",\"@id\":\"https:\\\/\\\/afanof.eu\\\/es\\\/#organization\",\"name\":\"A Fan Of\",\"url\":\"https:\\\/\\\/afanof.eu\\\/es\\\/\",\"logo\":{\"@type\":\"ImageObject\",\"inLanguage\":\"es\",\"@id\":\"https:\\\/\\\/afanof.eu\\\/es\\\/#\\\/schema\\\/logo\\\/image\\\/\",\"url\":\"\",\"contentUrl\":\"\",\"caption\":\"A Fan Of\"},\"image\":{\"@id\":\"https:\\\/\\\/afanof.eu\\\/es\\\/#\\\/schema\\\/logo\\\/image\\\/\"}}]}<\/script>\n<!-- \/ Yoast SEO Premium plugin. -->","yoast_head_json":{"title":"ABANICO SORPRESA - A FAN OF","description":"Los abanicos A Fan Of son piezas con dise\u00f1os estampados originales, realizados de forma artesanal en Espa\u00f1a y utilizando materiales y procesos sostenibles.","robots":{"index":"index","follow":"follow","max-snippet":"max-snippet:-1","max-image-preview":"max-image-preview:large","max-video-preview":"max-video-preview:-1"},"canonical":"https:\/\/afanof.eu\/es\/tienda\/todos\/abanico-sorpresa\/","og_locale":"es_ES","og_type":"article","og_title":"ABANICO SORPRESA","og_description":"Los abanicos A Fan Of son piezas con dise\u00f1os estampados originales, realizados de forma artesanal en Espa\u00f1a y utilizando materiales y procesos sostenibles.","og_url":"https:\/\/afanof.eu\/es\/tienda\/todos\/abanico-sorpresa\/","og_site_name":"A FAN OF","article_modified_time":"2025-05-08T09:50:25+00:00","og_image":[{"width":1000,"height":1210,"url":"https:\/\/afanof.eu\/wp-content\/uploads\/2024\/11\/A-FAN-OF-surprise-fan-.webp","type":"image\/webp"}],"twitter_card":"summary_large_image","twitter_misc":{"Tiempo de lectura":"1 minuto"},"schema":{"@context":"https:\/\/schema.org","@graph":[{"@type":"WebPage","@id":"https:\/\/afanof.eu\/es\/tienda\/todos\/abanico-sorpresa\/","url":"https:\/\/afanof.eu\/es\/tienda\/todos\/abanico-sorpresa\/","name":"ABANICO SORPRESA - A FAN OF","isPartOf":{"@id":"https:\/\/afanof.eu\/es\/#website"},"primaryImageOfPage":{"@id":"https:\/\/afanof.eu\/es\/tienda\/todos\/abanico-sorpresa\/#primaryimage"},"image":{"@id":"https:\/\/afanof.eu\/es\/tienda\/todos\/abanico-sorpresa\/#primaryimage"},"thumbnailUrl":"https:\/\/afanof.eu\/wp-content\/uploads\/2024\/11\/A-FAN-OF-surprise-fan-.webp","datePublished":"2024-11-14T12:43:46+00:00","dateModified":"2025-05-08T09:50:25+00:00","description":"Los abanicos A Fan Of son piezas con dise\u00f1os estampados originales, realizados de forma artesanal en Espa\u00f1a y utilizando materiales y procesos sostenibles.","breadcrumb":{"@id":"https:\/\/afanof.eu\/es\/tienda\/todos\/abanico-sorpresa\/#breadcrumb"},"inLanguage":"es","potentialAction":[{"@type":"ReadAction","target":["https:\/\/afanof.eu\/es\/tienda\/todos\/abanico-sorpresa\/"]}]},{"@type":"ImageObject","inLanguage":"es","@id":"https:\/\/afanof.eu\/es\/tienda\/todos\/abanico-sorpresa\/#primaryimage","url":"https:\/\/afanof.eu\/wp-content\/uploads\/2024\/11\/A-FAN-OF-surprise-fan-.webp","contentUrl":"https:\/\/afanof.eu\/wp-content\/uploads\/2024\/11\/A-FAN-OF-surprise-fan-.webp","width":1000,"height":1210},{"@type":"BreadcrumbList","@id":"https:\/\/afanof.eu\/es\/tienda\/todos\/abanico-sorpresa\/#breadcrumb","itemListElement":[{"@type":"ListItem","position":1,"name":"Tienda","item":"https:\/\/afanof.eu\/es\/tienda\/"},{"@type":"ListItem","position":2,"name":"ABANICO SORPRESA"}]},{"@type":"WebSite","@id":"https:\/\/afanof.eu\/es\/#website","url":"https:\/\/afanof.eu\/es\/","name":"A FAN OF","description":"","publisher":{"@id":"https:\/\/afanof.eu\/es\/#organization"},"potentialAction":[{"@type":"SearchAction","target":{"@type":"EntryPoint","urlTemplate":"https:\/\/afanof.eu\/es\/?s={search_term_string}"},"query-input":{"@type":"PropertyValueSpecification","valueRequired":true,"valueName":"search_term_string"}}],"inLanguage":"es"},{"@type":"Organization","@id":"https:\/\/afanof.eu\/es\/#organization","name":"A Fan Of","url":"https:\/\/afanof.eu\/es\/","logo":{"@type":"ImageObject","inLanguage":"es","@id":"https:\/\/afanof.eu\/es\/#\/schema\/logo\/image\/","url":"","contentUrl":"","caption":"A Fan Of"},"image":{"@id":"https:\/\/afanof.eu\/es\/#\/schema\/logo\/image\/"}}]}},"_links":{"self":[{"href":"https:\/\/afanof.eu\/es\/wp-json\/wp\/v2\/product\/11000","targetHints":{"allow":["GET"]}}],"collection":[{"href":"https:\/\/afanof.eu\/es\/wp-json\/wp\/v2\/product"}],"about":[{"href":"https:\/\/afanof.eu\/es\/wp-json\/wp\/v2\/types\/product"}],"replies":[{"embeddable":true,"href":"https:\/\/afanof.eu\/es\/wp-json\/wp\/v2\/comments?post=11000"}],"wp:featuredmedia":[{"embeddable":true,"href":"https:\/\/afanof.eu\/es\/wp-json\/wp\/v2\/media\/11139"}],"wp:attachment":[{"href":"https:\/\/afanof.eu\/es\/wp-json\/wp\/v2\/media?parent=11000"}],"wp:term":[{"taxonomy":"product_brand","embeddable":true,"href":"https:\/\/afanof.eu\/es\/wp-json\/wp\/v2\/product_brand?post=11000"},{"taxonomy":"product_cat","embeddable":true,"href":"https:\/\/afanof.eu\/es\/wp-json\/wp\/v2\/product_cat?post=11000"},{"taxonomy":"product_tag","embeddable":true,"href":"https:\/\/afanof.eu\/es\/wp-json\/wp\/v2\/product_tag?post=11000"}],"curies":[{"name":"wp","href":"https:\/\/api.w.org\/{rel}","templated":true}]}}