	{"id":10744,"date":"2024-06-28T13:17:15","date_gmt":"2024-06-28T11:17:15","guid":{"rendered":"https:\/\/afanof.eu\/?post_type=product&#038;p=10744"},"modified":"2025-10-06T15:06:48","modified_gmt":"2025-10-06T13:06:48","slug":"deep-blue","status":"publish","type":"product","link":"https:\/\/afanof.eu\/es\/tienda\/todos\/deep-blue\/","title":{"rendered":"Abanico Deep blue"},"content":{"rendered":"<p data-start=\"99\" data-end=\"300\">El abanico Deep Blue es \u00fanico en nuestra colecci\u00f3n. Combina una madera lacada color azul vibrante delicadamente tallada a mano con sinuosas formas huecas y 3cm de tela azul de algod\u00f3n que termina \u00e9l abanico por todo el contorno de la pieza.<\/p>\n<p data-start=\"99\" data-end=\"300\">Este abanico al tener mayor proporci\u00f3n de madera, abre y cierra con mayor ligereza, puesto que la madera se desliza con m\u00e1s facilidad al tener peso y textura lisa.<\/p>\n<p>Te recomendamos guardar cuidadosamente este abanico en una funda. <span style=\"text-decoration: underline; color: #0000ff;\"><strong><a style=\"color: #0000ff; text-decoration: underline;\" href=\"https:\/\/afanof.eu\/es\/categoria-producto\/accesorios\/\">AQU\u00cd <\/a><\/strong><\/span>podr\u00e1s encontrar las bolistas A FAN OF para guardar tu abanico.<\/p>\n","protected":false},"excerpt":{"rendered":"<p>El abanico Deep Blue es \u00fanico en nuestra colecci\u00f3n. Combina una madera lacada color azul vibrante delicadamente tallada a mano con sinuosas formas huecas y 3cm de tela azul de algod\u00f3n que termina \u00e9l abanico por todo el contorno de la pieza. Este abanico al tener mayor proporci\u00f3n de madera, abre y cierra con mayor [&hellip;]<\/p>\n","protected":false},"featured_media":10747,"comment_status":"open","ping_status":"closed","template":"","meta":{"_acf_changed":false,"_joinchat":[]},"product_brand":[],"product_cat":[201,153],"product_tag":[],"class_list":{"0":"post-10744","1":"product","2":"type-product","3":"status-publish","4":"has-post-thumbnail","6":"materials-algodon-100","7":"materials-made-in-spain","8":"materials-madera-de-peral","9":"product_cat-especiales","10":"product_cat-todos","12":"first","13":"outofstock","14":"featured","15":"taxable","16":"shipping-taxable","17":"purchasable","18":"product-type-simple"},"wpr_featured_image":["https:\/\/afanof.eu\/wp-content\/uploads\/2024\/06\/abanicos-a-fan-of-artesanal-olas-azul-150x150.webp",150,150,true],"acf":[],"yoast_head":"<!-- This site is optimized with the Yoast SEO Premium plugin v25.3 (Yoast SEO v27.3) - https:\/\/yoast.com\/product\/yoast-seo-premium-wordpress\/ -->\n<title>Abanico Deep blue - A FAN OF<\/title>\n<meta name=\"description\" content=\"Los abanicos A Fan Of son piezas con dise\u00f1os estampados originales, realizados de forma artesanal en Espa\u00f1a y utilizando materiales y procesos sostenibles.\" \/>\n<meta name=\"robots\" content=\"index, follow, max-snippet:-1, max-image-preview:large, max-video-preview:-1\" \/>\n<link rel=\"canonical\" href=\"https:\/\/afanof.eu\/es\/tienda\/todos\/deep-blue\/\" \/>\n<meta property=\"og:locale\" content=\"es_ES\" \/>\n<meta property=\"og:type\" content=\"article\" \/>\n<meta property=\"og:title\" content=\"Abanico Deep blue\" \/>\n<meta property=\"og:description\" content=\"Los abanicos A Fan Of son piezas con dise\u00f1os estampados originales, realizados de forma artesanal en Espa\u00f1a y utilizando materiales y procesos sostenibles.\" \/>\n<meta property=\"og:url\" content=\"https:\/\/afanof.eu\/es\/tienda\/todos\/deep-blue\/\" \/>\n<meta property=\"og:site_name\" content=\"A FAN OF\" \/>\n<meta property=\"article:modified_time\" content=\"2025-10-06T13:06:48+00:00\" \/>\n<meta property=\"og:image\" content=\"https:\/\/afanof.eu\/wp-content\/uploads\/2024\/06\/abanicos-a-fan-of-artesanal-olas-azul.webp\" \/>\n\t<meta property=\"og:image:width\" content=\"1000\" \/>\n\t<meta property=\"og:image:height\" content=\"1210\" \/>\n\t<meta property=\"og:image:type\" content=\"image\/webp\" \/>\n<meta name=\"twitter:card\" content=\"summary_large_image\" \/>\n<meta name=\"twitter:label1\" content=\"Tiempo de lectura\" \/>\n\t<meta name=\"twitter:data1\" content=\"1 minuto\" \/>\n<script type=\"application\/ld+json\" class=\"yoast-schema-graph\">{\"@context\":\"https:\\\/\\\/schema.org\",\"@graph\":[{\"@type\":\"WebPage\",\"@id\":\"https:\\\/\\\/afanof.eu\\\/es\\\/tienda\\\/todos\\\/deep-blue\\\/\",\"url\":\"https:\\\/\\\/afanof.eu\\\/es\\\/tienda\\\/todos\\\/deep-blue\\\/\",\"name\":\"Abanico Deep blue - A FAN OF\",\"isPartOf\":{\"@id\":\"https:\\\/\\\/afanof.eu\\\/es\\\/#website\"},\"primaryImageOfPage\":{\"@id\":\"https:\\\/\\\/afanof.eu\\\/es\\\/tienda\\\/todos\\\/deep-blue\\\/#primaryimage\"},\"image\":{\"@id\":\"https:\\\/\\\/afanof.eu\\\/es\\\/tienda\\\/todos\\\/deep-blue\\\/#primaryimage\"},\"thumbnailUrl\":\"https:\\\/\\\/afanof.eu\\\/wp-content\\\/uploads\\\/2024\\\/06\\\/abanicos-a-fan-of-artesanal-olas-azul.webp\",\"datePublished\":\"2024-06-28T11:17:15+00:00\",\"dateModified\":\"2025-10-06T13:06:48+00:00\",\"description\":\"Los abanicos A Fan Of son piezas con dise\u00f1os estampados originales, realizados de forma artesanal en Espa\u00f1a y utilizando materiales y procesos sostenibles.\",\"breadcrumb\":{\"@id\":\"https:\\\/\\\/afanof.eu\\\/es\\\/tienda\\\/todos\\\/deep-blue\\\/#breadcrumb\"},\"inLanguage\":\"es\",\"potentialAction\":[{\"@type\":\"ReadAction\",\"target\":[\"https:\\\/\\\/afanof.eu\\\/es\\\/tienda\\\/todos\\\/deep-blue\\\/\"]}]},{\"@type\":\"ImageObject\",\"inLanguage\":\"es\",\"@id\":\"https:\\\/\\\/afanof.eu\\\/es\\\/tienda\\\/todos\\\/deep-blue\\\/#primaryimage\",\"url\":\"https:\\\/\\\/afanof.eu\\\/wp-content\\\/uploads\\\/2024\\\/06\\\/abanicos-a-fan-of-artesanal-olas-azul.webp\",\"contentUrl\":\"https:\\\/\\\/afanof.eu\\\/wp-content\\\/uploads\\\/2024\\\/06\\\/abanicos-a-fan-of-artesanal-olas-azul.webp\",\"width\":1000,\"height\":1210},{\"@type\":\"BreadcrumbList\",\"@id\":\"https:\\\/\\\/afanof.eu\\\/es\\\/tienda\\\/todos\\\/deep-blue\\\/#breadcrumb\",\"itemListElement\":[{\"@type\":\"ListItem\",\"position\":1,\"name\":\"Tienda\",\"item\":\"https:\\\/\\\/afanof.eu\\\/es\\\/tienda\\\/\"},{\"@type\":\"ListItem\",\"position\":2,\"name\":\"Abanico Deep blue\"}]},{\"@type\":\"WebSite\",\"@id\":\"https:\\\/\\\/afanof.eu\\\/es\\\/#website\",\"url\":\"https:\\\/\\\/afanof.eu\\\/es\\\/\",\"name\":\"A FAN OF\",\"description\":\"\",\"publisher\":{\"@id\":\"https:\\\/\\\/afanof.eu\\\/es\\\/#organization\"},\"potentialAction\":[{\"@type\":\"SearchAction\",\"target\":{\"@type\":\"EntryPoint\",\"urlTemplate\":\"https:\\\/\\\/afanof.eu\\\/es\\\/?s={search_term_string}\"},\"query-input\":{\"@type\":\"PropertyValueSpecification\",\"valueRequired\":true,\"valueName\":\"search_term_string\"}}],\"inLanguage\":\"es\"},{\"@type\":\"Organization\",\"@id\":\"https:\\\/\\\/afanof.eu\\\/es\\\/#organization\",\"name\":\"A Fan Of\",\"url\":\"https:\\\/\\\/afanof.eu\\\/es\\\/\",\"logo\":{\"@type\":\"ImageObject\",\"inLanguage\":\"es\",\"@id\":\"https:\\\/\\\/afanof.eu\\\/es\\\/#\\\/schema\\\/logo\\\/image\\\/\",\"url\":\"\",\"contentUrl\":\"\",\"caption\":\"A Fan Of\"},\"image\":{\"@id\":\"https:\\\/\\\/afanof.eu\\\/es\\\/#\\\/schema\\\/logo\\\/image\\\/\"}}]}<\/script>\n<!-- \/ Yoast SEO Premium plugin. -->","yoast_head_json":{"title":"Abanico Deep blue - A FAN OF","description":"Los abanicos A Fan Of son piezas con dise\u00f1os estampados originales, realizados de forma artesanal en Espa\u00f1a y utilizando materiales y procesos sostenibles.","robots":{"index":"index","follow":"follow","max-snippet":"max-snippet:-1","max-image-preview":"max-image-preview:large","max-video-preview":"max-video-preview:-1"},"canonical":"https:\/\/afanof.eu\/es\/tienda\/todos\/deep-blue\/","og_locale":"es_ES","og_type":"article","og_title":"Abanico Deep blue","og_description":"Los abanicos A Fan Of son piezas con dise\u00f1os estampados originales, realizados de forma artesanal en Espa\u00f1a y utilizando materiales y procesos sostenibles.","og_url":"https:\/\/afanof.eu\/es\/tienda\/todos\/deep-blue\/","og_site_name":"A FAN OF","article_modified_time":"2025-10-06T13:06:48+00:00","og_image":[{"width":1000,"height":1210,"url":"https:\/\/afanof.eu\/wp-content\/uploads\/2024\/06\/abanicos-a-fan-of-artesanal-olas-azul.webp","type":"image\/webp"}],"twitter_card":"summary_large_image","twitter_misc":{"Tiempo de lectura":"1 minuto"},"schema":{"@context":"https:\/\/schema.org","@graph":[{"@type":"WebPage","@id":"https:\/\/afanof.eu\/es\/tienda\/todos\/deep-blue\/","url":"https:\/\/afanof.eu\/es\/tienda\/todos\/deep-blue\/","name":"Abanico Deep blue - A FAN OF","isPartOf":{"@id":"https:\/\/afanof.eu\/es\/#website"},"primaryImageOfPage":{"@id":"https:\/\/afanof.eu\/es\/tienda\/todos\/deep-blue\/#primaryimage"},"image":{"@id":"https:\/\/afanof.eu\/es\/tienda\/todos\/deep-blue\/#primaryimage"},"thumbnailUrl":"https:\/\/afanof.eu\/wp-content\/uploads\/2024\/06\/abanicos-a-fan-of-artesanal-olas-azul.webp","datePublished":"2024-06-28T11:17:15+00:00","dateModified":"2025-10-06T13:06:48+00:00","description":"Los abanicos A Fan Of son piezas con dise\u00f1os estampados originales, realizados de forma artesanal en Espa\u00f1a y utilizando materiales y procesos sostenibles.","breadcrumb":{"@id":"https:\/\/afanof.eu\/es\/tienda\/todos\/deep-blue\/#breadcrumb"},"inLanguage":"es","potentialAction":[{"@type":"ReadAction","target":["https:\/\/afanof.eu\/es\/tienda\/todos\/deep-blue\/"]}]},{"@type":"ImageObject","inLanguage":"es","@id":"https:\/\/afanof.eu\/es\/tienda\/todos\/deep-blue\/#primaryimage","url":"https:\/\/afanof.eu\/wp-content\/uploads\/2024\/06\/abanicos-a-fan-of-artesanal-olas-azul.webp","contentUrl":"https:\/\/afanof.eu\/wp-content\/uploads\/2024\/06\/abanicos-a-fan-of-artesanal-olas-azul.webp","width":1000,"height":1210},{"@type":"BreadcrumbList","@id":"https:\/\/afanof.eu\/es\/tienda\/todos\/deep-blue\/#breadcrumb","itemListElement":[{"@type":"ListItem","position":1,"name":"Tienda","item":"https:\/\/afanof.eu\/es\/tienda\/"},{"@type":"ListItem","position":2,"name":"Abanico Deep blue"}]},{"@type":"WebSite","@id":"https:\/\/afanof.eu\/es\/#website","url":"https:\/\/afanof.eu\/es\/","name":"A FAN OF","description":"","publisher":{"@id":"https:\/\/afanof.eu\/es\/#organization"},"potentialAction":[{"@type":"SearchAction","target":{"@type":"EntryPoint","urlTemplate":"https:\/\/afanof.eu\/es\/?s={search_term_string}"},"query-input":{"@type":"PropertyValueSpecification","valueRequired":true,"valueName":"search_term_string"}}],"inLanguage":"es"},{"@type":"Organization","@id":"https:\/\/afanof.eu\/es\/#organization","name":"A Fan Of","url":"https:\/\/afanof.eu\/es\/","logo":{"@type":"ImageObject","inLanguage":"es","@id":"https:\/\/afanof.eu\/es\/#\/schema\/logo\/image\/","url":"","contentUrl":"","caption":"A Fan Of"},"image":{"@id":"https:\/\/afanof.eu\/es\/#\/schema\/logo\/image\/"}}]}},"_links":{"self":[{"href":"https:\/\/afanof.eu\/es\/wp-json\/wp\/v2\/product\/10744","targetHints":{"allow":["GET"]}}],"collection":[{"href":"https:\/\/afanof.eu\/es\/wp-json\/wp\/v2\/product"}],"about":[{"href":"https:\/\/afanof.eu\/es\/wp-json\/wp\/v2\/types\/product"}],"replies":[{"embeddable":true,"href":"https:\/\/afanof.eu\/es\/wp-json\/wp\/v2\/comments?post=10744"}],"wp:featuredmedia":[{"embeddable":true,"href":"https:\/\/afanof.eu\/es\/wp-json\/wp\/v2\/media\/10747"}],"wp:attachment":[{"href":"https:\/\/afanof.eu\/es\/wp-json\/wp\/v2\/media?parent=10744"}],"wp:term":[{"taxonomy":"product_brand","embeddable":true,"href":"https:\/\/afanof.eu\/es\/wp-json\/wp\/v2\/product_brand?post=10744"},{"taxonomy":"product_cat","embeddable":true,"href":"https:\/\/afanof.eu\/es\/wp-json\/wp\/v2\/product_cat?post=10744"},{"taxonomy":"product_tag","embeddable":true,"href":"https:\/\/afanof.eu\/es\/wp-json\/wp\/v2\/product_tag?post=10744"}],"curies":[{"name":"wp","href":"https:\/\/api.w.org\/{rel}","templated":true}]}}