	{"id":7475,"date":"2023-06-14T18:57:29","date_gmt":"2023-06-14T16:57:29","guid":{"rendered":"https:\/\/afanof.eu\/?page_id=7475"},"modified":"2024-10-23T16:58:58","modified_gmt":"2024-10-23T14:58:58","slug":"gracias-por-apuntarte-al-newsletter","status":"publish","type":"page","link":"https:\/\/afanof.eu\/es\/gracias-por-apuntarte-al-newsletter\/","title":{"rendered":"Bienvenid@ a la fam\u00edlia A FAN OF"},"content":{"rendered":"<p>GRACIAS POR SUBSCRIBIRTE,<\/p>\n<p>EN BREVE RECIBIR\u00c1S EN TU MAIL<\/p>\n<p>EL C\u00d3DIGO DESCUENTO<\/p>\n","protected":false},"excerpt":{"rendered":"<p>GRACIAS POR SUBSCRIBIRTE, EN BREVE RECIBIR\u00c1S EN TU MAIL EL C\u00d3DIGO DESCUENTO<\/p>\n","protected":false},"author":1,"featured_media":0,"parent":0,"menu_order":0,"comment_status":"closed","ping_status":"closed","template":"page-thankyou.php","meta":{"_acf_changed":false,"_joinchat":[],"footnotes":""},"class_list":["post-7475","page","type-page","status-publish","hentry"],"acf":[],"yoast_head":"<!-- This site is optimized with the Yoast SEO Premium plugin v25.3 (Yoast SEO v27.4) - https:\/\/yoast.com\/product\/yoast-seo-premium-wordpress\/ -->\n<title>Bienvenid@ a la fam\u00edlia A FAN OF - A FAN OF<\/title>\n<meta name=\"robots\" content=\"index, follow, max-snippet:-1, max-image-preview:large, max-video-preview:-1\" \/>\n<link rel=\"canonical\" href=\"https:\/\/afanof.eu\/es\/gracias-por-apuntarte-al-newsletter\/\" \/>\n<meta property=\"og:locale\" content=\"es_ES\" \/>\n<meta property=\"og:type\" content=\"article\" \/>\n<meta property=\"og:title\" content=\"Bienvenid@ a la fam\u00edlia A FAN OF\" \/>\n<meta property=\"og:description\" content=\"GRACIAS POR SUBSCRIBIRTE, EN BREVE RECIBIR\u00c1S EN TU MAIL EL C\u00d3DIGO DESCUENTO\" \/>\n<meta property=\"og:url\" content=\"https:\/\/afanof.eu\/es\/gracias-por-apuntarte-al-newsletter\/\" \/>\n<meta property=\"og:site_name\" content=\"A FAN OF\" \/>\n<meta property=\"article:modified_time\" content=\"2024-10-23T14:58:58+00:00\" \/>\n<meta name=\"twitter:card\" content=\"summary_large_image\" \/>\n<meta name=\"twitter:label1\" content=\"Tiempo de lectura\" \/>\n\t<meta name=\"twitter:data1\" content=\"1 minuto\" \/>\n<script type=\"application\/ld+json\" class=\"yoast-schema-graph\">{\"@context\":\"https:\\\/\\\/schema.org\",\"@graph\":[{\"@type\":\"WebPage\",\"@id\":\"https:\\\/\\\/afanof.eu\\\/es\\\/gracias-por-apuntarte-al-newsletter\\\/\",\"url\":\"https:\\\/\\\/afanof.eu\\\/es\\\/gracias-por-apuntarte-al-newsletter\\\/\",\"name\":\"Bienvenid@ a la fam\u00edlia A FAN OF - A FAN OF\",\"isPartOf\":{\"@id\":\"https:\\\/\\\/afanof.eu\\\/es\\\/#website\"},\"datePublished\":\"2023-06-14T16:57:29+00:00\",\"dateModified\":\"2024-10-23T14:58:58+00:00\",\"inLanguage\":\"es\",\"potentialAction\":[{\"@type\":\"ReadAction\",\"target\":[\"https:\\\/\\\/afanof.eu\\\/es\\\/gracias-por-apuntarte-al-newsletter\\\/\"]}]},{\"@type\":\"WebSite\",\"@id\":\"https:\\\/\\\/afanof.eu\\\/es\\\/#website\",\"url\":\"https:\\\/\\\/afanof.eu\\\/es\\\/\",\"name\":\"A FAN OF\",\"description\":\"\",\"publisher\":{\"@id\":\"https:\\\/\\\/afanof.eu\\\/es\\\/#organization\"},\"potentialAction\":[{\"@type\":\"SearchAction\",\"target\":{\"@type\":\"EntryPoint\",\"urlTemplate\":\"https:\\\/\\\/afanof.eu\\\/es\\\/?s={search_term_string}\"},\"query-input\":{\"@type\":\"PropertyValueSpecification\",\"valueRequired\":true,\"valueName\":\"search_term_string\"}}],\"inLanguage\":\"es\"},{\"@type\":\"Organization\",\"@id\":\"https:\\\/\\\/afanof.eu\\\/es\\\/#organization\",\"name\":\"A Fan Of\",\"url\":\"https:\\\/\\\/afanof.eu\\\/es\\\/\",\"logo\":{\"@type\":\"ImageObject\",\"inLanguage\":\"es\",\"@id\":\"https:\\\/\\\/afanof.eu\\\/es\\\/#\\\/schema\\\/logo\\\/image\\\/\",\"url\":\"\",\"contentUrl\":\"\",\"caption\":\"A Fan Of\"},\"image\":{\"@id\":\"https:\\\/\\\/afanof.eu\\\/es\\\/#\\\/schema\\\/logo\\\/image\\\/\"}}]}<\/script>\n<!-- \/ Yoast SEO Premium plugin. -->","yoast_head_json":{"title":"Bienvenid@ a la fam\u00edlia A FAN OF - A FAN OF","robots":{"index":"index","follow":"follow","max-snippet":"max-snippet:-1","max-image-preview":"max-image-preview:large","max-video-preview":"max-video-preview:-1"},"canonical":"https:\/\/afanof.eu\/es\/gracias-por-apuntarte-al-newsletter\/","og_locale":"es_ES","og_type":"article","og_title":"Bienvenid@ a la fam\u00edlia A FAN OF","og_description":"GRACIAS POR SUBSCRIBIRTE, EN BREVE RECIBIR\u00c1S EN TU MAIL EL C\u00d3DIGO DESCUENTO","og_url":"https:\/\/afanof.eu\/es\/gracias-por-apuntarte-al-newsletter\/","og_site_name":"A FAN OF","article_modified_time":"2024-10-23T14:58:58+00:00","twitter_card":"summary_large_image","twitter_misc":{"Tiempo de lectura":"1 minuto"},"schema":{"@context":"https:\/\/schema.org","@graph":[{"@type":"WebPage","@id":"https:\/\/afanof.eu\/es\/gracias-por-apuntarte-al-newsletter\/","url":"https:\/\/afanof.eu\/es\/gracias-por-apuntarte-al-newsletter\/","name":"Bienvenid@ a la fam\u00edlia A FAN OF - A FAN OF","isPartOf":{"@id":"https:\/\/afanof.eu\/es\/#website"},"datePublished":"2023-06-14T16:57:29+00:00","dateModified":"2024-10-23T14:58:58+00:00","inLanguage":"es","potentialAction":[{"@type":"ReadAction","target":["https:\/\/afanof.eu\/es\/gracias-por-apuntarte-al-newsletter\/"]}]},{"@type":"WebSite","@id":"https:\/\/afanof.eu\/es\/#website","url":"https:\/\/afanof.eu\/es\/","name":"A FAN OF","description":"","publisher":{"@id":"https:\/\/afanof.eu\/es\/#organization"},"potentialAction":[{"@type":"SearchAction","target":{"@type":"EntryPoint","urlTemplate":"https:\/\/afanof.eu\/es\/?s={search_term_string}"},"query-input":{"@type":"PropertyValueSpecification","valueRequired":true,"valueName":"search_term_string"}}],"inLanguage":"es"},{"@type":"Organization","@id":"https:\/\/afanof.eu\/es\/#organization","name":"A Fan Of","url":"https:\/\/afanof.eu\/es\/","logo":{"@type":"ImageObject","inLanguage":"es","@id":"https:\/\/afanof.eu\/es\/#\/schema\/logo\/image\/","url":"","contentUrl":"","caption":"A Fan Of"},"image":{"@id":"https:\/\/afanof.eu\/es\/#\/schema\/logo\/image\/"}}]}},"_links":{"self":[{"href":"https:\/\/afanof.eu\/es\/wp-json\/wp\/v2\/pages\/7475","targetHints":{"allow":["GET"]}}],"collection":[{"href":"https:\/\/afanof.eu\/es\/wp-json\/wp\/v2\/pages"}],"about":[{"href":"https:\/\/afanof.eu\/es\/wp-json\/wp\/v2\/types\/page"}],"author":[{"embeddable":true,"href":"https:\/\/afanof.eu\/es\/wp-json\/wp\/v2\/users\/1"}],"replies":[{"embeddable":true,"href":"https:\/\/afanof.eu\/es\/wp-json\/wp\/v2\/comments?post=7475"}],"version-history":[{"count":7,"href":"https:\/\/afanof.eu\/es\/wp-json\/wp\/v2\/pages\/7475\/revisions"}],"predecessor-version":[{"id":10979,"href":"https:\/\/afanof.eu\/es\/wp-json\/wp\/v2\/pages\/7475\/revisions\/10979"}],"wp:attachment":[{"href":"https:\/\/afanof.eu\/es\/wp-json\/wp\/v2\/media?parent=7475"}],"curies":[{"name":"wp","href":"https:\/\/api.w.org\/{rel}","templated":true}]}}