	{"id":738,"date":"2021-04-07T17:32:40","date_gmt":"2021-04-07T15:32:40","guid":{"rendered":"https:\/\/afanof.eu\/?page_id=738"},"modified":"2024-06-14T12:47:05","modified_gmt":"2024-06-14T10:47:05","slug":"politica-de-cookies","status":"publish","type":"page","link":"https:\/\/afanof.eu\/es\/politica-de-cookies\/","title":{"rendered":"Pol\u00edtica de cookies"},"content":{"rendered":"<p>POL\u00cdTICA DE COOKIES<br \/>\nEsta pol\u00edtica detalla la utilizaci\u00f3n que el sitio web www.afanof.eu hace de las cookies, los archivos y las tecnolog\u00edas de cookies en sus p\u00e1ginas web. Al visitar esta p\u00e1gina web, estando el navegador configurado para aceptar la instalaci\u00f3n de cookies, se considera aceptada la instalaci\u00f3n de cookies y el modo en que se utilizan dichas cookies. Las Cookies permiten mejorar y optimizar la experiencia del usuario en la navegaci\u00f3n por este sitio web. En caso de no aceptar Cookies, es posible configurar las caracter\u00edsticas del navegador de Internet para que las borre del disco duro del equipo, las bloquee o notifique la existencia de cookies antes de su instalaci\u00f3n. Para continuar sin cambios en la configuraci\u00f3n de las cookies, solo es necesario seguir visitando este sitio web.<\/p>\n<p>A continuaci\u00f3n se detalla qu\u00e9 son las \u201cCookies\u201d, qu\u00e9 tipolog\u00eda utiliza este sitio web, c\u00f3mo pueden desactivarse en la configuraci\u00f3n del navegador y c\u00f3mo bloquear espec\u00edficamente la instalaci\u00f3n de Cookies de terceros.<\/p>\n<p>\u00bfQu\u00e9 son las cookies y c\u00f3mo funcionan?Una cookie es un fichero que se descarga en el equipo al acceder a determinadas p\u00e1ginas web para almacenar y recuperar informaci\u00f3n sobre la navegaci\u00f3n que se efect\u00faa desde dicho equipo. Es posible obtener m\u00e1s informaci\u00f3n sobre estas tecnolog\u00edas y su funcionamiento, en p\u00e1ginas como allaboutcookies.org.<\/p>\n<p>El uso de Cookies permite optimizar la navegaci\u00f3n, adaptando la informaci\u00f3n y los servicios ofrecidos a los intereses del usuario, para proporcionar una mejor experiencia en cada nueva visita a este sitio web.<br \/>\nLas Cookies se asocian \u00fanicamente a un usuario an\u00f3nimo y su ordenador\/dispositivo y no proporcionan referencias que permitan conocer datos personales. En todo momento ser\u00e1 posible acceder a la configuraci\u00f3n del navegador para modificar y\/o bloquear la instalaci\u00f3n de las Cookies enviadas por este sitio Web, sin que ello impida al acceso a los contenidos. Sin embargo, la calidad del funcionamiento de los Servicios puede verse afectada.<\/p>\n<p>Tipos de cookies<br \/>\nSeg\u00fan quien sea la entidad que gestione el dominio desde donde se env\u00edan las cookies y trate los datos que se obtengan se pueden distinguir dos tipos: cookies propias y cookies de terceros. Las Cookies propias son aquellas Cookies que son enviadas al equipo y gestionadas exclusivamente para el mejor funcionamiento del Sitio Web.<br \/>\nAl interactuar con el contenido de este Sitio Web tambi\u00e9n pueden establecerse cookies de terceros (por ejemplo, al pulsar botones de redes sociales o visionar v\u00eddeos alojados en otro sitio web), que son aquellas establecidas por un dominio diferente de este Sitio Web. No es posible acceder a los datos almacenados en las cookies de otros sitios web mientras se navegue en dichos sitios web.<\/p>\n<p>Existe tambi\u00e9n otra clasificaci\u00f3n seg\u00fan el plazo de tiempo que permanecen almacenadas en el navegador del cliente, pudiendo tratarse de cookies de sesi\u00f3n o cookies permanentes. Las cookies de sesi\u00f3n expiran cuando el Usuario abandona la p\u00e1gina o cierra el navegador, es decir, s\u00f3lo est\u00e1n activas mientras dura la visita al sitio web y son borradas del equipo al abandonarlo. Las permanentes expiran cuando se cumple el objetivo para el que sirven o bien cuando se borran manualmente, tienen fecha de borrado y se utilizan normalmente en procesos de compra online, personalizaciones o en el registro, para no tener que introducir la contrase\u00f1a de usuario constantemente.<br \/>\nPor \u00faltimo, existe otra clasificaci\u00f3n con cinco tipos de cookies seg\u00fan la finalidad para la que se traten los datos obtenidos: cookies t\u00e9cnicas, cookies de personalizaci\u00f3n, cookies de an\u00e1lisis, cookies publicitarias y cookies de publicidad comportamental.<\/p>\n<p>Cookies utilizadas en la web<br \/>\nA continuaci\u00f3n se identifican las cookies que est\u00e1n siendo utilizadas en este portal as\u00ed como su tipolog\u00eda y funci\u00f3n:<br \/>\nAlgunas son estrictamente necesarias para que la p\u00e1gina funcione bien y otras sirven para mejorar el rendimiento y la experiencia de usuario. Navegar por este portal web supone que se puedan instalar los siguientes tipos de Cookies:<br \/>\nLas cookies estrictamente necesarias que sirven para: facilitar servicios o proporcionar informaci\u00f3n solicitada a trav\u00e9s del Sitio y utilizar las funciones esenciales; por ejemplo, las cookies necesarias para proporcionar la funcionalidad del carro de la compra, o bien necesarias para mejorar la seguridad o evitar fraudes. Si se desactivan estas cookies, no ser\u00e1 posible satisfacer las solicitudes de usuario.<br \/>\n\u2022 Cookies t\u00e9cnicas: Son aqu\u00e9llas que permiten al usuario la navegaci\u00f3n a trav\u00e9s de una p\u00e1gina web, plataforma o aplicaci\u00f3n y la utilizaci\u00f3n de las diferentes opciones o servicios que en ella existan como, por ejemplo, controlar el tr\u00e1fico y la comunicaci\u00f3n de datos, identificar la sesi\u00f3n, acceder a partes de acceso restringido, recordar los elementos que integran un pedido, realizar el proceso de compra de un pedido, realizar la solicitud de inscripci\u00f3n o participaci\u00f3n en un evento, utilizar elementos de seguridad durante<\/p>\n","protected":false},"excerpt":{"rendered":"<p>POL\u00cdTICA DE COOKIES Esta pol\u00edtica detalla la utilizaci\u00f3n que el sitio web www.afanof.eu hace de las cookies, los archivos y las tecnolog\u00edas de cookies en sus p\u00e1ginas web. Al visitar esta p\u00e1gina web, estando el navegador configurado para aceptar la instalaci\u00f3n de cookies, se considera aceptada la instalaci\u00f3n de cookies y el modo en que [&hellip;]<\/p>\n","protected":false},"author":1,"featured_media":0,"parent":0,"menu_order":0,"comment_status":"closed","ping_status":"closed","template":"page-legal.php","meta":{"_acf_changed":false,"_joinchat":[],"footnotes":""},"class_list":["post-738","page","type-page","status-publish","hentry"],"acf":[],"yoast_head":"<!-- This site is optimized with the Yoast SEO Premium plugin v25.3 (Yoast SEO v27.4) - https:\/\/yoast.com\/product\/yoast-seo-premium-wordpress\/ -->\n<title>Pol\u00edtica de cookies | A FAN OF<\/title>\n<meta name=\"description\" content=\"Conoce la pol\u00edtica de Cookies de A FAN OF. Compra con confianza.\" \/>\n<meta name=\"robots\" content=\"index, follow, max-snippet:-1, max-image-preview:large, max-video-preview:-1\" \/>\n<link rel=\"canonical\" href=\"https:\/\/afanof.eu\/es\/politica-de-cookies\/\" \/>\n<meta property=\"og:locale\" content=\"es_ES\" \/>\n<meta property=\"og:type\" content=\"article\" \/>\n<meta property=\"og:title\" content=\"Pol\u00edtica de cookies\" \/>\n<meta property=\"og:description\" content=\"Conoce la pol\u00edtica de Cookies de A FAN OF. Compra con confianza.\" \/>\n<meta property=\"og:url\" content=\"https:\/\/afanof.eu\/es\/politica-de-cookies\/\" \/>\n<meta property=\"og:site_name\" content=\"A FAN OF\" \/>\n<meta property=\"article:modified_time\" content=\"2024-06-14T10:47:05+00:00\" \/>\n<meta name=\"twitter:card\" content=\"summary_large_image\" \/>\n<script type=\"application\/ld+json\" class=\"yoast-schema-graph\">{\"@context\":\"https:\\\/\\\/schema.org\",\"@graph\":[{\"@type\":\"WebPage\",\"@id\":\"https:\\\/\\\/afanof.eu\\\/es\\\/politica-de-cookies\\\/\",\"url\":\"https:\\\/\\\/afanof.eu\\\/es\\\/politica-de-cookies\\\/\",\"name\":\"Pol\u00edtica de cookies | A FAN OF\",\"isPartOf\":{\"@id\":\"https:\\\/\\\/afanof.eu\\\/es\\\/#website\"},\"datePublished\":\"2021-04-07T15:32:40+00:00\",\"dateModified\":\"2024-06-14T10:47:05+00:00\",\"description\":\"Conoce la pol\u00edtica de Cookies de A FAN OF. Compra con confianza.\",\"inLanguage\":\"es\",\"potentialAction\":[{\"@type\":\"ReadAction\",\"target\":[\"https:\\\/\\\/afanof.eu\\\/es\\\/politica-de-cookies\\\/\"]}]},{\"@type\":\"WebSite\",\"@id\":\"https:\\\/\\\/afanof.eu\\\/es\\\/#website\",\"url\":\"https:\\\/\\\/afanof.eu\\\/es\\\/\",\"name\":\"A FAN OF\",\"description\":\"\",\"publisher\":{\"@id\":\"https:\\\/\\\/afanof.eu\\\/es\\\/#organization\"},\"potentialAction\":[{\"@type\":\"SearchAction\",\"target\":{\"@type\":\"EntryPoint\",\"urlTemplate\":\"https:\\\/\\\/afanof.eu\\\/es\\\/?s={search_term_string}\"},\"query-input\":{\"@type\":\"PropertyValueSpecification\",\"valueRequired\":true,\"valueName\":\"search_term_string\"}}],\"inLanguage\":\"es\"},{\"@type\":\"Organization\",\"@id\":\"https:\\\/\\\/afanof.eu\\\/es\\\/#organization\",\"name\":\"A Fan Of\",\"url\":\"https:\\\/\\\/afanof.eu\\\/es\\\/\",\"logo\":{\"@type\":\"ImageObject\",\"inLanguage\":\"es\",\"@id\":\"https:\\\/\\\/afanof.eu\\\/es\\\/#\\\/schema\\\/logo\\\/image\\\/\",\"url\":\"\",\"contentUrl\":\"\",\"caption\":\"A Fan Of\"},\"image\":{\"@id\":\"https:\\\/\\\/afanof.eu\\\/es\\\/#\\\/schema\\\/logo\\\/image\\\/\"}}]}<\/script>\n<!-- \/ Yoast SEO Premium plugin. -->","yoast_head_json":{"title":"Pol\u00edtica de cookies | A FAN OF","description":"Conoce la pol\u00edtica de Cookies de A FAN OF. Compra con confianza.","robots":{"index":"index","follow":"follow","max-snippet":"max-snippet:-1","max-image-preview":"max-image-preview:large","max-video-preview":"max-video-preview:-1"},"canonical":"https:\/\/afanof.eu\/es\/politica-de-cookies\/","og_locale":"es_ES","og_type":"article","og_title":"Pol\u00edtica de cookies","og_description":"Conoce la pol\u00edtica de Cookies de A FAN OF. Compra con confianza.","og_url":"https:\/\/afanof.eu\/es\/politica-de-cookies\/","og_site_name":"A FAN OF","article_modified_time":"2024-06-14T10:47:05+00:00","twitter_card":"summary_large_image","schema":{"@context":"https:\/\/schema.org","@graph":[{"@type":"WebPage","@id":"https:\/\/afanof.eu\/es\/politica-de-cookies\/","url":"https:\/\/afanof.eu\/es\/politica-de-cookies\/","name":"Pol\u00edtica de cookies | A FAN OF","isPartOf":{"@id":"https:\/\/afanof.eu\/es\/#website"},"datePublished":"2021-04-07T15:32:40+00:00","dateModified":"2024-06-14T10:47:05+00:00","description":"Conoce la pol\u00edtica de Cookies de A FAN OF. Compra con confianza.","inLanguage":"es","potentialAction":[{"@type":"ReadAction","target":["https:\/\/afanof.eu\/es\/politica-de-cookies\/"]}]},{"@type":"WebSite","@id":"https:\/\/afanof.eu\/es\/#website","url":"https:\/\/afanof.eu\/es\/","name":"A FAN OF","description":"","publisher":{"@id":"https:\/\/afanof.eu\/es\/#organization"},"potentialAction":[{"@type":"SearchAction","target":{"@type":"EntryPoint","urlTemplate":"https:\/\/afanof.eu\/es\/?s={search_term_string}"},"query-input":{"@type":"PropertyValueSpecification","valueRequired":true,"valueName":"search_term_string"}}],"inLanguage":"es"},{"@type":"Organization","@id":"https:\/\/afanof.eu\/es\/#organization","name":"A Fan Of","url":"https:\/\/afanof.eu\/es\/","logo":{"@type":"ImageObject","inLanguage":"es","@id":"https:\/\/afanof.eu\/es\/#\/schema\/logo\/image\/","url":"","contentUrl":"","caption":"A Fan Of"},"image":{"@id":"https:\/\/afanof.eu\/es\/#\/schema\/logo\/image\/"}}]}},"_links":{"self":[{"href":"https:\/\/afanof.eu\/es\/wp-json\/wp\/v2\/pages\/738","targetHints":{"allow":["GET"]}}],"collection":[{"href":"https:\/\/afanof.eu\/es\/wp-json\/wp\/v2\/pages"}],"about":[{"href":"https:\/\/afanof.eu\/es\/wp-json\/wp\/v2\/types\/page"}],"author":[{"embeddable":true,"href":"https:\/\/afanof.eu\/es\/wp-json\/wp\/v2\/users\/1"}],"replies":[{"embeddable":true,"href":"https:\/\/afanof.eu\/es\/wp-json\/wp\/v2\/comments?post=738"}],"version-history":[{"count":10,"href":"https:\/\/afanof.eu\/es\/wp-json\/wp\/v2\/pages\/738\/revisions"}],"predecessor-version":[{"id":10666,"href":"https:\/\/afanof.eu\/es\/wp-json\/wp\/v2\/pages\/738\/revisions\/10666"}],"wp:attachment":[{"href":"https:\/\/afanof.eu\/es\/wp-json\/wp\/v2\/media?parent=738"}],"curies":[{"name":"wp","href":"https:\/\/api.w.org\/{rel}","templated":true}]}}