	{"id":73,"date":"2020-11-30T15:50:42","date_gmt":"2020-11-30T14:50:42","guid":{"rendered":"https:\/\/afanof.eu\/?page_id=73"},"modified":"2024-06-14T12:19:13","modified_gmt":"2024-06-14T10:19:13","slug":"faqs","status":"publish","type":"page","link":"https:\/\/afanof.eu\/es\/faqs\/","title":{"rendered":"FAQ&#8217;S"},"content":{"rendered":"<p><strong>PREGUNTAS \/ RESPUESTAS<\/strong><\/p>\n<p><strong>\u00bfQu\u00e9 m\u00e9todos de pago se aceptan?<\/strong><\/p>\n<p>El pago de los pedidos en l\u00ednea puede realizarse mediante los siguientes m\u00e9todos:<\/p>\n<ul>\n<li>Tarjeta de cr\u00e9dito (Visa)<\/li>\n<li>PayPal<\/li>\n<\/ul>\n<p><strong>\u00bfCu\u00e1l es su pol\u00edtica de devoluci\u00f3n?<\/strong><\/p>\n<p>Los art\u00edculos de A FAN OF pueden devolverse dentro de los 15 d\u00edas siguientes a la fecha de entrega. Las devoluciones dentro de este per\u00edodo recibir\u00e1n un reembolso completo seg\u00fan el m\u00e9todo de pago original, siempre que el art\u00edculo no haya sido usado y se devuelva en su embalaje original.<\/p>\n<p><strong>\u00bfCu\u00e1nto cuesta el env\u00edo?<\/strong><\/p>\n<p>Los gastos de env\u00edo dependen de la direcci\u00f3n de entrega y de de su pedido. Antes de realizar el pago, visite nuestra secci\u00f3n \u00abenv\u00edos y devoluciones\u00bb https:\/\/afanof.eu\/es\/envios-y-devoluciones\/ para ver los precios de env\u00edo est\u00e1ndar por pa\u00eds.<\/p>\n<p><strong>\u00bfEn cu\u00e1ntos d\u00edas recibir\u00e9 mi paquete?<\/strong><\/p>\n<p>Puede verificar los tiempos de entrega para los env\u00edos y devoluciones. Si hubiera variaciones en el plazo de entrega debido a problemas log\u00edsticos o fuerza mayor, le informaremos y le ofreceremos la opci\u00f3n de proceder con la compra fijando una nueva fecha de entrega.<\/p>\n<p><strong>\u00bfEstar\u00e1n disponibles nuevamente los art\u00edculos agotados?<\/strong><\/p>\n<p>La mayor\u00eda de los art\u00edculos de la colecci\u00f3n en curso, estar\u00e1n disponibles nuevamente, exceptuando las colaboraciones con artistas por tratarse de ediciones limitadas . Para m\u00e1s informaci\u00f3n sobre un producto espec\u00edfico, env\u00ede un correo electr\u00f3nico a fan@afaonof.eu.<\/p>\n<p><strong>\u00bfQu\u00e9 sucede si mi pedido no ha sido entregado?<\/strong><\/p>\n<p>Aunque hacemos todo lo posible por procesar todos los pedidos, puede haber circunstancias excepcionales que impidan que podamos procesar un pedido despu\u00e9s de haber enviado la confirmaci\u00f3n. En ese caso, procederemos a reembolsar la cantidad pagada. Si el pedido no pudo ser entregado por razones fuera del control de A Fan Of (como la ausencia del cliente en la direcci\u00f3n indicada despu\u00e9s de dos intentos de entrega por parte de la agencia de transporte), el pedido ser\u00e1 devuelto a nuestras instalaciones. Solo se volver\u00e1 a enviar si el cliente acepta pagar nuevamente los gastos de env\u00edo.<\/p>\n<p><strong>\u00bfPuedo cancelar mi pedido?<\/strong><\/p>\n<p>El Cliente no podr\u00e1 solicitar la cancelaci\u00f3n de su pedido una vez realizado el pago.<\/p>\n<p><strong>\u00bfD\u00f3nde se realizan los env\u00edos?<\/strong><\/p>\n<p>\u00a1Realizamos env\u00edos a todas las regiones del mundo!<\/p>\n<p><strong>\u00bfDurante cu\u00e1nto tiempo puedo mantener art\u00edculos en mi carrito?<\/strong><\/p>\n<p>Puede conservar los art\u00edculos en su carrito durante 48 horas.<\/p>\n","protected":false},"excerpt":{"rendered":"<p>PREGUNTAS \/ RESPUESTAS \u00bfQu\u00e9 m\u00e9todos de pago se aceptan? El pago de los pedidos en l\u00ednea puede realizarse mediante los siguientes m\u00e9todos: Tarjeta de cr\u00e9dito (Visa) PayPal \u00bfCu\u00e1l es su pol\u00edtica de devoluci\u00f3n? Los art\u00edculos de A FAN OF pueden devolverse dentro de los 15 d\u00edas siguientes a la fecha de entrega. Las devoluciones dentro [&hellip;]<\/p>\n","protected":false},"author":1,"featured_media":0,"parent":0,"menu_order":0,"comment_status":"closed","ping_status":"closed","template":"page-legal.php","meta":{"_acf_changed":false,"_joinchat":[],"footnotes":""},"class_list":["post-73","page","type-page","status-publish","hentry"],"acf":[],"yoast_head":"<!-- This site is optimized with the Yoast SEO Premium plugin v25.3 (Yoast SEO v27.4) - https:\/\/yoast.com\/product\/yoast-seo-premium-wordpress\/ -->\n<title>Preguntas frecuentes | A FAN OF<\/title>\n<meta name=\"description\" content=\"Encuentra respuestas a tus preguntas sobre nuestros abanicos personalizados en Preguntas Frecuentes. FAQ&#039;s A FAN OF:\" \/>\n<meta name=\"robots\" content=\"index, follow, max-snippet:-1, max-image-preview:large, max-video-preview:-1\" \/>\n<link rel=\"canonical\" href=\"https:\/\/afanof.eu\/es\/faqs\/\" \/>\n<meta property=\"og:locale\" content=\"es_ES\" \/>\n<meta property=\"og:type\" content=\"article\" \/>\n<meta property=\"og:title\" content=\"FAQ&#039;S\" \/>\n<meta property=\"og:description\" content=\"Encuentra respuestas a tus preguntas sobre nuestros abanicos personalizados en Preguntas Frecuentes. FAQ&#039;s A FAN OF:\" \/>\n<meta property=\"og:url\" content=\"https:\/\/afanof.eu\/es\/faqs\/\" \/>\n<meta property=\"og:site_name\" content=\"A FAN OF\" \/>\n<meta property=\"article:modified_time\" content=\"2024-06-14T10:19:13+00:00\" \/>\n<meta name=\"twitter:card\" content=\"summary_large_image\" \/>\n<meta name=\"twitter:label1\" content=\"Tiempo de lectura\" \/>\n\t<meta name=\"twitter:data1\" content=\"2 minutos\" \/>\n<script type=\"application\/ld+json\" class=\"yoast-schema-graph\">{\"@context\":\"https:\\\/\\\/schema.org\",\"@graph\":[{\"@type\":\"WebPage\",\"@id\":\"https:\\\/\\\/afanof.eu\\\/es\\\/faqs\\\/\",\"url\":\"https:\\\/\\\/afanof.eu\\\/es\\\/faqs\\\/\",\"name\":\"Preguntas frecuentes | A FAN OF\",\"isPartOf\":{\"@id\":\"https:\\\/\\\/afanof.eu\\\/es\\\/#website\"},\"datePublished\":\"2020-11-30T14:50:42+00:00\",\"dateModified\":\"2024-06-14T10:19:13+00:00\",\"description\":\"Encuentra respuestas a tus preguntas sobre nuestros abanicos personalizados en Preguntas Frecuentes. FAQ's A FAN OF:\",\"inLanguage\":\"es\",\"potentialAction\":[{\"@type\":\"ReadAction\",\"target\":[\"https:\\\/\\\/afanof.eu\\\/es\\\/faqs\\\/\"]}]},{\"@type\":\"WebSite\",\"@id\":\"https:\\\/\\\/afanof.eu\\\/es\\\/#website\",\"url\":\"https:\\\/\\\/afanof.eu\\\/es\\\/\",\"name\":\"A FAN OF\",\"description\":\"\",\"publisher\":{\"@id\":\"https:\\\/\\\/afanof.eu\\\/es\\\/#organization\"},\"potentialAction\":[{\"@type\":\"SearchAction\",\"target\":{\"@type\":\"EntryPoint\",\"urlTemplate\":\"https:\\\/\\\/afanof.eu\\\/es\\\/?s={search_term_string}\"},\"query-input\":{\"@type\":\"PropertyValueSpecification\",\"valueRequired\":true,\"valueName\":\"search_term_string\"}}],\"inLanguage\":\"es\"},{\"@type\":\"Organization\",\"@id\":\"https:\\\/\\\/afanof.eu\\\/es\\\/#organization\",\"name\":\"A Fan Of\",\"url\":\"https:\\\/\\\/afanof.eu\\\/es\\\/\",\"logo\":{\"@type\":\"ImageObject\",\"inLanguage\":\"es\",\"@id\":\"https:\\\/\\\/afanof.eu\\\/es\\\/#\\\/schema\\\/logo\\\/image\\\/\",\"url\":\"\",\"contentUrl\":\"\",\"caption\":\"A Fan Of\"},\"image\":{\"@id\":\"https:\\\/\\\/afanof.eu\\\/es\\\/#\\\/schema\\\/logo\\\/image\\\/\"}}]}<\/script>\n<!-- \/ Yoast SEO Premium plugin. -->","yoast_head_json":{"title":"Preguntas frecuentes | A FAN OF","description":"Encuentra respuestas a tus preguntas sobre nuestros abanicos personalizados en Preguntas Frecuentes. FAQ's A FAN OF:","robots":{"index":"index","follow":"follow","max-snippet":"max-snippet:-1","max-image-preview":"max-image-preview:large","max-video-preview":"max-video-preview:-1"},"canonical":"https:\/\/afanof.eu\/es\/faqs\/","og_locale":"es_ES","og_type":"article","og_title":"FAQ'S","og_description":"Encuentra respuestas a tus preguntas sobre nuestros abanicos personalizados en Preguntas Frecuentes. FAQ's A FAN OF:","og_url":"https:\/\/afanof.eu\/es\/faqs\/","og_site_name":"A FAN OF","article_modified_time":"2024-06-14T10:19:13+00:00","twitter_card":"summary_large_image","twitter_misc":{"Tiempo de lectura":"2 minutos"},"schema":{"@context":"https:\/\/schema.org","@graph":[{"@type":"WebPage","@id":"https:\/\/afanof.eu\/es\/faqs\/","url":"https:\/\/afanof.eu\/es\/faqs\/","name":"Preguntas frecuentes | A FAN OF","isPartOf":{"@id":"https:\/\/afanof.eu\/es\/#website"},"datePublished":"2020-11-30T14:50:42+00:00","dateModified":"2024-06-14T10:19:13+00:00","description":"Encuentra respuestas a tus preguntas sobre nuestros abanicos personalizados en Preguntas Frecuentes. FAQ's A FAN OF:","inLanguage":"es","potentialAction":[{"@type":"ReadAction","target":["https:\/\/afanof.eu\/es\/faqs\/"]}]},{"@type":"WebSite","@id":"https:\/\/afanof.eu\/es\/#website","url":"https:\/\/afanof.eu\/es\/","name":"A FAN OF","description":"","publisher":{"@id":"https:\/\/afanof.eu\/es\/#organization"},"potentialAction":[{"@type":"SearchAction","target":{"@type":"EntryPoint","urlTemplate":"https:\/\/afanof.eu\/es\/?s={search_term_string}"},"query-input":{"@type":"PropertyValueSpecification","valueRequired":true,"valueName":"search_term_string"}}],"inLanguage":"es"},{"@type":"Organization","@id":"https:\/\/afanof.eu\/es\/#organization","name":"A Fan Of","url":"https:\/\/afanof.eu\/es\/","logo":{"@type":"ImageObject","inLanguage":"es","@id":"https:\/\/afanof.eu\/es\/#\/schema\/logo\/image\/","url":"","contentUrl":"","caption":"A Fan Of"},"image":{"@id":"https:\/\/afanof.eu\/es\/#\/schema\/logo\/image\/"}}]}},"_links":{"self":[{"href":"https:\/\/afanof.eu\/es\/wp-json\/wp\/v2\/pages\/73","targetHints":{"allow":["GET"]}}],"collection":[{"href":"https:\/\/afanof.eu\/es\/wp-json\/wp\/v2\/pages"}],"about":[{"href":"https:\/\/afanof.eu\/es\/wp-json\/wp\/v2\/types\/page"}],"author":[{"embeddable":true,"href":"https:\/\/afanof.eu\/es\/wp-json\/wp\/v2\/users\/1"}],"replies":[{"embeddable":true,"href":"https:\/\/afanof.eu\/es\/wp-json\/wp\/v2\/comments?post=73"}],"version-history":[{"count":10,"href":"https:\/\/afanof.eu\/es\/wp-json\/wp\/v2\/pages\/73\/revisions"}],"predecessor-version":[{"id":10652,"href":"https:\/\/afanof.eu\/es\/wp-json\/wp\/v2\/pages\/73\/revisions\/10652"}],"wp:attachment":[{"href":"https:\/\/afanof.eu\/es\/wp-json\/wp\/v2\/media?parent=73"}],"curies":[{"name":"wp","href":"https:\/\/api.w.org\/{rel}","templated":true}]}}