	{"id":65,"date":"2020-11-30T15:48:18","date_gmt":"2020-11-30T14:48:18","guid":{"rendered":"https:\/\/afanof.eu\/?page_id=65"},"modified":"2024-07-08T15:01:51","modified_gmt":"2024-07-08T13:01:51","slug":"terminos-y-condiciones","status":"publish","type":"page","link":"https:\/\/afanof.eu\/es\/terminos-y-condiciones\/","title":{"rendered":"T\u00e9rminos y Condiciones"},"content":{"rendered":"<p><strong>T\u00c9RMINOS Y CONDICIONES<\/strong><br \/>IDENTIFICACI\u00d3N DEL TITULAR<\/p>\n<p>El propietario del sitio web afanof.eu es Agustina Design Studio S.L., una empresa espa\u00f1ola con CIF ESB67115055, inscrita en el Registro Comercial de Barcelona. Puede contactarnos en fan@afanof.eu.<\/p>\n<p><strong>ACEPTACI\u00d3N DE LAS CONDICIONES GENERALES<\/strong><\/p>\n<p>El acceso en este sitio web o su uso en cualquier forma implica la aceptaci\u00f3n de los t\u00e9rminos generales establecidos por Agustina Design Studio S.L. En consecuencia, el usuario ser\u00e1 responsable de leer los T\u00e9rminos y condiciones.<\/p>\n<p>El uso de determinados servicios tambi\u00e9n implica aceptaci\u00f3n, sin excepci\u00f3n, a las normas o instrucciones especiales que Agustina Design Studio S.L. pueda establecer una base ad hoc, para reemplazar o complementar estas condiciones generales.<\/p>\n<p>Las condiciones de uso de este sitio web son indefinidas. Agustina Design Studio S.L. se reserva el derecho unilateral de modificar el contenido.<\/p>\n<p><strong>DERECHOS DE PROPIEDAD INTELECTUAL Y INDUSTRIAL<\/strong><\/p>\n<p>Agustina Design Studio S.L. posee los derechos de explotaci\u00f3n de la propiedad intelectual de este sitio web. Agustina Design Studio S.L. tambi\u00e9n es titular de los derechos de propiedad intelectual, industrial e imagen del contenido disponible en este sitio web, o dispone de la autorizaci\u00f3n necesaria para poder utilizarlo. El acceso, navegaci\u00f3n y uso de este sitio web por parte del usuario no implica ning\u00fan tipo de renuncia, licencia o cesi\u00f3n de derechos por parte de Agustina Design Studio S.L.<\/p>\n<p>En consecuencia, no est\u00e1 permitido eliminar, ignorar o manipular el aviso de derechos de autor (\u201ccopyright\u201d) y cualquier otro dato que identifique los derechos de Agustina Design Studio S.L. o sus titulares incluidos en el contenido, as\u00ed como los dispositivos t\u00e9cnicos de protecci\u00f3n, huellas digitales o cualquier mecanismo o informaci\u00f3n identificativa que pudiera formar parte del contenido.<\/p>\n<p>Adem\u00e1s, est\u00e1 prohibido reproducir, modificar, reutilizar, explotar, publicar, cargar archivos, publicar, transmitir, usar, procesar o distribuir de cualquier manera todo o parte del contenido contenido en el sitio web con fines publicitarios o comerciales, si no se tiene el permiso expreso por escrito de Agustina Design Studio SL.<\/p>\n<p>El nombre afanof.eu y el logotipo correspondiente es una marca comercial y est\u00e1 prohibida cualquier reproducci\u00f3n o uso sin la autorizaci\u00f3n del propietario.<\/p>\n<p><strong>RESPONSABILIDAD AGUSTINA DESIGN STUDIO S.L.<\/strong><\/p>\n<p>Agustina Design Studio S.L. no se hace responsable en ning\u00fan caso de los da\u00f1os y perjuicios de cualquier naturaleza que pudieran ocasionarse por:<\/p>\n<p>indisponibilidad, mantenimiento y funcionamiento del sitio web o sus servicios o contenido;<br \/>falta de utilidad, adecuaci\u00f3n o validez del sitio web o sus servicios o contenido para satisfacer las necesidades, actividades o resultados o expectativas espec\u00edficos de los usuarios;<br \/>la existencia de virus en los contenidos u otros elementos que puedan alterar o da\u00f1ar los sistemas inform\u00e1ticos y \/ o datos del usuario;<br \/>cualquier uso de los contenidos por parte de los usuarios, especialmente los il\u00edcitos, negligentes, fraudulentos o contrarios a las presentes condiciones generales, la buena fe, los usos generalmente aceptados y el orden p\u00fablico;<br \/>la ilegalidad, falta de calidad, confiabilidad y disponibilidad de los servicios prestados por terceros y puestos a disposici\u00f3n del usuario o anunciados en el sitio web;<br \/>El incumplimiento por parte de terceros de sus obligaciones o compromisos en relaci\u00f3n con los servicios prestados a los usuarios a trav\u00e9s del sitio web.<br \/><strong>RESPONSABILIDAD DEL USUARIO<\/strong><\/p>\n<p>Se compromete a no utilizar el sitio web o la informaci\u00f3n en \u00e9l, a realizar actividades contrarias a la ley, a la moral o al orden p\u00fablico y, en general, a utilizarlo en las condiciones que establezca Agustina Design Studio S.L.<\/p>\n<p>Las vistas, contenidos y, en general, todas las actividades realizadas por el usuario, son de su exclusiva responsabilidad, Agustina Design Studio S.L. no es responsable de ning\u00fan da\u00f1o o p\u00e9rdida que surja de tales actividades.<\/p>\n<p><strong>SPAM<\/strong><\/p>\n<p>Queda terminantemente prohibido utilizar el sitio web para el env\u00edo de publicidad o comunicaciones comerciales, para la difusi\u00f3n de mensajes con finalidad publicitaria o para la captaci\u00f3n de datos con la misma finalidad.<\/p>\n<p><strong>MODIFICACI\u00d3N Y TERMINACI\u00d3N DE LOS SERVICIOS<\/strong><\/p>\n<p>Agustina Design Studio S.L. se reserva el derecho de modificar, suspender o dar por terminada la prestaci\u00f3n de servicios del contenido de afanof.eu, total o parcialmente, en cualquier momento, sin previo aviso a los usuarios del sitio web.<\/p>\n","protected":false},"excerpt":{"rendered":"<p>T\u00c9RMINOS Y CONDICIONESIDENTIFICACI\u00d3N DEL TITULAR El propietario del sitio web afanof.eu es Agustina Design Studio S.L., una empresa espa\u00f1ola con CIF ESB67115055, inscrita en el Registro Comercial de Barcelona. Puede contactarnos en fan@afanof.eu. ACEPTACI\u00d3N DE LAS CONDICIONES GENERALES El acceso en este sitio web o su uso en cualquier forma implica la aceptaci\u00f3n de los [&hellip;]<\/p>\n","protected":false},"author":1,"featured_media":0,"parent":0,"menu_order":0,"comment_status":"closed","ping_status":"closed","template":"page-legal.php","meta":{"_acf_changed":false,"_joinchat":[],"footnotes":""},"class_list":["post-65","page","type-page","status-publish","hentry"],"acf":[],"yoast_head":"<!-- This site is optimized with the Yoast SEO Premium plugin v25.3 (Yoast SEO v27.4) - https:\/\/yoast.com\/product\/yoast-seo-premium-wordpress\/ -->\n<title>T\u00e9rminos y condiciones | A FAN OF<\/title>\n<meta name=\"description\" content=\"Nuestros t\u00e9rminos y condiciones en A Fan Of. Compra con confianza\" \/>\n<meta name=\"robots\" content=\"index, follow, max-snippet:-1, max-image-preview:large, max-video-preview:-1\" \/>\n<link rel=\"canonical\" href=\"https:\/\/afanof.eu\/es\/terminos-y-condiciones\/\" \/>\n<meta property=\"og:locale\" content=\"es_ES\" \/>\n<meta property=\"og:type\" content=\"article\" \/>\n<meta property=\"og:title\" content=\"T\u00e9rminos y Condiciones\" \/>\n<meta property=\"og:description\" content=\"Nuestros t\u00e9rminos y condiciones en A Fan Of. Compra con confianza\" \/>\n<meta property=\"og:url\" content=\"https:\/\/afanof.eu\/es\/terminos-y-condiciones\/\" \/>\n<meta property=\"og:site_name\" content=\"A FAN OF\" \/>\n<meta property=\"article:modified_time\" content=\"2024-07-08T13:01:51+00:00\" \/>\n<meta name=\"twitter:card\" content=\"summary_large_image\" \/>\n<meta name=\"twitter:label1\" content=\"Tiempo de lectura\" \/>\n\t<meta name=\"twitter:data1\" content=\"4 minutos\" \/>\n<script type=\"application\/ld+json\" class=\"yoast-schema-graph\">{\"@context\":\"https:\\\/\\\/schema.org\",\"@graph\":[{\"@type\":\"WebPage\",\"@id\":\"https:\\\/\\\/afanof.eu\\\/es\\\/terminos-y-condiciones\\\/\",\"url\":\"https:\\\/\\\/afanof.eu\\\/es\\\/terminos-y-condiciones\\\/\",\"name\":\"T\u00e9rminos y condiciones | A FAN OF\",\"isPartOf\":{\"@id\":\"https:\\\/\\\/afanof.eu\\\/es\\\/#website\"},\"datePublished\":\"2020-11-30T14:48:18+00:00\",\"dateModified\":\"2024-07-08T13:01:51+00:00\",\"description\":\"Nuestros t\u00e9rminos y condiciones en A Fan Of. Compra con confianza\",\"inLanguage\":\"es\",\"potentialAction\":[{\"@type\":\"ReadAction\",\"target\":[\"https:\\\/\\\/afanof.eu\\\/es\\\/terminos-y-condiciones\\\/\"]}]},{\"@type\":\"WebSite\",\"@id\":\"https:\\\/\\\/afanof.eu\\\/es\\\/#website\",\"url\":\"https:\\\/\\\/afanof.eu\\\/es\\\/\",\"name\":\"A FAN OF\",\"description\":\"\",\"publisher\":{\"@id\":\"https:\\\/\\\/afanof.eu\\\/es\\\/#organization\"},\"potentialAction\":[{\"@type\":\"SearchAction\",\"target\":{\"@type\":\"EntryPoint\",\"urlTemplate\":\"https:\\\/\\\/afanof.eu\\\/es\\\/?s={search_term_string}\"},\"query-input\":{\"@type\":\"PropertyValueSpecification\",\"valueRequired\":true,\"valueName\":\"search_term_string\"}}],\"inLanguage\":\"es\"},{\"@type\":\"Organization\",\"@id\":\"https:\\\/\\\/afanof.eu\\\/es\\\/#organization\",\"name\":\"A Fan Of\",\"url\":\"https:\\\/\\\/afanof.eu\\\/es\\\/\",\"logo\":{\"@type\":\"ImageObject\",\"inLanguage\":\"es\",\"@id\":\"https:\\\/\\\/afanof.eu\\\/es\\\/#\\\/schema\\\/logo\\\/image\\\/\",\"url\":\"\",\"contentUrl\":\"\",\"caption\":\"A Fan Of\"},\"image\":{\"@id\":\"https:\\\/\\\/afanof.eu\\\/es\\\/#\\\/schema\\\/logo\\\/image\\\/\"}}]}<\/script>\n<!-- \/ Yoast SEO Premium plugin. -->","yoast_head_json":{"title":"T\u00e9rminos y condiciones | A FAN OF","description":"Nuestros t\u00e9rminos y condiciones en A Fan Of. Compra con confianza","robots":{"index":"index","follow":"follow","max-snippet":"max-snippet:-1","max-image-preview":"max-image-preview:large","max-video-preview":"max-video-preview:-1"},"canonical":"https:\/\/afanof.eu\/es\/terminos-y-condiciones\/","og_locale":"es_ES","og_type":"article","og_title":"T\u00e9rminos y Condiciones","og_description":"Nuestros t\u00e9rminos y condiciones en A Fan Of. Compra con confianza","og_url":"https:\/\/afanof.eu\/es\/terminos-y-condiciones\/","og_site_name":"A FAN OF","article_modified_time":"2024-07-08T13:01:51+00:00","twitter_card":"summary_large_image","twitter_misc":{"Tiempo de lectura":"4 minutos"},"schema":{"@context":"https:\/\/schema.org","@graph":[{"@type":"WebPage","@id":"https:\/\/afanof.eu\/es\/terminos-y-condiciones\/","url":"https:\/\/afanof.eu\/es\/terminos-y-condiciones\/","name":"T\u00e9rminos y condiciones | A FAN OF","isPartOf":{"@id":"https:\/\/afanof.eu\/es\/#website"},"datePublished":"2020-11-30T14:48:18+00:00","dateModified":"2024-07-08T13:01:51+00:00","description":"Nuestros t\u00e9rminos y condiciones en A Fan Of. Compra con confianza","inLanguage":"es","potentialAction":[{"@type":"ReadAction","target":["https:\/\/afanof.eu\/es\/terminos-y-condiciones\/"]}]},{"@type":"WebSite","@id":"https:\/\/afanof.eu\/es\/#website","url":"https:\/\/afanof.eu\/es\/","name":"A FAN OF","description":"","publisher":{"@id":"https:\/\/afanof.eu\/es\/#organization"},"potentialAction":[{"@type":"SearchAction","target":{"@type":"EntryPoint","urlTemplate":"https:\/\/afanof.eu\/es\/?s={search_term_string}"},"query-input":{"@type":"PropertyValueSpecification","valueRequired":true,"valueName":"search_term_string"}}],"inLanguage":"es"},{"@type":"Organization","@id":"https:\/\/afanof.eu\/es\/#organization","name":"A Fan Of","url":"https:\/\/afanof.eu\/es\/","logo":{"@type":"ImageObject","inLanguage":"es","@id":"https:\/\/afanof.eu\/es\/#\/schema\/logo\/image\/","url":"","contentUrl":"","caption":"A Fan Of"},"image":{"@id":"https:\/\/afanof.eu\/es\/#\/schema\/logo\/image\/"}}]}},"_links":{"self":[{"href":"https:\/\/afanof.eu\/es\/wp-json\/wp\/v2\/pages\/65","targetHints":{"allow":["GET"]}}],"collection":[{"href":"https:\/\/afanof.eu\/es\/wp-json\/wp\/v2\/pages"}],"about":[{"href":"https:\/\/afanof.eu\/es\/wp-json\/wp\/v2\/types\/page"}],"author":[{"embeddable":true,"href":"https:\/\/afanof.eu\/es\/wp-json\/wp\/v2\/users\/1"}],"replies":[{"embeddable":true,"href":"https:\/\/afanof.eu\/es\/wp-json\/wp\/v2\/comments?post=65"}],"version-history":[{"count":10,"href":"https:\/\/afanof.eu\/es\/wp-json\/wp\/v2\/pages\/65\/revisions"}],"predecessor-version":[{"id":10776,"href":"https:\/\/afanof.eu\/es\/wp-json\/wp\/v2\/pages\/65\/revisions\/10776"}],"wp:attachment":[{"href":"https:\/\/afanof.eu\/es\/wp-json\/wp\/v2\/media?parent=65"}],"curies":[{"name":"wp","href":"https:\/\/api.w.org\/{rel}","templated":true}]}}