	{"id":3,"date":"2020-09-22T08:24:26","date_gmt":"2020-09-22T06:24:26","guid":{"rendered":"https:\/\/afanof.eu\/?page_id=3"},"modified":"2023-07-13T16:36:23","modified_gmt":"2023-07-13T14:36:23","slug":"politica-privacidad","status":"publish","type":"page","link":"https:\/\/afanof.eu\/es\/politica-privacidad\/","title":{"rendered":"Pol\u00edtica de privacidad"},"content":{"rendered":"\n<section id=\"texto-block_e6f6d9e1fbb6377e0f2fe278720f4a1e\" class=\"section block bloque-texto\">\n\t<div class=\"section-wrapper\">\n\t\t<div class=\"container container-principal\">\n\t\t\t<div class=\"row justify-content-center\">\n\t\t\t\t<div class=\"col-lg-8\">\n\t\t\t\t\t\t\t\t\t    <div class=\"texto\">\n\t\t\t\t\t    <p><strong>Informaci\u00f3n personal<\/strong><\/p>\n<p>De acuerdo con la legislaci\u00f3n vigente en materia de protecci\u00f3n de datos y de servicios de la sociedad de la informaci\u00f3n y comercio electr\u00f3nico, el usuario acepta que los datos personales facilitados para realizar pedidos, registrarse, suscribirse a nuestra newsletter o acceder a cualquier otro servicio de este sitio web est\u00e1n incluidos en un archivo propiedad de esta empresa para los siguientes fines:<\/p>\n<ul>\n<li>para facilitar la prestaci\u00f3n de los servicios solicitados<\/li>\n<li>para identificar correctamente a los usuarios que solicitan servicios personalizados<\/li>\n<li>para estudios estad\u00edsticos de los usuarios para dise\u00f1ar mejoras en los servicios prestados<\/li>\n<li>para realizar tareas administrativas b\u00e1sicas<\/li>\n<li>y para mantenerle informado por correo electr\u00f3nico o por cualquier otro medio, noticias, productos y servicios relacionados con afanof.eu<\/li>\n<\/ul>\n<p>Si no desea que hagamos este tratamiento de sus datos personales, por favor inf\u00f3rmenos a trav\u00e9s de nuestro correo electr\u00f3nico o direcci\u00f3n postal en lo anterior. Cualquier usuario registrado puede en cualquier momento ejercitar el derecho de acceso, rectificaci\u00f3n y, en su caso, cancelar u oponerse al tratamiento de los datos personales facilitados por los medios antes indicados.<\/p>\n<p>Agustina Design Dtudio S.L. se compromete al cumplimiento de su obligaci\u00f3n de secreto de los datos personales y su deber de tratarlos como confidenciales, y asume, a tal efecto, medidas de car\u00e1cter t\u00e9cnico, organizativo y de seguridad para evitar su alteraci\u00f3n, p\u00e9rdida, tratamiento o acceso no autorizado, de acuerdo con la normativa vigente de protecci\u00f3n de datos y la dem\u00e1s legislaci\u00f3n aplicable.<\/p>\n<p>Usted garantiza ser mayor de 14 a\u00f1os y ser\u00e1 responsable de proporcionarle informaci\u00f3n veraz y l\u00edcita, reserv\u00e1ndose Agustina Design Studio S.L. el derecho a denegar el servicio a cualquier usuario que haya proporcionado informaci\u00f3n falsa, sin perjuicio de las dem\u00e1s acciones que establezca la ley.<\/p>\n<p><strong>Informaci\u00f3n sobre su tarjeta de cr\u00e9dito<\/strong><\/p>\n<p>Para garantizar su seguridad, Agustina Design Studio S.L. no almacenar\u00e1 ning\u00fan dato en su tarjeta de cr\u00e9dito. En el momento de tramitar su pedido, los datos de su tarjeta ser\u00e1n transmitidos, con la \u00fanica finalidad de realizar el pago de su pedido, a la entidad financiera seleccionada por Agustina Design Dtudio S.L. Su informaci\u00f3n est\u00e1 encriptada y transmitida de acuerdo con los \u00faltimos est\u00e1ndares de seguridad.<\/p>\n<p><strong>Producto y copyright<\/strong><\/p>\n<p>A FAN OF no garantiza que todos los art\u00edculos que se muestran en este sitio web est\u00e9n en stock en el momento de su pedido. En el caso de que un art\u00edculo no est\u00e9 disponible, A FAN OF se podr\u00e1 en contacto con usted por correo electr\u00f3nico. Los productos pueden eliminarse sin previo aviso, ya que los precios y las descripciones de los productos tambi\u00e9n pueden modificarse en cualquier momento. A FAN OF no puede prometer que el contenido del sitio est\u00e1 libre de inexactitudes o errores tipogr\u00e1ficos en todo momento. Tampoco podemos garantizar que toda la informaci\u00f3n est\u00e9 actualizada.<\/p>\n<p>Nuestro objetivo es mostrar los colores de nuestros productos con la mayor precisi\u00f3n posible; sin embargo, como la resoluci\u00f3n, los m\u00e9todos de impresi\u00f3n y la configuraci\u00f3n de la pantalla pueden afectar la forma en que se muestra un art\u00edculo, no se puede garantizar la precisi\u00f3n de los colores.<\/p>\n<p>Los derechos de autor de los documentos proporcionados en este sitio (incluido el texto, los nombres y descripciones de los productos, las im\u00e1genes, los folletos y el dise\u00f1o del sitio web) siguen siendo propiedad de A FAN OF y no pueden reproducirse sin el consentimiento previo por escrito. Para consultas de prensa, env\u00edenos un correo electr\u00f3nico a fan@afanof.eu<\/p>\n<p>A fan of es una empresa registrada a nombre de Agustina Design Studio S.L B67115055 en Potos\u00ed 1, 08030 Barcelona<\/p>\n\t\t\t\t\t<\/div>\n\t\t\t\t\t\n\t\t\t\t<\/div>\n\t\t\t\t<div class=\"col-12\">\n\t\t\t\t\t<div class=\"border-bottom border-negro border-5\"><\/div>\n\t\t\t\t<\/div>\n\t\t\t<\/div>\n\t\t<\/div>\n\t<\/div>\n<\/section>\n","protected":false},"excerpt":{"rendered":"","protected":false},"author":1,"featured_media":0,"parent":0,"menu_order":0,"comment_status":"closed","ping_status":"closed","template":"page-legal.php","meta":{"_acf_changed":false,"_joinchat":[],"footnotes":""},"class_list":["post-3","page","type-page","status-publish","hentry"],"acf":[],"yoast_head":"<!-- This site is optimized with the Yoast SEO Premium plugin v25.3 (Yoast SEO v27.4) - https:\/\/yoast.com\/product\/yoast-seo-premium-wordpress\/ -->\n<title>Pol\u00edtica de privacidad | A FAN OF<\/title>\n<meta name=\"description\" content=\"Para saber m\u00e1s sobre la pol\u00edtica de privacidad de A FAN OF. Compra con confianza en nuestra tienda online o contacta con nosotros.\" \/>\n<meta name=\"robots\" content=\"index, follow, max-snippet:-1, max-image-preview:large, max-video-preview:-1\" \/>\n<link rel=\"canonical\" href=\"https:\/\/afanof.eu\/es\/politica-privacidad\/\" \/>\n<meta property=\"og:locale\" content=\"es_ES\" \/>\n<meta property=\"og:type\" content=\"article\" \/>\n<meta property=\"og:title\" content=\"Pol\u00edtica de privacidad\" \/>\n<meta property=\"og:description\" content=\"Para saber m\u00e1s sobre la pol\u00edtica de privacidad de A FAN OF. Compra con confianza en nuestra tienda online o contacta con nosotros.\" \/>\n<meta property=\"og:url\" content=\"https:\/\/afanof.eu\/es\/politica-privacidad\/\" \/>\n<meta property=\"og:site_name\" content=\"A FAN OF\" \/>\n<meta property=\"article:modified_time\" content=\"2023-07-13T14:36:23+00:00\" \/>\n<meta name=\"twitter:card\" content=\"summary_large_image\" \/>\n<script type=\"application\/ld+json\" class=\"yoast-schema-graph\">{\"@context\":\"https:\\\/\\\/schema.org\",\"@graph\":[{\"@type\":\"WebPage\",\"@id\":\"https:\\\/\\\/afanof.eu\\\/es\\\/politica-privacidad\\\/\",\"url\":\"https:\\\/\\\/afanof.eu\\\/es\\\/politica-privacidad\\\/\",\"name\":\"Pol\u00edtica de privacidad | A FAN OF\",\"isPartOf\":{\"@id\":\"https:\\\/\\\/afanof.eu\\\/es\\\/#website\"},\"datePublished\":\"2020-09-22T06:24:26+00:00\",\"dateModified\":\"2023-07-13T14:36:23+00:00\",\"description\":\"Para saber m\u00e1s sobre la pol\u00edtica de privacidad de A FAN OF. Compra con confianza en nuestra tienda online o contacta con nosotros.\",\"inLanguage\":\"es\",\"potentialAction\":[{\"@type\":\"ReadAction\",\"target\":[\"https:\\\/\\\/afanof.eu\\\/es\\\/politica-privacidad\\\/\"]}]},{\"@type\":\"WebSite\",\"@id\":\"https:\\\/\\\/afanof.eu\\\/es\\\/#website\",\"url\":\"https:\\\/\\\/afanof.eu\\\/es\\\/\",\"name\":\"A FAN OF\",\"description\":\"\",\"publisher\":{\"@id\":\"https:\\\/\\\/afanof.eu\\\/es\\\/#organization\"},\"potentialAction\":[{\"@type\":\"SearchAction\",\"target\":{\"@type\":\"EntryPoint\",\"urlTemplate\":\"https:\\\/\\\/afanof.eu\\\/es\\\/?s={search_term_string}\"},\"query-input\":{\"@type\":\"PropertyValueSpecification\",\"valueRequired\":true,\"valueName\":\"search_term_string\"}}],\"inLanguage\":\"es\"},{\"@type\":\"Organization\",\"@id\":\"https:\\\/\\\/afanof.eu\\\/es\\\/#organization\",\"name\":\"A Fan Of\",\"url\":\"https:\\\/\\\/afanof.eu\\\/es\\\/\",\"logo\":{\"@type\":\"ImageObject\",\"inLanguage\":\"es\",\"@id\":\"https:\\\/\\\/afanof.eu\\\/es\\\/#\\\/schema\\\/logo\\\/image\\\/\",\"url\":\"\",\"contentUrl\":\"\",\"caption\":\"A Fan Of\"},\"image\":{\"@id\":\"https:\\\/\\\/afanof.eu\\\/es\\\/#\\\/schema\\\/logo\\\/image\\\/\"}}]}<\/script>\n<!-- \/ Yoast SEO Premium plugin. -->","yoast_head_json":{"title":"Pol\u00edtica de privacidad | A FAN OF","description":"Para saber m\u00e1s sobre la pol\u00edtica de privacidad de A FAN OF. Compra con confianza en nuestra tienda online o contacta con nosotros.","robots":{"index":"index","follow":"follow","max-snippet":"max-snippet:-1","max-image-preview":"max-image-preview:large","max-video-preview":"max-video-preview:-1"},"canonical":"https:\/\/afanof.eu\/es\/politica-privacidad\/","og_locale":"es_ES","og_type":"article","og_title":"Pol\u00edtica de privacidad","og_description":"Para saber m\u00e1s sobre la pol\u00edtica de privacidad de A FAN OF. Compra con confianza en nuestra tienda online o contacta con nosotros.","og_url":"https:\/\/afanof.eu\/es\/politica-privacidad\/","og_site_name":"A FAN OF","article_modified_time":"2023-07-13T14:36:23+00:00","twitter_card":"summary_large_image","schema":{"@context":"https:\/\/schema.org","@graph":[{"@type":"WebPage","@id":"https:\/\/afanof.eu\/es\/politica-privacidad\/","url":"https:\/\/afanof.eu\/es\/politica-privacidad\/","name":"Pol\u00edtica de privacidad | A FAN OF","isPartOf":{"@id":"https:\/\/afanof.eu\/es\/#website"},"datePublished":"2020-09-22T06:24:26+00:00","dateModified":"2023-07-13T14:36:23+00:00","description":"Para saber m\u00e1s sobre la pol\u00edtica de privacidad de A FAN OF. Compra con confianza en nuestra tienda online o contacta con nosotros.","inLanguage":"es","potentialAction":[{"@type":"ReadAction","target":["https:\/\/afanof.eu\/es\/politica-privacidad\/"]}]},{"@type":"WebSite","@id":"https:\/\/afanof.eu\/es\/#website","url":"https:\/\/afanof.eu\/es\/","name":"A FAN OF","description":"","publisher":{"@id":"https:\/\/afanof.eu\/es\/#organization"},"potentialAction":[{"@type":"SearchAction","target":{"@type":"EntryPoint","urlTemplate":"https:\/\/afanof.eu\/es\/?s={search_term_string}"},"query-input":{"@type":"PropertyValueSpecification","valueRequired":true,"valueName":"search_term_string"}}],"inLanguage":"es"},{"@type":"Organization","@id":"https:\/\/afanof.eu\/es\/#organization","name":"A Fan Of","url":"https:\/\/afanof.eu\/es\/","logo":{"@type":"ImageObject","inLanguage":"es","@id":"https:\/\/afanof.eu\/es\/#\/schema\/logo\/image\/","url":"","contentUrl":"","caption":"A Fan Of"},"image":{"@id":"https:\/\/afanof.eu\/es\/#\/schema\/logo\/image\/"}}]}},"_links":{"self":[{"href":"https:\/\/afanof.eu\/es\/wp-json\/wp\/v2\/pages\/3","targetHints":{"allow":["GET"]}}],"collection":[{"href":"https:\/\/afanof.eu\/es\/wp-json\/wp\/v2\/pages"}],"about":[{"href":"https:\/\/afanof.eu\/es\/wp-json\/wp\/v2\/types\/page"}],"author":[{"embeddable":true,"href":"https:\/\/afanof.eu\/es\/wp-json\/wp\/v2\/users\/1"}],"replies":[{"embeddable":true,"href":"https:\/\/afanof.eu\/es\/wp-json\/wp\/v2\/comments?post=3"}],"version-history":[{"count":19,"href":"https:\/\/afanof.eu\/es\/wp-json\/wp\/v2\/pages\/3\/revisions"}],"predecessor-version":[{"id":7672,"href":"https:\/\/afanof.eu\/es\/wp-json\/wp\/v2\/pages\/3\/revisions\/7672"}],"wp:attachment":[{"href":"https:\/\/afanof.eu\/es\/wp-json\/wp\/v2\/media?parent=3"}],"curies":[{"name":"wp","href":"https:\/\/api.w.org\/{rel}","templated":true}]}}