	{"id":2909,"date":"2022-01-13T16:40:08","date_gmt":"2022-01-13T15:40:08","guid":{"rendered":"https:\/\/afanof.eu\/?page_id=2909"},"modified":"2024-06-14T13:20:21","modified_gmt":"2024-06-14T11:20:21","slug":"personalizacion-tela-abanicos","status":"publish","type":"page","link":"https:\/\/afanof.eu\/es\/personalizacion-tela-abanicos\/","title":{"rendered":"Personalizaci\u00f3n tela abanico"},"content":{"rendered":"<p>En nuestro simulador web, puedes elegir el dise\u00f1o que prefieras y visualizarlo aplicado a la tela del abanico. Tambi\u00e9n puedes personalizar el dise\u00f1o elegido en color y tama\u00f1o del dibujo hasta dar con el estilo de abanico que m\u00e1s te guste.<\/p>\n","protected":false},"excerpt":{"rendered":"<p>En nuestro simulador web, puedes elegir el dise\u00f1o que prefieras y visualizarlo aplicado a la tela del abanico. Tambi\u00e9n puedes personalizar el dise\u00f1o elegido en color y tama\u00f1o del dibujo hasta dar con el estilo de abanico que m\u00e1s te guste.<\/p>\n","protected":false},"author":1,"featured_media":0,"parent":0,"menu_order":0,"comment_status":"closed","ping_status":"closed","template":"page-custom-prod.php","meta":{"_acf_changed":false,"_joinchat":[],"footnotes":""},"class_list":["post-2909","page","type-page","status-publish","hentry"],"acf":[],"yoast_head":"<!-- This site is optimized with the Yoast SEO Premium plugin v25.3 (Yoast SEO v27.3) - https:\/\/yoast.com\/product\/yoast-seo-premium-wordpress\/ -->\n<title>Personalizaci\u00f3n tela de abanicos | A FAN OF<\/title>\n<meta name=\"description\" content=\"Personalizaci\u00f3n la tela del abanico con nuestros estampados. Un estilo \u00fanico para eventos, bodas, marcas y museos.\" \/>\n<meta name=\"robots\" content=\"index, follow, max-snippet:-1, max-image-preview:large, max-video-preview:-1\" \/>\n<link rel=\"canonical\" href=\"https:\/\/afanof.eu\/es\/personalizacion-tela-abanicos\/\" \/>\n<meta property=\"og:locale\" content=\"es_ES\" \/>\n<meta property=\"og:type\" content=\"article\" \/>\n<meta property=\"og:title\" content=\"Personalizaci\u00f3n tela abanico\" \/>\n<meta property=\"og:description\" content=\"Personalizaci\u00f3n la tela del abanico con nuestros estampados. Un estilo \u00fanico para eventos, bodas, marcas y museos.\" \/>\n<meta property=\"og:url\" content=\"https:\/\/afanof.eu\/es\/personalizacion-tela-abanicos\/\" \/>\n<meta property=\"og:site_name\" content=\"A FAN OF\" \/>\n<meta property=\"article:modified_time\" content=\"2024-06-14T11:20:21+00:00\" \/>\n<meta name=\"twitter:card\" content=\"summary_large_image\" \/>\n<meta name=\"twitter:label1\" content=\"Tiempo de lectura\" \/>\n\t<meta name=\"twitter:data1\" content=\"1 minuto\" \/>\n<script type=\"application\/ld+json\" class=\"yoast-schema-graph\">{\"@context\":\"https:\\\/\\\/schema.org\",\"@graph\":[{\"@type\":\"WebPage\",\"@id\":\"https:\\\/\\\/afanof.eu\\\/es\\\/personalizacion-tela-abanicos\\\/\",\"url\":\"https:\\\/\\\/afanof.eu\\\/es\\\/personalizacion-tela-abanicos\\\/\",\"name\":\"Personalizaci\u00f3n tela de abanicos | A FAN OF\",\"isPartOf\":{\"@id\":\"https:\\\/\\\/afanof.eu\\\/es\\\/#website\"},\"datePublished\":\"2022-01-13T15:40:08+00:00\",\"dateModified\":\"2024-06-14T11:20:21+00:00\",\"description\":\"Personalizaci\u00f3n la tela del abanico con nuestros estampados. Un estilo \u00fanico para eventos, bodas, marcas y museos.\",\"inLanguage\":\"es\",\"potentialAction\":[{\"@type\":\"ReadAction\",\"target\":[\"https:\\\/\\\/afanof.eu\\\/es\\\/personalizacion-tela-abanicos\\\/\"]}]},{\"@type\":\"WebSite\",\"@id\":\"https:\\\/\\\/afanof.eu\\\/es\\\/#website\",\"url\":\"https:\\\/\\\/afanof.eu\\\/es\\\/\",\"name\":\"A FAN OF\",\"description\":\"\",\"publisher\":{\"@id\":\"https:\\\/\\\/afanof.eu\\\/es\\\/#organization\"},\"potentialAction\":[{\"@type\":\"SearchAction\",\"target\":{\"@type\":\"EntryPoint\",\"urlTemplate\":\"https:\\\/\\\/afanof.eu\\\/es\\\/?s={search_term_string}\"},\"query-input\":{\"@type\":\"PropertyValueSpecification\",\"valueRequired\":true,\"valueName\":\"search_term_string\"}}],\"inLanguage\":\"es\"},{\"@type\":\"Organization\",\"@id\":\"https:\\\/\\\/afanof.eu\\\/es\\\/#organization\",\"name\":\"A Fan Of\",\"url\":\"https:\\\/\\\/afanof.eu\\\/es\\\/\",\"logo\":{\"@type\":\"ImageObject\",\"inLanguage\":\"es\",\"@id\":\"https:\\\/\\\/afanof.eu\\\/es\\\/#\\\/schema\\\/logo\\\/image\\\/\",\"url\":\"\",\"contentUrl\":\"\",\"caption\":\"A Fan Of\"},\"image\":{\"@id\":\"https:\\\/\\\/afanof.eu\\\/es\\\/#\\\/schema\\\/logo\\\/image\\\/\"}}]}<\/script>\n<!-- \/ Yoast SEO Premium plugin. -->","yoast_head_json":{"title":"Personalizaci\u00f3n tela de abanicos | A FAN OF","description":"Personalizaci\u00f3n la tela del abanico con nuestros estampados. Un estilo \u00fanico para eventos, bodas, marcas y museos.","robots":{"index":"index","follow":"follow","max-snippet":"max-snippet:-1","max-image-preview":"max-image-preview:large","max-video-preview":"max-video-preview:-1"},"canonical":"https:\/\/afanof.eu\/es\/personalizacion-tela-abanicos\/","og_locale":"es_ES","og_type":"article","og_title":"Personalizaci\u00f3n tela abanico","og_description":"Personalizaci\u00f3n la tela del abanico con nuestros estampados. Un estilo \u00fanico para eventos, bodas, marcas y museos.","og_url":"https:\/\/afanof.eu\/es\/personalizacion-tela-abanicos\/","og_site_name":"A FAN OF","article_modified_time":"2024-06-14T11:20:21+00:00","twitter_card":"summary_large_image","twitter_misc":{"Tiempo de lectura":"1 minuto"},"schema":{"@context":"https:\/\/schema.org","@graph":[{"@type":"WebPage","@id":"https:\/\/afanof.eu\/es\/personalizacion-tela-abanicos\/","url":"https:\/\/afanof.eu\/es\/personalizacion-tela-abanicos\/","name":"Personalizaci\u00f3n tela de abanicos | A FAN OF","isPartOf":{"@id":"https:\/\/afanof.eu\/es\/#website"},"datePublished":"2022-01-13T15:40:08+00:00","dateModified":"2024-06-14T11:20:21+00:00","description":"Personalizaci\u00f3n la tela del abanico con nuestros estampados. Un estilo \u00fanico para eventos, bodas, marcas y museos.","inLanguage":"es","potentialAction":[{"@type":"ReadAction","target":["https:\/\/afanof.eu\/es\/personalizacion-tela-abanicos\/"]}]},{"@type":"WebSite","@id":"https:\/\/afanof.eu\/es\/#website","url":"https:\/\/afanof.eu\/es\/","name":"A FAN OF","description":"","publisher":{"@id":"https:\/\/afanof.eu\/es\/#organization"},"potentialAction":[{"@type":"SearchAction","target":{"@type":"EntryPoint","urlTemplate":"https:\/\/afanof.eu\/es\/?s={search_term_string}"},"query-input":{"@type":"PropertyValueSpecification","valueRequired":true,"valueName":"search_term_string"}}],"inLanguage":"es"},{"@type":"Organization","@id":"https:\/\/afanof.eu\/es\/#organization","name":"A Fan Of","url":"https:\/\/afanof.eu\/es\/","logo":{"@type":"ImageObject","inLanguage":"es","@id":"https:\/\/afanof.eu\/es\/#\/schema\/logo\/image\/","url":"","contentUrl":"","caption":"A Fan Of"},"image":{"@id":"https:\/\/afanof.eu\/es\/#\/schema\/logo\/image\/"}}]}},"_links":{"self":[{"href":"https:\/\/afanof.eu\/es\/wp-json\/wp\/v2\/pages\/2909","targetHints":{"allow":["GET"]}}],"collection":[{"href":"https:\/\/afanof.eu\/es\/wp-json\/wp\/v2\/pages"}],"about":[{"href":"https:\/\/afanof.eu\/es\/wp-json\/wp\/v2\/types\/page"}],"author":[{"embeddable":true,"href":"https:\/\/afanof.eu\/es\/wp-json\/wp\/v2\/users\/1"}],"replies":[{"embeddable":true,"href":"https:\/\/afanof.eu\/es\/wp-json\/wp\/v2\/comments?post=2909"}],"version-history":[{"count":9,"href":"https:\/\/afanof.eu\/es\/wp-json\/wp\/v2\/pages\/2909\/revisions"}],"predecessor-version":[{"id":10667,"href":"https:\/\/afanof.eu\/es\/wp-json\/wp\/v2\/pages\/2909\/revisions\/10667"}],"wp:attachment":[{"href":"https:\/\/afanof.eu\/es\/wp-json\/wp\/v2\/media?parent=2909"}],"curies":[{"name":"wp","href":"https:\/\/api.w.org\/{rel}","templated":true}]}}