	{"id":1470,"date":"2021-05-03T20:28:34","date_gmt":"2021-05-03T18:28:34","guid":{"rendered":"https:\/\/afanof.eu\/?page_id=1470"},"modified":"2024-06-14T12:22:54","modified_gmt":"2024-06-14T10:22:54","slug":"mayoristas-vender-abanicos","status":"publish","type":"page","link":"https:\/\/afanof.eu\/es\/mayoristas-vender-abanicos\/","title":{"rendered":"Mayoristas"},"content":{"rendered":"<h2>VENDE ABANICOS A FAN OF EN TU TIENDA<\/h2>\n<p>&nbsp;<\/p>\n<p>\u00bfTe gustar\u00eda ser uno de nuestros puntos de venta?<\/p>\n<p>\u00bfQuieres que dise\u00f1emos una colecci\u00f3n de abanicos para tu negocio o vender nuestra colecci\u00f3n?<\/p>\n<p>Rellena el formulario que encontraras a continuaci\u00f3n y nos pondremos en contacto contigo \ud83d\ude42<\/p>\n","protected":false},"excerpt":{"rendered":"<p>VENDE ABANICOS A FAN OF EN TU TIENDA &nbsp; \u00bfTe gustar\u00eda ser uno de nuestros puntos de venta? \u00bfQuieres que dise\u00f1emos una colecci\u00f3n de abanicos para tu negocio o vender nuestra colecci\u00f3n? Rellena el formulario que encontraras a continuaci\u00f3n y nos pondremos en contacto contigo \ud83d\ude42<\/p>\n","protected":false},"author":1,"featured_media":0,"parent":0,"menu_order":0,"comment_status":"closed","ping_status":"closed","template":"page-wholesale.php","meta":{"_acf_changed":false,"_joinchat":[],"footnotes":""},"class_list":["post-1470","page","type-page","status-publish","hentry"],"acf":[],"yoast_head":"<!-- This site is optimized with the Yoast SEO Premium plugin v25.3 (Yoast SEO v27.4) - https:\/\/yoast.com\/product\/yoast-seo-premium-wordpress\/ -->\n<title>Vende en tu tienda nuestros abanicos | A FAN OF<\/title>\n<meta name=\"description\" content=\"Contacta con nosotros para vender abanicos A FAN OF en tu tienda o si quieres que dise\u00f1emos una colecci\u00f3n para tu negocio.\" \/>\n<meta name=\"robots\" content=\"index, follow, max-snippet:-1, max-image-preview:large, max-video-preview:-1\" \/>\n<link rel=\"canonical\" href=\"https:\/\/afanof.eu\/es\/mayoristas-vender-abanicos\/\" \/>\n<meta property=\"og:locale\" content=\"es_ES\" \/>\n<meta property=\"og:type\" content=\"article\" \/>\n<meta property=\"og:title\" content=\"Mayoristas\" \/>\n<meta property=\"og:description\" content=\"Contacta con nosotros para vender abanicos A FAN OF en tu tienda o si quieres que dise\u00f1emos una colecci\u00f3n para tu negocio.\" \/>\n<meta property=\"og:url\" content=\"https:\/\/afanof.eu\/es\/mayoristas-vender-abanicos\/\" \/>\n<meta property=\"og:site_name\" content=\"A FAN OF\" \/>\n<meta property=\"article:modified_time\" content=\"2024-06-14T10:22:54+00:00\" \/>\n<meta name=\"twitter:card\" content=\"summary_large_image\" \/>\n<meta name=\"twitter:label1\" content=\"Tiempo de lectura\" \/>\n\t<meta name=\"twitter:data1\" content=\"1 minuto\" \/>\n<script type=\"application\/ld+json\" class=\"yoast-schema-graph\">{\"@context\":\"https:\\\/\\\/schema.org\",\"@graph\":[{\"@type\":\"WebPage\",\"@id\":\"https:\\\/\\\/afanof.eu\\\/es\\\/mayoristas-vender-abanicos\\\/\",\"url\":\"https:\\\/\\\/afanof.eu\\\/es\\\/mayoristas-vender-abanicos\\\/\",\"name\":\"Vende en tu tienda nuestros abanicos | A FAN OF\",\"isPartOf\":{\"@id\":\"https:\\\/\\\/afanof.eu\\\/es\\\/#website\"},\"datePublished\":\"2021-05-03T18:28:34+00:00\",\"dateModified\":\"2024-06-14T10:22:54+00:00\",\"description\":\"Contacta con nosotros para vender abanicos A FAN OF en tu tienda o si quieres que dise\u00f1emos una colecci\u00f3n para tu negocio.\",\"inLanguage\":\"es\",\"potentialAction\":[{\"@type\":\"ReadAction\",\"target\":[\"https:\\\/\\\/afanof.eu\\\/es\\\/mayoristas-vender-abanicos\\\/\"]}]},{\"@type\":\"WebSite\",\"@id\":\"https:\\\/\\\/afanof.eu\\\/es\\\/#website\",\"url\":\"https:\\\/\\\/afanof.eu\\\/es\\\/\",\"name\":\"A FAN OF\",\"description\":\"\",\"publisher\":{\"@id\":\"https:\\\/\\\/afanof.eu\\\/es\\\/#organization\"},\"potentialAction\":[{\"@type\":\"SearchAction\",\"target\":{\"@type\":\"EntryPoint\",\"urlTemplate\":\"https:\\\/\\\/afanof.eu\\\/es\\\/?s={search_term_string}\"},\"query-input\":{\"@type\":\"PropertyValueSpecification\",\"valueRequired\":true,\"valueName\":\"search_term_string\"}}],\"inLanguage\":\"es\"},{\"@type\":\"Organization\",\"@id\":\"https:\\\/\\\/afanof.eu\\\/es\\\/#organization\",\"name\":\"A Fan Of\",\"url\":\"https:\\\/\\\/afanof.eu\\\/es\\\/\",\"logo\":{\"@type\":\"ImageObject\",\"inLanguage\":\"es\",\"@id\":\"https:\\\/\\\/afanof.eu\\\/es\\\/#\\\/schema\\\/logo\\\/image\\\/\",\"url\":\"\",\"contentUrl\":\"\",\"caption\":\"A Fan Of\"},\"image\":{\"@id\":\"https:\\\/\\\/afanof.eu\\\/es\\\/#\\\/schema\\\/logo\\\/image\\\/\"}}]}<\/script>\n<!-- \/ Yoast SEO Premium plugin. -->","yoast_head_json":{"title":"Vende en tu tienda nuestros abanicos | A FAN OF","description":"Contacta con nosotros para vender abanicos A FAN OF en tu tienda o si quieres que dise\u00f1emos una colecci\u00f3n para tu negocio.","robots":{"index":"index","follow":"follow","max-snippet":"max-snippet:-1","max-image-preview":"max-image-preview:large","max-video-preview":"max-video-preview:-1"},"canonical":"https:\/\/afanof.eu\/es\/mayoristas-vender-abanicos\/","og_locale":"es_ES","og_type":"article","og_title":"Mayoristas","og_description":"Contacta con nosotros para vender abanicos A FAN OF en tu tienda o si quieres que dise\u00f1emos una colecci\u00f3n para tu negocio.","og_url":"https:\/\/afanof.eu\/es\/mayoristas-vender-abanicos\/","og_site_name":"A FAN OF","article_modified_time":"2024-06-14T10:22:54+00:00","twitter_card":"summary_large_image","twitter_misc":{"Tiempo de lectura":"1 minuto"},"schema":{"@context":"https:\/\/schema.org","@graph":[{"@type":"WebPage","@id":"https:\/\/afanof.eu\/es\/mayoristas-vender-abanicos\/","url":"https:\/\/afanof.eu\/es\/mayoristas-vender-abanicos\/","name":"Vende en tu tienda nuestros abanicos | A FAN OF","isPartOf":{"@id":"https:\/\/afanof.eu\/es\/#website"},"datePublished":"2021-05-03T18:28:34+00:00","dateModified":"2024-06-14T10:22:54+00:00","description":"Contacta con nosotros para vender abanicos A FAN OF en tu tienda o si quieres que dise\u00f1emos una colecci\u00f3n para tu negocio.","inLanguage":"es","potentialAction":[{"@type":"ReadAction","target":["https:\/\/afanof.eu\/es\/mayoristas-vender-abanicos\/"]}]},{"@type":"WebSite","@id":"https:\/\/afanof.eu\/es\/#website","url":"https:\/\/afanof.eu\/es\/","name":"A FAN OF","description":"","publisher":{"@id":"https:\/\/afanof.eu\/es\/#organization"},"potentialAction":[{"@type":"SearchAction","target":{"@type":"EntryPoint","urlTemplate":"https:\/\/afanof.eu\/es\/?s={search_term_string}"},"query-input":{"@type":"PropertyValueSpecification","valueRequired":true,"valueName":"search_term_string"}}],"inLanguage":"es"},{"@type":"Organization","@id":"https:\/\/afanof.eu\/es\/#organization","name":"A Fan Of","url":"https:\/\/afanof.eu\/es\/","logo":{"@type":"ImageObject","inLanguage":"es","@id":"https:\/\/afanof.eu\/es\/#\/schema\/logo\/image\/","url":"","contentUrl":"","caption":"A Fan Of"},"image":{"@id":"https:\/\/afanof.eu\/es\/#\/schema\/logo\/image\/"}}]}},"_links":{"self":[{"href":"https:\/\/afanof.eu\/es\/wp-json\/wp\/v2\/pages\/1470","targetHints":{"allow":["GET"]}}],"collection":[{"href":"https:\/\/afanof.eu\/es\/wp-json\/wp\/v2\/pages"}],"about":[{"href":"https:\/\/afanof.eu\/es\/wp-json\/wp\/v2\/types\/page"}],"author":[{"embeddable":true,"href":"https:\/\/afanof.eu\/es\/wp-json\/wp\/v2\/users\/1"}],"replies":[{"embeddable":true,"href":"https:\/\/afanof.eu\/es\/wp-json\/wp\/v2\/comments?post=1470"}],"version-history":[{"count":9,"href":"https:\/\/afanof.eu\/es\/wp-json\/wp\/v2\/pages\/1470\/revisions"}],"predecessor-version":[{"id":10653,"href":"https:\/\/afanof.eu\/es\/wp-json\/wp\/v2\/pages\/1470\/revisions\/10653"}],"wp:attachment":[{"href":"https:\/\/afanof.eu\/es\/wp-json\/wp\/v2\/media?parent=1470"}],"curies":[{"name":"wp","href":"https:\/\/api.w.org\/{rel}","templated":true}]}}