	{"id":12583,"date":"2025-10-31T17:36:58","date_gmt":"2025-10-31T16:36:58","guid":{"rendered":"https:\/\/afanof.eu\/?page_id=12583"},"modified":"2026-04-20T16:21:04","modified_gmt":"2026-04-20T14:21:04","slug":"proyectos-abanicos-a-medida","status":"publish","type":"page","link":"https:\/\/afanof.eu\/es\/proyectos-abanicos-a-medida\/","title":{"rendered":"Proyectos de Abanicos a medida"},"content":{"rendered":"<p><span style=\"text-decoration: underline;\"><a href=\"#bodas\">BODAS<\/a><\/span>: Dise\u00f1os \u00fanicos de abanico para que los invitados recuerden siempre el gran d\u00eda.<\/p>\n<p><span style=\"text-decoration: underline;\"><a href=\"#arte-y-museos\">ARTE Y MUSEOS<\/a><\/span>: Obras de arte aplicadas a la tela del abanico, el souvenir m\u00e1s preciado.<\/p>\n<p><span style=\"text-decoration: underline;\"><a href=\"#marcas\">MARCAS<\/a><\/span>: Colecciones a medida siguiendo la identidad y valores de la marca como complemento de moda<\/p>\n<p><span style=\"text-decoration: underline;\"><a href=\"#turismo-y-hoteles\">TURISMO Y HOTELES<\/a><\/span>: El abanico como obsequio a la vez que promoci\u00f3n.<\/p>\n","protected":false},"excerpt":{"rendered":"<p>BODAS: Dise\u00f1os \u00fanicos de abanico para que los invitados recuerden siempre el gran d\u00eda. ARTE Y MUSEOS: Obras de arte aplicadas a la tela del abanico, el souvenir m\u00e1s preciado. MARCAS: Colecciones a medida siguiendo la identidad y valores de la marca como complemento de moda TURISMO Y HOTELES: El abanico como obsequio a la [&hellip;]<\/p>\n","protected":false},"author":1,"featured_media":0,"parent":0,"menu_order":0,"comment_status":"closed","ping_status":"closed","template":"page-projects-custom.php","meta":{"_acf_changed":false,"_joinchat":[],"footnotes":""},"class_list":["post-12583","page","type-page","status-publish","hentry"],"acf":[],"yoast_head":"<!-- This site is optimized with the Yoast SEO Premium plugin v25.3 (Yoast SEO v27.5) - https:\/\/yoast.com\/product\/yoast-seo-premium-wordpress\/ -->\n<title>Proyectos de Abanicos a medida - A FAN OF<\/title>\n<meta name=\"robots\" content=\"index, follow, max-snippet:-1, max-image-preview:large, max-video-preview:-1\" \/>\n<link rel=\"canonical\" href=\"https:\/\/afanof.eu\/es\/proyectos-abanicos-a-medida\/\" \/>\n<meta property=\"og:locale\" content=\"es_ES\" \/>\n<meta property=\"og:type\" content=\"article\" \/>\n<meta property=\"og:title\" content=\"Proyectos de Abanicos a medida\" \/>\n<meta property=\"og:description\" content=\"BODAS: Dise\u00f1os \u00fanicos de abanico para que los invitados recuerden siempre el gran d\u00eda. ARTE Y MUSEOS: Obras de arte aplicadas a la tela del abanico, el souvenir m\u00e1s preciado. MARCAS: Colecciones a medida siguiendo la identidad y valores de la marca como complemento de moda TURISMO Y HOTELES: El abanico como obsequio a la [&hellip;]\" \/>\n<meta property=\"og:url\" content=\"https:\/\/afanof.eu\/es\/proyectos-abanicos-a-medida\/\" \/>\n<meta property=\"og:site_name\" content=\"A FAN OF\" \/>\n<meta property=\"article:modified_time\" content=\"2026-04-20T14:21:04+00:00\" \/>\n<meta name=\"twitter:card\" content=\"summary_large_image\" \/>\n<meta name=\"twitter:label1\" content=\"Tiempo de lectura\" \/>\n\t<meta name=\"twitter:data1\" content=\"17 minutos\" \/>\n<script type=\"application\/ld+json\" class=\"yoast-schema-graph\">{\"@context\":\"https:\\\/\\\/schema.org\",\"@graph\":[{\"@type\":\"WebPage\",\"@id\":\"https:\\\/\\\/afanof.eu\\\/es\\\/proyectos-abanicos-a-medida\\\/\",\"url\":\"https:\\\/\\\/afanof.eu\\\/es\\\/proyectos-abanicos-a-medida\\\/\",\"name\":\"Proyectos de Abanicos a medida - A FAN OF\",\"isPartOf\":{\"@id\":\"https:\\\/\\\/afanof.eu\\\/es\\\/#website\"},\"datePublished\":\"2025-10-31T16:36:58+00:00\",\"dateModified\":\"2026-04-20T14:21:04+00:00\",\"inLanguage\":\"es\",\"potentialAction\":[{\"@type\":\"ReadAction\",\"target\":[\"https:\\\/\\\/afanof.eu\\\/es\\\/proyectos-abanicos-a-medida\\\/\"]}]},{\"@type\":\"WebSite\",\"@id\":\"https:\\\/\\\/afanof.eu\\\/es\\\/#website\",\"url\":\"https:\\\/\\\/afanof.eu\\\/es\\\/\",\"name\":\"A FAN OF\",\"description\":\"\",\"publisher\":{\"@id\":\"https:\\\/\\\/afanof.eu\\\/es\\\/#organization\"},\"potentialAction\":[{\"@type\":\"SearchAction\",\"target\":{\"@type\":\"EntryPoint\",\"urlTemplate\":\"https:\\\/\\\/afanof.eu\\\/es\\\/?s={search_term_string}\"},\"query-input\":{\"@type\":\"PropertyValueSpecification\",\"valueRequired\":true,\"valueName\":\"search_term_string\"}}],\"inLanguage\":\"es\"},{\"@type\":\"Organization\",\"@id\":\"https:\\\/\\\/afanof.eu\\\/es\\\/#organization\",\"name\":\"A Fan Of\",\"url\":\"https:\\\/\\\/afanof.eu\\\/es\\\/\",\"logo\":{\"@type\":\"ImageObject\",\"inLanguage\":\"es\",\"@id\":\"https:\\\/\\\/afanof.eu\\\/es\\\/#\\\/schema\\\/logo\\\/image\\\/\",\"url\":\"\",\"contentUrl\":\"\",\"caption\":\"A Fan Of\"},\"image\":{\"@id\":\"https:\\\/\\\/afanof.eu\\\/es\\\/#\\\/schema\\\/logo\\\/image\\\/\"}}]}<\/script>\n<!-- \/ Yoast SEO Premium plugin. -->","yoast_head_json":{"title":"Proyectos de Abanicos a medida - A FAN OF","robots":{"index":"index","follow":"follow","max-snippet":"max-snippet:-1","max-image-preview":"max-image-preview:large","max-video-preview":"max-video-preview:-1"},"canonical":"https:\/\/afanof.eu\/es\/proyectos-abanicos-a-medida\/","og_locale":"es_ES","og_type":"article","og_title":"Proyectos de Abanicos a medida","og_description":"BODAS: Dise\u00f1os \u00fanicos de abanico para que los invitados recuerden siempre el gran d\u00eda. ARTE Y MUSEOS: Obras de arte aplicadas a la tela del abanico, el souvenir m\u00e1s preciado. MARCAS: Colecciones a medida siguiendo la identidad y valores de la marca como complemento de moda TURISMO Y HOTELES: El abanico como obsequio a la [&hellip;]","og_url":"https:\/\/afanof.eu\/es\/proyectos-abanicos-a-medida\/","og_site_name":"A FAN OF","article_modified_time":"2026-04-20T14:21:04+00:00","twitter_card":"summary_large_image","twitter_misc":{"Tiempo de lectura":"17 minutos"},"schema":{"@context":"https:\/\/schema.org","@graph":[{"@type":"WebPage","@id":"https:\/\/afanof.eu\/es\/proyectos-abanicos-a-medida\/","url":"https:\/\/afanof.eu\/es\/proyectos-abanicos-a-medida\/","name":"Proyectos de Abanicos a medida - A FAN OF","isPartOf":{"@id":"https:\/\/afanof.eu\/es\/#website"},"datePublished":"2025-10-31T16:36:58+00:00","dateModified":"2026-04-20T14:21:04+00:00","inLanguage":"es","potentialAction":[{"@type":"ReadAction","target":["https:\/\/afanof.eu\/es\/proyectos-abanicos-a-medida\/"]}]},{"@type":"WebSite","@id":"https:\/\/afanof.eu\/es\/#website","url":"https:\/\/afanof.eu\/es\/","name":"A FAN OF","description":"","publisher":{"@id":"https:\/\/afanof.eu\/es\/#organization"},"potentialAction":[{"@type":"SearchAction","target":{"@type":"EntryPoint","urlTemplate":"https:\/\/afanof.eu\/es\/?s={search_term_string}"},"query-input":{"@type":"PropertyValueSpecification","valueRequired":true,"valueName":"search_term_string"}}],"inLanguage":"es"},{"@type":"Organization","@id":"https:\/\/afanof.eu\/es\/#organization","name":"A Fan Of","url":"https:\/\/afanof.eu\/es\/","logo":{"@type":"ImageObject","inLanguage":"es","@id":"https:\/\/afanof.eu\/es\/#\/schema\/logo\/image\/","url":"","contentUrl":"","caption":"A Fan Of"},"image":{"@id":"https:\/\/afanof.eu\/es\/#\/schema\/logo\/image\/"}}]}},"_links":{"self":[{"href":"https:\/\/afanof.eu\/es\/wp-json\/wp\/v2\/pages\/12583","targetHints":{"allow":["GET"]}}],"collection":[{"href":"https:\/\/afanof.eu\/es\/wp-json\/wp\/v2\/pages"}],"about":[{"href":"https:\/\/afanof.eu\/es\/wp-json\/wp\/v2\/types\/page"}],"author":[{"embeddable":true,"href":"https:\/\/afanof.eu\/es\/wp-json\/wp\/v2\/users\/1"}],"replies":[{"embeddable":true,"href":"https:\/\/afanof.eu\/es\/wp-json\/wp\/v2\/comments?post=12583"}],"version-history":[{"count":29,"href":"https:\/\/afanof.eu\/es\/wp-json\/wp\/v2\/pages\/12583\/revisions"}],"predecessor-version":[{"id":13395,"href":"https:\/\/afanof.eu\/es\/wp-json\/wp\/v2\/pages\/12583\/revisions\/13395"}],"wp:attachment":[{"href":"https:\/\/afanof.eu\/es\/wp-json\/wp\/v2\/media?parent=12583"}],"curies":[{"name":"wp","href":"https:\/\/api.w.org\/{rel}","templated":true}]}}