	{"id":11196,"date":"2024-12-24T10:22:34","date_gmt":"2024-12-24T09:22:34","guid":{"rendered":"https:\/\/afanof.eu\/?page_id=11196"},"modified":"2025-11-04T09:33:35","modified_gmt":"2025-11-04T08:33:35","slug":"nueva-coleccion-2026","status":"publish","type":"page","link":"https:\/\/afanof.eu\/es\/nueva-coleccion-2026\/","title":{"rendered":"Nueva colecci\u00f3n 2026"},"content":{"rendered":"<h1>ARTE Y OBJETO<\/h1>\n<p>Una colecci\u00f3n que explora nuevas propuestas en materiales y formas. Una selecci\u00f3n de abanicos excepcionales que reinventa este objeto tradicional con un enfoque audaz y contempor\u00e1neo. Contacta con nosotros para m\u00e1s informaci\u00f3n <a href=\"#boxzilla-11222\"><span style=\"text-decoration: underline;\">aqui<\/span><\/a><\/p>\n","protected":false},"excerpt":{"rendered":"<p>ARTE Y OBJETO Una colecci\u00f3n que explora nuevas propuestas en materiales y formas. Una selecci\u00f3n de abanicos excepcionales que reinventa este objeto tradicional con un enfoque audaz y contempor\u00e1neo. Contacta con nosotros para m\u00e1s informaci\u00f3n aqui<\/p>\n","protected":false},"author":1,"featured_media":0,"parent":0,"menu_order":0,"comment_status":"closed","ping_status":"closed","template":"page-custom-shop-qr.php","meta":{"_acf_changed":false,"_joinchat":[],"footnotes":""},"class_list":["post-11196","page","type-page","status-publish","hentry"],"acf":[],"yoast_head":"<!-- This site is optimized with the Yoast SEO Premium plugin v25.3 (Yoast SEO v27.3) - https:\/\/yoast.com\/product\/yoast-seo-premium-wordpress\/ -->\n<title>Nueva colecci\u00f3n 2026 - A FAN OF<\/title>\n<meta name=\"robots\" content=\"index, follow, max-snippet:-1, max-image-preview:large, max-video-preview:-1\" \/>\n<link rel=\"canonical\" href=\"https:\/\/afanof.eu\/es\/nueva-coleccion-2026\/\" \/>\n<meta property=\"og:locale\" content=\"es_ES\" \/>\n<meta property=\"og:type\" content=\"article\" \/>\n<meta property=\"og:title\" content=\"Nueva colecci\u00f3n 2026\" \/>\n<meta property=\"og:description\" content=\"ARTE Y OBJETO Una colecci\u00f3n que explora nuevas propuestas en materiales y formas. Una selecci\u00f3n de abanicos excepcionales que reinventa este objeto tradicional con un enfoque audaz y contempor\u00e1neo. Contacta con nosotros para m\u00e1s informaci\u00f3n aqui\" \/>\n<meta property=\"og:url\" content=\"https:\/\/afanof.eu\/es\/nueva-coleccion-2026\/\" \/>\n<meta property=\"og:site_name\" content=\"A FAN OF\" \/>\n<meta property=\"article:modified_time\" content=\"2025-11-04T08:33:35+00:00\" \/>\n<meta name=\"twitter:card\" content=\"summary_large_image\" \/>\n<meta name=\"twitter:label1\" content=\"Tiempo de lectura\" \/>\n\t<meta name=\"twitter:data1\" content=\"1 minuto\" \/>\n<script type=\"application\/ld+json\" class=\"yoast-schema-graph\">{\"@context\":\"https:\\\/\\\/schema.org\",\"@graph\":[{\"@type\":\"WebPage\",\"@id\":\"https:\\\/\\\/afanof.eu\\\/es\\\/nueva-coleccion-2026\\\/\",\"url\":\"https:\\\/\\\/afanof.eu\\\/es\\\/nueva-coleccion-2026\\\/\",\"name\":\"Nueva colecci\u00f3n 2026 - A FAN OF\",\"isPartOf\":{\"@id\":\"https:\\\/\\\/afanof.eu\\\/es\\\/#website\"},\"datePublished\":\"2024-12-24T09:22:34+00:00\",\"dateModified\":\"2025-11-04T08:33:35+00:00\",\"inLanguage\":\"es\",\"potentialAction\":[{\"@type\":\"ReadAction\",\"target\":[\"https:\\\/\\\/afanof.eu\\\/es\\\/nueva-coleccion-2026\\\/\"]}]},{\"@type\":\"WebSite\",\"@id\":\"https:\\\/\\\/afanof.eu\\\/es\\\/#website\",\"url\":\"https:\\\/\\\/afanof.eu\\\/es\\\/\",\"name\":\"A FAN OF\",\"description\":\"\",\"publisher\":{\"@id\":\"https:\\\/\\\/afanof.eu\\\/es\\\/#organization\"},\"potentialAction\":[{\"@type\":\"SearchAction\",\"target\":{\"@type\":\"EntryPoint\",\"urlTemplate\":\"https:\\\/\\\/afanof.eu\\\/es\\\/?s={search_term_string}\"},\"query-input\":{\"@type\":\"PropertyValueSpecification\",\"valueRequired\":true,\"valueName\":\"search_term_string\"}}],\"inLanguage\":\"es\"},{\"@type\":\"Organization\",\"@id\":\"https:\\\/\\\/afanof.eu\\\/es\\\/#organization\",\"name\":\"A Fan Of\",\"url\":\"https:\\\/\\\/afanof.eu\\\/es\\\/\",\"logo\":{\"@type\":\"ImageObject\",\"inLanguage\":\"es\",\"@id\":\"https:\\\/\\\/afanof.eu\\\/es\\\/#\\\/schema\\\/logo\\\/image\\\/\",\"url\":\"\",\"contentUrl\":\"\",\"caption\":\"A Fan Of\"},\"image\":{\"@id\":\"https:\\\/\\\/afanof.eu\\\/es\\\/#\\\/schema\\\/logo\\\/image\\\/\"}}]}<\/script>\n<!-- \/ Yoast SEO Premium plugin. -->","yoast_head_json":{"title":"Nueva colecci\u00f3n 2026 - A FAN OF","robots":{"index":"index","follow":"follow","max-snippet":"max-snippet:-1","max-image-preview":"max-image-preview:large","max-video-preview":"max-video-preview:-1"},"canonical":"https:\/\/afanof.eu\/es\/nueva-coleccion-2026\/","og_locale":"es_ES","og_type":"article","og_title":"Nueva colecci\u00f3n 2026","og_description":"ARTE Y OBJETO Una colecci\u00f3n que explora nuevas propuestas en materiales y formas. Una selecci\u00f3n de abanicos excepcionales que reinventa este objeto tradicional con un enfoque audaz y contempor\u00e1neo. Contacta con nosotros para m\u00e1s informaci\u00f3n aqui","og_url":"https:\/\/afanof.eu\/es\/nueva-coleccion-2026\/","og_site_name":"A FAN OF","article_modified_time":"2025-11-04T08:33:35+00:00","twitter_card":"summary_large_image","twitter_misc":{"Tiempo de lectura":"1 minuto"},"schema":{"@context":"https:\/\/schema.org","@graph":[{"@type":"WebPage","@id":"https:\/\/afanof.eu\/es\/nueva-coleccion-2026\/","url":"https:\/\/afanof.eu\/es\/nueva-coleccion-2026\/","name":"Nueva colecci\u00f3n 2026 - A FAN OF","isPartOf":{"@id":"https:\/\/afanof.eu\/es\/#website"},"datePublished":"2024-12-24T09:22:34+00:00","dateModified":"2025-11-04T08:33:35+00:00","inLanguage":"es","potentialAction":[{"@type":"ReadAction","target":["https:\/\/afanof.eu\/es\/nueva-coleccion-2026\/"]}]},{"@type":"WebSite","@id":"https:\/\/afanof.eu\/es\/#website","url":"https:\/\/afanof.eu\/es\/","name":"A FAN OF","description":"","publisher":{"@id":"https:\/\/afanof.eu\/es\/#organization"},"potentialAction":[{"@type":"SearchAction","target":{"@type":"EntryPoint","urlTemplate":"https:\/\/afanof.eu\/es\/?s={search_term_string}"},"query-input":{"@type":"PropertyValueSpecification","valueRequired":true,"valueName":"search_term_string"}}],"inLanguage":"es"},{"@type":"Organization","@id":"https:\/\/afanof.eu\/es\/#organization","name":"A Fan Of","url":"https:\/\/afanof.eu\/es\/","logo":{"@type":"ImageObject","inLanguage":"es","@id":"https:\/\/afanof.eu\/es\/#\/schema\/logo\/image\/","url":"","contentUrl":"","caption":"A Fan Of"},"image":{"@id":"https:\/\/afanof.eu\/es\/#\/schema\/logo\/image\/"}}]}},"_links":{"self":[{"href":"https:\/\/afanof.eu\/es\/wp-json\/wp\/v2\/pages\/11196","targetHints":{"allow":["GET"]}}],"collection":[{"href":"https:\/\/afanof.eu\/es\/wp-json\/wp\/v2\/pages"}],"about":[{"href":"https:\/\/afanof.eu\/es\/wp-json\/wp\/v2\/types\/page"}],"author":[{"embeddable":true,"href":"https:\/\/afanof.eu\/es\/wp-json\/wp\/v2\/users\/1"}],"replies":[{"embeddable":true,"href":"https:\/\/afanof.eu\/es\/wp-json\/wp\/v2\/comments?post=11196"}],"version-history":[{"count":17,"href":"https:\/\/afanof.eu\/es\/wp-json\/wp\/v2\/pages\/11196\/revisions"}],"predecessor-version":[{"id":12577,"href":"https:\/\/afanof.eu\/es\/wp-json\/wp\/v2\/pages\/11196\/revisions\/12577"}],"wp:attachment":[{"href":"https:\/\/afanof.eu\/es\/wp-json\/wp\/v2\/media?parent=11196"}],"curies":[{"name":"wp","href":"https:\/\/api.w.org\/{rel}","templated":true}]}}